{"id":188,"date":"2025-04-28T12:18:13","date_gmt":"2025-04-28T12:18:13","guid":{"rendered":"https:\/\/casinobeats.com\/de\/?page_id=188"},"modified":"2026-03-24T21:58:53","modified_gmt":"2026-03-24T19:58:53","slug":"redaktionsrichtlinien","status":"publish","type":"page","link":"https:\/\/casinobeats.com\/de\/redaktionsrichtlinien\/","title":{"rendered":"Redaktionsrichtlinien"},"content":{"rendered":"\n<p>CasinoBeats liefert unabh\u00e4ngige, vertrauensw\u00fcrdige Berichte \u00fcber die Online-Gl\u00fccksspielbranche. Unser Team befolgt strenge Richtlinien, um eine genaue, unvoreingenommene Berichterstattung \u00fcber Casinos, Spiele und Entwicklungen in der Branche zu gew\u00e4hrleisten. Wir bewahren vollst\u00e4ndige redaktionelle Unabh\u00e4ngigkeit, so dass unsere Journalisten ohne Druck von au\u00dfen \u00fcber Geschichten berichten k\u00f6nnen.<\/p>\n\n\n\n<h2 class=\"wp-block-heading\">Wie wir arbeiten<\/h2>\n\n\n\n<p>Unser Prozess beginnt mit gr\u00fcndlicher Recherche. Bevor wir Inhalte ver\u00f6ffentlichen, \u00fcberpr\u00fcfen unsere Gl\u00fccksspielexperten und Journalisten:<\/p>\n\n\n\n<ul class=\"wp-block-list\">\n<li>Informationen direkt mit den Betreibern und Anbietern verifizieren<\/li>\n\n\n\n<li>Casino-Plattformen und Spiele aus erster Hand testen<\/li>\n\n\n\n<li>Branchendaten mit offiziellen Quellen abgleichen<\/li>\n\n\n\n<li>Alle Behauptungen und Statistiken auf ihre Richtigkeit \u00fcberpr\u00fcfen<\/li>\n<\/ul>\n\n\n\n<h2 class=\"wp-block-heading\">Redaktionelle Unabh\u00e4ngigkeit<\/h2>\n\n\n\n<p>Wir arbeiten zwar mit Werbepartnern zusammen und k\u00f6nnen durch Affiliate-Links Provisionen erhalten, dies beeinflusst jedoch niemals unsere Berichterstattung. So bewahren wir unsere Unabh\u00e4ngigkeit:<\/p>\n\n\n\n<ul class=\"wp-block-list\">\n<li>Vollst\u00e4ndige Trennung zwischen kommerziellen und redaktionellen Teams<\/li>\n\n\n\n<li>Keine bezahlten Bewertungen oder garantierte Berichterstattung<\/li>\n\n\n\n<li>Partner k\u00f6nnen unsere Bewertungen oder Empfehlungen nicht beeinflussen<\/li>\n\n\n\n<li>Redaktionelle Entscheidungen basieren ausschlie\u00dflich auf dem Verdienst und dem Wert der Leser<\/li>\n<\/ul>\n\n\n\n<h2 class=\"wp-block-heading\">Arten von Inhalten<\/h2>\n\n\n\n<p>CasinoBeats ver\u00f6ffentlicht die folgenden Arten von Inhalten auf seiner Website:<\/p>\n\n\n\n<h3 class=\"wp-block-heading\">Nachrichten<\/h3>\n\n\n\n<p>Unsere t\u00e4glichen Nachrichten konzentrieren sich auf die sachliche Berichterstattung \u00fcber Branchenentwicklungen, regulatorische \u00c4nderungen und Plattform-Updates.<\/p>\n\n\n\n<h3 class=\"wp-block-heading\">Bewertungen und Empfehlungen<\/h3>\n\n\n\n<p>Jede Casino- und Spielbewertung spiegelt echte Tests und Analysen wider. Wir akzeptieren niemals Zahlungen f\u00fcr Rezensionen.<\/p>\n\n\n\n<h3 class=\"wp-block-heading\">Gesponserte Inhalte<\/h3>\n\n\n\n<p>Gesponserte Inhalte sind klar gekennzeichnet und unterliegen den gleichen Standards der Faktenpr\u00fcfung wie unsere regul\u00e4re Berichterstattung. Wir behalten die redaktionelle Kontrolle \u00fcber alle Inhalte, ob gesponsert oder nicht.<\/p>\n\n\n\n<h2 class=\"wp-block-heading\">Aktualisierungen und Korrekturen<\/h2>\n\n\n\n<p>Wir legen Wert auf Transparenz und Genauigkeit. Deshalb aktualisieren wir Artikel regelm\u00e4\u00dfig, um sicherzustellen, dass:<\/p>\n\n\n\n<ul class=\"wp-block-list\">\n<li>Sachliche Fehler werden korrigiert<\/li>\n\n\n\n<li>Details zu Angeboten und Aktionen auf dem neuesten Stand<\/li>\n\n\n\n<li>Die Seite spiegelt unsere aktuelle Meinung zu einem bestimmten Spiel oder Betreiber wider<\/li>\n<\/ul>\n\n\n\n<h2 class=\"wp-block-heading\">Unsere Verantwortung<\/h2>\n\n\n\n<p>Als vertrauensw\u00fcrdige Stimme in der Berichterstattung \u00fcber Online-Gl\u00fccksspiele nehmen wir unsere Rolle ernst. Unser Ziel ist es:<\/p>\n\n\n\n<ul class=\"wp-block-list\">\n<li>Den Lesern zu helfen, fundierte Entscheidungen dar\u00fcber zu treffen, wo sie spielen<\/li>\n\n\n\n<li>Verantwortungsbewusstes Spielverhalten zu f\u00f6rdern<\/li>\n\n\n\n<li>Hohe journalistische Standards aufrechtzuerhalten<\/li>\n\n\n\n<li>Ein gesundes Gl\u00fccksspiel-\u00d6kosystem zu unterst\u00fctzen<\/li>\n<\/ul>\n\n\n\n<p>Sie haben Feedback zu unserer Berichterstattung? Wir freuen uns \u00fcber Ihre Anregungen und nutzen sie, um unseren Service zu verbessern. Weitere Informationen finden Sie auf unserer <a href=\"https:\/\/casinobeats.com\/de\/contact-us\/\">Kontakt Seite<\/a>.<\/p>\n","protected":false},"excerpt":{"rendered":"<p>CasinoBeats liefert unabh\u00e4ngige, vertrauensw\u00fcrdige Berichte \u00fcber die Online-Gl\u00fccksspielbranche. Unser Team befolgt strenge Richtlinien, um eine genaue, unvoreingenommene Berichterstattung \u00fcber Casinos, Spiele und Entwicklungen in der Branche zu gew\u00e4hrleisten. Wir bewahren vollst\u00e4ndige redaktionelle Unabh\u00e4ngigkeit, so dass unsere Journalisten ohne Druck von au\u00dfen \u00fcber Geschichten berichten k\u00f6nnen. Wie wir arbeiten Unser Prozess beginnt mit gr\u00fcndlicher Recherche. Bevor [&hellip;]<\/p>\n","protected":false},"author":76,"featured_media":79577,"parent":0,"menu_order":0,"comment_status":"closed","ping_status":"closed","template":"","meta":{"_acf_changed":false,"inline_featured_image":false,"_lmt_disableupdate":"yes","_lmt_disable":"","footnotes":""},"categories":[],"class_list":["post-188","page","type-page","status-publish","has-post-thumbnail","hentry"],"acf":[],"yoast_head":"<!-- This site is optimized with the Yoast SEO plugin v27.2 - https:\/\/yoast.com\/product\/yoast-seo-wordpress\/ -->\n<title>Redaktionsrichtlinien - CasinoBeats Deutschland<\/title>\n<meta name=\"robots\" content=\"index, follow, max-snippet:-1, max-image-preview:large, max-video-preview:-1\" \/>\n<link rel=\"canonical\" href=\"https:\/\/casinobeats.com\/de\/redaktionsrichtlinien\/\" \/>\n<meta property=\"og:locale\" content=\"de_DE\" \/>\n<meta property=\"og:type\" content=\"article\" \/>\n<meta property=\"og:title\" content=\"Redaktionsrichtlinien - CasinoBeats Deutschland\" \/>\n<meta property=\"og:url\" content=\"https:\/\/casinobeats.com\/de\/redaktionsrichtlinien\/\" \/>\n<meta property=\"og:site_name\" content=\"CasinoBeats Deutschland\" \/>\n<meta property=\"article:modified_time\" content=\"2026-03-24T19:58:53+00:00\" \/>\n<meta property=\"og:image\" content=\"https:\/\/casinobeats.com\/de\/wp-content\/uploads\/sites\/2\/2026\/03\/placeholder.webp\" \/>\n\t<meta property=\"og:image:width\" content=\"1035\" \/>\n\t<meta property=\"og:image:height\" content=\"645\" \/>\n\t<meta property=\"og:image:type\" content=\"image\/webp\" \/>\n<meta name=\"twitter:card\" content=\"summary_large_image\" \/>\n<meta name=\"twitter:label1\" content=\"Gesch\u00e4tzte Lesezeit\" \/>\n\t<meta name=\"twitter:data1\" content=\"3\u00a0Minuten\" \/>\n<script type=\"application\/ld+json\" class=\"yoast-schema-graph\">{\"@context\":\"https:\/\/schema.org\",\"@graph\":[{\"@type\":\"Article\",\"@id\":\"https:\/\/casinobeats.com\/de\/redaktionsrichtlinien\/#article\",\"isPartOf\":{\"@id\":\"https:\/\/casinobeats.com\/de\/redaktionsrichtlinien\/\"},\"author\":{\"name\":\"Editorial Team\",\"@id\":\"https:\/\/casinobeats.com\/de\/#\/schema\/person\/07e433bb08e5a446233f792f0c766821\"},\"headline\":\"Redaktionsrichtlinien\",\"datePublished\":\"2025-04-28T12:18:13+00:00\",\"dateModified\":\"2026-03-24T19:58:53+00:00\",\"mainEntityOfPage\":{\"@id\":\"https:\/\/casinobeats.com\/de\/redaktionsrichtlinien\/\"},\"wordCount\":376,\"image\":{\"@id\":\"https:\/\/casinobeats.com\/de\/redaktionsrichtlinien\/#primaryimage\"},\"thumbnailUrl\":\"https:\/\/casinobeats.com\/de\/wp-content\/uploads\/sites\/2\/2026\/03\/placeholder.webp\",\"inLanguage\":\"de\"},{\"@type\":\"WebPage\",\"@id\":\"https:\/\/casinobeats.com\/de\/redaktionsrichtlinien\/\",\"url\":\"https:\/\/casinobeats.com\/de\/redaktionsrichtlinien\/\",\"name\":\"Redaktionsrichtlinien - CasinoBeats Deutschland\",\"isPartOf\":{\"@id\":\"https:\/\/casinobeats.com\/de\/#website\"},\"primaryImageOfPage\":{\"@id\":\"https:\/\/casinobeats.com\/de\/redaktionsrichtlinien\/#primaryimage\"},\"image\":{\"@id\":\"https:\/\/casinobeats.com\/de\/redaktionsrichtlinien\/#primaryimage\"},\"thumbnailUrl\":\"https:\/\/casinobeats.com\/de\/wp-content\/uploads\/sites\/2\/2026\/03\/placeholder.webp\",\"datePublished\":\"2025-04-28T12:18:13+00:00\",\"dateModified\":\"2026-03-24T19:58:53+00:00\",\"breadcrumb\":{\"@id\":\"https:\/\/casinobeats.com\/de\/redaktionsrichtlinien\/#breadcrumb\"},\"inLanguage\":\"de\",\"potentialAction\":[{\"@type\":\"ReadAction\",\"target\":[\"https:\/\/casinobeats.com\/de\/redaktionsrichtlinien\/\"]}]},{\"@type\":\"ImageObject\",\"inLanguage\":\"de\",\"@id\":\"https:\/\/casinobeats.com\/de\/redaktionsrichtlinien\/#primaryimage\",\"url\":\"https:\/\/casinobeats.com\/de\/wp-content\/uploads\/sites\/2\/2026\/03\/placeholder.webp\",\"contentUrl\":\"https:\/\/casinobeats.com\/de\/wp-content\/uploads\/sites\/2\/2026\/03\/placeholder.webp\",\"width\":1035,\"height\":645},{\"@type\":\"BreadcrumbList\",\"@id\":\"https:\/\/casinobeats.com\/de\/redaktionsrichtlinien\/#breadcrumb\",\"itemListElement\":[{\"@type\":\"ListItem\",\"position\":1,\"name\":\"Home\",\"item\":\"https:\/\/casinobeats.com\/de\/\"},{\"@type\":\"ListItem\",\"position\":2,\"name\":\"Redaktionsrichtlinien\"}]},{\"@type\":\"WebSite\",\"@id\":\"https:\/\/casinobeats.com\/de\/#website\",\"url\":\"https:\/\/casinobeats.com\/de\/\",\"name\":\"CasinoBeats Deutschland\",\"description\":\"\",\"potentialAction\":[{\"@type\":\"SearchAction\",\"target\":{\"@type\":\"EntryPoint\",\"urlTemplate\":\"https:\/\/casinobeats.com\/de\/?s={search_term_string}\"},\"query-input\":{\"@type\":\"PropertyValueSpecification\",\"valueRequired\":true,\"valueName\":\"search_term_string\"}}],\"inLanguage\":\"de\"},{\"@type\":\"Person\",\"@id\":\"https:\/\/casinobeats.com\/de\/#\/schema\/person\/07e433bb08e5a446233f792f0c766821\",\"name\":\"Editorial Team\",\"image\":{\"@type\":\"ImageObject\",\"inLanguage\":\"de\",\"@id\":\"https:\/\/casinobeats.com\/wp-content\/uploads\/2023\/05\/default-image-96x96.jpg\",\"url\":\"https:\/\/casinobeats.com\/wp-content\/uploads\/2023\/05\/default-image-96x96.jpg\",\"contentUrl\":\"https:\/\/casinobeats.com\/wp-content\/uploads\/2023\/05\/default-image-96x96.jpg\",\"caption\":\"Editorial Team\"},\"description\":\"At Casinobeats, we are proud to have a team of industry experts who bring a wealth of knowledge and experience to our editorial content. Constantly on the lookout for new developments and the best promotions.\",\"url\":\"https:\/\/casinobeats.com\/de\/author\/editorialteam\/\"}]}<\/script>\n<!-- \/ Yoast SEO plugin. -->","yoast_head_json":{"title":"Redaktionsrichtlinien - CasinoBeats Deutschland","robots":{"index":"index","follow":"follow","max-snippet":"max-snippet:-1","max-image-preview":"max-image-preview:large","max-video-preview":"max-video-preview:-1"},"canonical":"https:\/\/casinobeats.com\/de\/redaktionsrichtlinien\/","og_locale":"de_DE","og_type":"article","og_title":"Redaktionsrichtlinien - CasinoBeats Deutschland","og_url":"https:\/\/casinobeats.com\/de\/redaktionsrichtlinien\/","og_site_name":"CasinoBeats Deutschland","article_modified_time":"2026-03-24T19:58:53+00:00","og_image":[{"width":1035,"height":645,"url":"https:\/\/casinobeats.com\/de\/wp-content\/uploads\/sites\/2\/2026\/03\/placeholder.webp","type":"image\/webp"}],"twitter_card":"summary_large_image","twitter_misc":{"Gesch\u00e4tzte Lesezeit":"3\u00a0Minuten"},"schema":{"@context":"https:\/\/schema.org","@graph":[{"@type":"Article","@id":"https:\/\/casinobeats.com\/de\/redaktionsrichtlinien\/#article","isPartOf":{"@id":"https:\/\/casinobeats.com\/de\/redaktionsrichtlinien\/"},"author":{"name":"Editorial Team","@id":"https:\/\/casinobeats.com\/de\/#\/schema\/person\/07e433bb08e5a446233f792f0c766821"},"headline":"Redaktionsrichtlinien","datePublished":"2025-04-28T12:18:13+00:00","dateModified":"2026-03-24T19:58:53+00:00","mainEntityOfPage":{"@id":"https:\/\/casinobeats.com\/de\/redaktionsrichtlinien\/"},"wordCount":376,"image":{"@id":"https:\/\/casinobeats.com\/de\/redaktionsrichtlinien\/#primaryimage"},"thumbnailUrl":"https:\/\/casinobeats.com\/de\/wp-content\/uploads\/sites\/2\/2026\/03\/placeholder.webp","inLanguage":"de"},{"@type":"WebPage","@id":"https:\/\/casinobeats.com\/de\/redaktionsrichtlinien\/","url":"https:\/\/casinobeats.com\/de\/redaktionsrichtlinien\/","name":"Redaktionsrichtlinien - CasinoBeats Deutschland","isPartOf":{"@id":"https:\/\/casinobeats.com\/de\/#website"},"primaryImageOfPage":{"@id":"https:\/\/casinobeats.com\/de\/redaktionsrichtlinien\/#primaryimage"},"image":{"@id":"https:\/\/casinobeats.com\/de\/redaktionsrichtlinien\/#primaryimage"},"thumbnailUrl":"https:\/\/casinobeats.com\/de\/wp-content\/uploads\/sites\/2\/2026\/03\/placeholder.webp","datePublished":"2025-04-28T12:18:13+00:00","dateModified":"2026-03-24T19:58:53+00:00","breadcrumb":{"@id":"https:\/\/casinobeats.com\/de\/redaktionsrichtlinien\/#breadcrumb"},"inLanguage":"de","potentialAction":[{"@type":"ReadAction","target":["https:\/\/casinobeats.com\/de\/redaktionsrichtlinien\/"]}]},{"@type":"ImageObject","inLanguage":"de","@id":"https:\/\/casinobeats.com\/de\/redaktionsrichtlinien\/#primaryimage","url":"https:\/\/casinobeats.com\/de\/wp-content\/uploads\/sites\/2\/2026\/03\/placeholder.webp","contentUrl":"https:\/\/casinobeats.com\/de\/wp-content\/uploads\/sites\/2\/2026\/03\/placeholder.webp","width":1035,"height":645},{"@type":"BreadcrumbList","@id":"https:\/\/casinobeats.com\/de\/redaktionsrichtlinien\/#breadcrumb","itemListElement":[{"@type":"ListItem","position":1,"name":"Home","item":"https:\/\/casinobeats.com\/de\/"},{"@type":"ListItem","position":2,"name":"Redaktionsrichtlinien"}]},{"@type":"WebSite","@id":"https:\/\/casinobeats.com\/de\/#website","url":"https:\/\/casinobeats.com\/de\/","name":"CasinoBeats Deutschland","description":"","potentialAction":[{"@type":"SearchAction","target":{"@type":"EntryPoint","urlTemplate":"https:\/\/casinobeats.com\/de\/?s={search_term_string}"},"query-input":{"@type":"PropertyValueSpecification","valueRequired":true,"valueName":"search_term_string"}}],"inLanguage":"de"},{"@type":"Person","@id":"https:\/\/casinobeats.com\/de\/#\/schema\/person\/07e433bb08e5a446233f792f0c766821","name":"Editorial Team","image":{"@type":"ImageObject","inLanguage":"de","@id":"https:\/\/casinobeats.com\/wp-content\/uploads\/2023\/05\/default-image-96x96.jpg","url":"https:\/\/casinobeats.com\/wp-content\/uploads\/2023\/05\/default-image-96x96.jpg","contentUrl":"https:\/\/casinobeats.com\/wp-content\/uploads\/2023\/05\/default-image-96x96.jpg","caption":"Editorial Team"},"description":"At Casinobeats, we are proud to have a team of industry experts who bring a wealth of knowledge and experience to our editorial content. Constantly on the lookout for new developments and the best promotions.","url":"https:\/\/casinobeats.com\/de\/author\/editorialteam\/"}]}},"_links":{"self":[{"href":"https:\/\/casinobeats.com\/de\/wp-json\/wp\/v2\/pages\/188","targetHints":{"allow":["GET"]}}],"collection":[{"href":"https:\/\/casinobeats.com\/de\/wp-json\/wp\/v2\/pages"}],"about":[{"href":"https:\/\/casinobeats.com\/de\/wp-json\/wp\/v2\/types\/page"}],"author":[{"embeddable":true,"href":"https:\/\/casinobeats.com\/de\/wp-json\/wp\/v2\/users\/76"}],"replies":[{"embeddable":true,"href":"https:\/\/casinobeats.com\/de\/wp-json\/wp\/v2\/comments?post=188"}],"version-history":[{"count":3,"href":"https:\/\/casinobeats.com\/de\/wp-json\/wp\/v2\/pages\/188\/revisions"}],"predecessor-version":[{"id":79592,"href":"https:\/\/casinobeats.com\/de\/wp-json\/wp\/v2\/pages\/188\/revisions\/79592"}],"wp:featuredmedia":[{"embeddable":true,"href":"https:\/\/casinobeats.com\/de\/wp-json\/wp\/v2\/media\/79577"}],"wp:attachment":[{"href":"https:\/\/casinobeats.com\/de\/wp-json\/wp\/v2\/media?parent=188"}],"wp:term":[{"taxonomy":"category","embeddable":true,"href":"https:\/\/casinobeats.com\/de\/wp-json\/wp\/v2\/categories?post=188"}],"curies":[{"name":"wp","href":"https:\/\/api.w.org\/{rel}","templated":true}]}}