{"id":34,"date":"2025-04-24T11:01:06","date_gmt":"2025-04-24T11:01:06","guid":{"rendered":"https:\/\/casinobeats.com\/de\/?page_id=34"},"modified":"2026-03-24T22:23:36","modified_gmt":"2026-03-24T20:23:36","slug":"contact-us","status":"publish","type":"page","link":"https:\/\/casinobeats.com\/de\/kontakt\/","title":{"rendered":"Kontakt"},"content":{"rendered":"\n<p>Haben Sie eine Frage zum Online Gl\u00fccksspiel? M\u00f6chten Sie Ihre Meinung zu einer Casino Bewertung teilen? Egal, ob Sie als Spieler Rat suchen oder als Branchenexperte Neuigkeiten teilen m\u00f6chten \u2013 wir freuen uns auf Ihre Kontaktaufnahme.<\/p>\n\n\n\n<p><strong>E-Mail<\/strong>:<\/p>\n\n\n\n<p>Schreiben Sie uns eine E-Mail. Unser Team wird Ihre Anfrage umgehend beantworten.<\/p>\n\n\n\n<ul class=\"wp-block-list\">\n<li><strong>Allgemeine Anfragen, News und Feedback: <\/strong>info@casinobeats.com<\/li>\n\n\n\n<li><strong>Partnerschaften und Partnerprogramm:<\/strong> sales@casinobeats.com<\/li>\n<\/ul>\n\n\n\n<p>M\u00f6chten Sie mit uns zusammenarbeiten? Wir sind st\u00e4ndig auf der Suche nach talentierten Journalisten mit einer Leidenschaft f\u00fcr Gl\u00fccksspiel. CasinoBeats bietet au\u00dferdem verschiedene Partnerschaftsm\u00f6glichkeiten f\u00fcr Gl\u00fccksspielbetreiber, Spieleanbieter und Branchendienstleister. Von gesponserten Inhalten und Bannerwerbung bis hin zur individuellen Berichterstattung \u00fcber Ihre neuesten Produkte \u2013 wir helfen Ihnen, unser engagiertes Publikum aus Spielern und Branchenexperten zu erreichen.<\/p>\n\n\n\n<p>Alle Inhalte werden intern von f\u00fchrenden Casino-Experten mit umfassender Branchenerfahrung erstellt. Erfahren Sie hier mehr \u00fcber unsere <a href=\"https:\/\/casinobeats.com\/de\/authors\/\">internen Autoren<\/a>.<\/p>\n\n\n\n<p><strong>Firmenname:<\/strong><br>Casinobeats Media Ltd.<\/p>\n\n\n\n<p><strong>Adresse:<\/strong><br>Casinobeats Media Ltd.<br>123 Royal Palm Drive,<br>George Town,<br>Grand Cayman, KY1-1001,<br>Kaimaninseln<\/p>\n","protected":false},"excerpt":{"rendered":"<p>Haben Sie eine Frage zum Online Gl\u00fccksspiel? M\u00f6chten Sie Ihre Meinung zu einer Casino Bewertung teilen? Egal, ob Sie als Spieler Rat suchen oder als Branchenexperte Neuigkeiten teilen m\u00f6chten \u2013 wir freuen uns auf Ihre Kontaktaufnahme. E-Mail: Schreiben Sie uns eine E-Mail. Unser Team wird Ihre Anfrage umgehend beantworten. M\u00f6chten Sie mit uns zusammenarbeiten? Wir [&hellip;]<\/p>\n","protected":false},"author":76,"featured_media":79577,"parent":0,"menu_order":0,"comment_status":"closed","ping_status":"closed","template":"","meta":{"_acf_changed":false,"inline_featured_image":false,"_lmt_disableupdate":"yes","_lmt_disable":"","footnotes":""},"categories":[],"class_list":["post-34","page","type-page","status-publish","has-post-thumbnail","hentry"],"acf":[],"yoast_head":"<!-- This site is optimized with the Yoast SEO plugin v27.2 - https:\/\/yoast.com\/product\/yoast-seo-wordpress\/ -->\n<title>Kontakt - CasinoBeats Deutschland<\/title>\n<meta name=\"description\" content=\"Haben Sie eine Frage zum Online Gl\u00fccksspiel? M\u00f6chten Sie Ihre Meinung zu einer Casino Bewertung teilen? Egal, ob Sie als Spieler Rat suchen oder als Branchenexperte Neuigkeiten teilen m\u00f6chten \u2013 wir freuen uns auf Ihre Kontaktaufnahme.\" \/>\n<meta name=\"robots\" content=\"index, follow, max-snippet:-1, max-image-preview:large, max-video-preview:-1\" \/>\n<link rel=\"canonical\" href=\"https:\/\/casinobeats.com\/de\/kontakt\/\" \/>\n<meta property=\"og:locale\" content=\"de_DE\" \/>\n<meta property=\"og:type\" content=\"article\" \/>\n<meta property=\"og:title\" content=\"Kontakt - CasinoBeats Deutschland\" \/>\n<meta property=\"og:description\" content=\"Haben Sie eine Frage zum Online Gl\u00fccksspiel? M\u00f6chten Sie Ihre Meinung zu einer Casino Bewertung teilen? Egal, ob Sie als Spieler Rat suchen oder als Branchenexperte Neuigkeiten teilen m\u00f6chten \u2013 wir freuen uns auf Ihre Kontaktaufnahme.\" \/>\n<meta property=\"og:url\" content=\"https:\/\/casinobeats.com\/de\/kontakt\/\" \/>\n<meta property=\"og:site_name\" content=\"CasinoBeats Deutschland\" \/>\n<meta property=\"article:modified_time\" content=\"2026-03-24T20:23:36+00:00\" \/>\n<meta property=\"og:image\" content=\"https:\/\/casinobeats.com\/de\/wp-content\/uploads\/sites\/2\/2026\/03\/placeholder.webp\" \/>\n\t<meta property=\"og:image:width\" content=\"1035\" \/>\n\t<meta property=\"og:image:height\" content=\"645\" \/>\n\t<meta property=\"og:image:type\" content=\"image\/webp\" \/>\n<meta name=\"twitter:card\" content=\"summary_large_image\" \/>\n<meta name=\"twitter:label1\" content=\"Gesch\u00e4tzte Lesezeit\" \/>\n\t<meta name=\"twitter:data1\" content=\"2\u00a0Minuten\" \/>\n<script type=\"application\/ld+json\" class=\"yoast-schema-graph\">{\"@context\":\"https:\/\/schema.org\",\"@graph\":[{\"@type\":\"Article\",\"@id\":\"https:\/\/casinobeats.com\/de\/kontakt\/#article\",\"isPartOf\":{\"@id\":\"https:\/\/casinobeats.com\/de\/kontakt\/\"},\"author\":{\"name\":\"Editorial Team\",\"@id\":\"https:\/\/casinobeats.com\/de\/#\/schema\/person\/07e433bb08e5a446233f792f0c766821\"},\"headline\":\"Kontakt\",\"datePublished\":\"2025-04-24T11:01:06+00:00\",\"dateModified\":\"2026-03-24T20:23:36+00:00\",\"mainEntityOfPage\":{\"@id\":\"https:\/\/casinobeats.com\/de\/kontakt\/\"},\"wordCount\":167,\"image\":{\"@id\":\"https:\/\/casinobeats.com\/de\/kontakt\/#primaryimage\"},\"thumbnailUrl\":\"https:\/\/casinobeats.com\/de\/wp-content\/uploads\/sites\/2\/2026\/03\/placeholder.webp\",\"inLanguage\":\"de\"},{\"@type\":\"WebPage\",\"@id\":\"https:\/\/casinobeats.com\/de\/kontakt\/\",\"url\":\"https:\/\/casinobeats.com\/de\/kontakt\/\",\"name\":\"Kontakt - CasinoBeats Deutschland\",\"isPartOf\":{\"@id\":\"https:\/\/casinobeats.com\/de\/#website\"},\"primaryImageOfPage\":{\"@id\":\"https:\/\/casinobeats.com\/de\/kontakt\/#primaryimage\"},\"image\":{\"@id\":\"https:\/\/casinobeats.com\/de\/kontakt\/#primaryimage\"},\"thumbnailUrl\":\"https:\/\/casinobeats.com\/de\/wp-content\/uploads\/sites\/2\/2026\/03\/placeholder.webp\",\"datePublished\":\"2025-04-24T11:01:06+00:00\",\"dateModified\":\"2026-03-24T20:23:36+00:00\",\"description\":\"Haben Sie eine Frage zum Online Gl\u00fccksspiel? M\u00f6chten Sie Ihre Meinung zu einer Casino Bewertung teilen? Egal, ob Sie als Spieler Rat suchen oder als Branchenexperte Neuigkeiten teilen m\u00f6chten \u2013 wir freuen uns auf Ihre Kontaktaufnahme.\",\"breadcrumb\":{\"@id\":\"https:\/\/casinobeats.com\/de\/kontakt\/#breadcrumb\"},\"inLanguage\":\"de\",\"potentialAction\":[{\"@type\":\"ReadAction\",\"target\":[\"https:\/\/casinobeats.com\/de\/kontakt\/\"]}]},{\"@type\":\"ImageObject\",\"inLanguage\":\"de\",\"@id\":\"https:\/\/casinobeats.com\/de\/kontakt\/#primaryimage\",\"url\":\"https:\/\/casinobeats.com\/de\/wp-content\/uploads\/sites\/2\/2026\/03\/placeholder.webp\",\"contentUrl\":\"https:\/\/casinobeats.com\/de\/wp-content\/uploads\/sites\/2\/2026\/03\/placeholder.webp\",\"width\":1035,\"height\":645},{\"@type\":\"BreadcrumbList\",\"@id\":\"https:\/\/casinobeats.com\/de\/kontakt\/#breadcrumb\",\"itemListElement\":[{\"@type\":\"ListItem\",\"position\":1,\"name\":\"Home\",\"item\":\"https:\/\/casinobeats.com\/de\/\"},{\"@type\":\"ListItem\",\"position\":2,\"name\":\"Kontakt\"}]},{\"@type\":\"WebSite\",\"@id\":\"https:\/\/casinobeats.com\/de\/#website\",\"url\":\"https:\/\/casinobeats.com\/de\/\",\"name\":\"CasinoBeats Deutschland\",\"description\":\"\",\"potentialAction\":[{\"@type\":\"SearchAction\",\"target\":{\"@type\":\"EntryPoint\",\"urlTemplate\":\"https:\/\/casinobeats.com\/de\/?s={search_term_string}\"},\"query-input\":{\"@type\":\"PropertyValueSpecification\",\"valueRequired\":true,\"valueName\":\"search_term_string\"}}],\"inLanguage\":\"de\"},{\"@type\":\"Person\",\"@id\":\"https:\/\/casinobeats.com\/de\/#\/schema\/person\/07e433bb08e5a446233f792f0c766821\",\"name\":\"Editorial Team\",\"image\":{\"@type\":\"ImageObject\",\"inLanguage\":\"de\",\"@id\":\"https:\/\/casinobeats.com\/wp-content\/uploads\/2023\/05\/default-image-96x96.jpg\",\"url\":\"https:\/\/casinobeats.com\/wp-content\/uploads\/2023\/05\/default-image-96x96.jpg\",\"contentUrl\":\"https:\/\/casinobeats.com\/wp-content\/uploads\/2023\/05\/default-image-96x96.jpg\",\"caption\":\"Editorial Team\"},\"description\":\"At Casinobeats, we are proud to have a team of industry experts who bring a wealth of knowledge and experience to our editorial content. Constantly on the lookout for new developments and the best promotions.\",\"url\":\"https:\/\/casinobeats.com\/de\/author\/editorialteam\/\"}]}<\/script>\n<!-- \/ Yoast SEO plugin. -->","yoast_head_json":{"title":"Kontakt - CasinoBeats Deutschland","description":"Haben Sie eine Frage zum Online Gl\u00fccksspiel? M\u00f6chten Sie Ihre Meinung zu einer Casino Bewertung teilen? Egal, ob Sie als Spieler Rat suchen oder als Branchenexperte Neuigkeiten teilen m\u00f6chten \u2013 wir freuen uns auf Ihre Kontaktaufnahme.","robots":{"index":"index","follow":"follow","max-snippet":"max-snippet:-1","max-image-preview":"max-image-preview:large","max-video-preview":"max-video-preview:-1"},"canonical":"https:\/\/casinobeats.com\/de\/kontakt\/","og_locale":"de_DE","og_type":"article","og_title":"Kontakt - CasinoBeats Deutschland","og_description":"Haben Sie eine Frage zum Online Gl\u00fccksspiel? M\u00f6chten Sie Ihre Meinung zu einer Casino Bewertung teilen? Egal, ob Sie als Spieler Rat suchen oder als Branchenexperte Neuigkeiten teilen m\u00f6chten \u2013 wir freuen uns auf Ihre Kontaktaufnahme.","og_url":"https:\/\/casinobeats.com\/de\/kontakt\/","og_site_name":"CasinoBeats Deutschland","article_modified_time":"2026-03-24T20:23:36+00:00","og_image":[{"width":1035,"height":645,"url":"https:\/\/casinobeats.com\/de\/wp-content\/uploads\/sites\/2\/2026\/03\/placeholder.webp","type":"image\/webp"}],"twitter_card":"summary_large_image","twitter_misc":{"Gesch\u00e4tzte Lesezeit":"2\u00a0Minuten"},"schema":{"@context":"https:\/\/schema.org","@graph":[{"@type":"Article","@id":"https:\/\/casinobeats.com\/de\/kontakt\/#article","isPartOf":{"@id":"https:\/\/casinobeats.com\/de\/kontakt\/"},"author":{"name":"Editorial Team","@id":"https:\/\/casinobeats.com\/de\/#\/schema\/person\/07e433bb08e5a446233f792f0c766821"},"headline":"Kontakt","datePublished":"2025-04-24T11:01:06+00:00","dateModified":"2026-03-24T20:23:36+00:00","mainEntityOfPage":{"@id":"https:\/\/casinobeats.com\/de\/kontakt\/"},"wordCount":167,"image":{"@id":"https:\/\/casinobeats.com\/de\/kontakt\/#primaryimage"},"thumbnailUrl":"https:\/\/casinobeats.com\/de\/wp-content\/uploads\/sites\/2\/2026\/03\/placeholder.webp","inLanguage":"de"},{"@type":"WebPage","@id":"https:\/\/casinobeats.com\/de\/kontakt\/","url":"https:\/\/casinobeats.com\/de\/kontakt\/","name":"Kontakt - CasinoBeats Deutschland","isPartOf":{"@id":"https:\/\/casinobeats.com\/de\/#website"},"primaryImageOfPage":{"@id":"https:\/\/casinobeats.com\/de\/kontakt\/#primaryimage"},"image":{"@id":"https:\/\/casinobeats.com\/de\/kontakt\/#primaryimage"},"thumbnailUrl":"https:\/\/casinobeats.com\/de\/wp-content\/uploads\/sites\/2\/2026\/03\/placeholder.webp","datePublished":"2025-04-24T11:01:06+00:00","dateModified":"2026-03-24T20:23:36+00:00","description":"Haben Sie eine Frage zum Online Gl\u00fccksspiel? M\u00f6chten Sie Ihre Meinung zu einer Casino Bewertung teilen? Egal, ob Sie als Spieler Rat suchen oder als Branchenexperte Neuigkeiten teilen m\u00f6chten \u2013 wir freuen uns auf Ihre Kontaktaufnahme.","breadcrumb":{"@id":"https:\/\/casinobeats.com\/de\/kontakt\/#breadcrumb"},"inLanguage":"de","potentialAction":[{"@type":"ReadAction","target":["https:\/\/casinobeats.com\/de\/kontakt\/"]}]},{"@type":"ImageObject","inLanguage":"de","@id":"https:\/\/casinobeats.com\/de\/kontakt\/#primaryimage","url":"https:\/\/casinobeats.com\/de\/wp-content\/uploads\/sites\/2\/2026\/03\/placeholder.webp","contentUrl":"https:\/\/casinobeats.com\/de\/wp-content\/uploads\/sites\/2\/2026\/03\/placeholder.webp","width":1035,"height":645},{"@type":"BreadcrumbList","@id":"https:\/\/casinobeats.com\/de\/kontakt\/#breadcrumb","itemListElement":[{"@type":"ListItem","position":1,"name":"Home","item":"https:\/\/casinobeats.com\/de\/"},{"@type":"ListItem","position":2,"name":"Kontakt"}]},{"@type":"WebSite","@id":"https:\/\/casinobeats.com\/de\/#website","url":"https:\/\/casinobeats.com\/de\/","name":"CasinoBeats Deutschland","description":"","potentialAction":[{"@type":"SearchAction","target":{"@type":"EntryPoint","urlTemplate":"https:\/\/casinobeats.com\/de\/?s={search_term_string}"},"query-input":{"@type":"PropertyValueSpecification","valueRequired":true,"valueName":"search_term_string"}}],"inLanguage":"de"},{"@type":"Person","@id":"https:\/\/casinobeats.com\/de\/#\/schema\/person\/07e433bb08e5a446233f792f0c766821","name":"Editorial Team","image":{"@type":"ImageObject","inLanguage":"de","@id":"https:\/\/casinobeats.com\/wp-content\/uploads\/2023\/05\/default-image-96x96.jpg","url":"https:\/\/casinobeats.com\/wp-content\/uploads\/2023\/05\/default-image-96x96.jpg","contentUrl":"https:\/\/casinobeats.com\/wp-content\/uploads\/2023\/05\/default-image-96x96.jpg","caption":"Editorial Team"},"description":"At Casinobeats, we are proud to have a team of industry experts who bring a wealth of knowledge and experience to our editorial content. Constantly on the lookout for new developments and the best promotions.","url":"https:\/\/casinobeats.com\/de\/author\/editorialteam\/"}]}},"_links":{"self":[{"href":"https:\/\/casinobeats.com\/de\/wp-json\/wp\/v2\/pages\/34","targetHints":{"allow":["GET"]}}],"collection":[{"href":"https:\/\/casinobeats.com\/de\/wp-json\/wp\/v2\/pages"}],"about":[{"href":"https:\/\/casinobeats.com\/de\/wp-json\/wp\/v2\/types\/page"}],"author":[{"embeddable":true,"href":"https:\/\/casinobeats.com\/de\/wp-json\/wp\/v2\/users\/76"}],"replies":[{"embeddable":true,"href":"https:\/\/casinobeats.com\/de\/wp-json\/wp\/v2\/comments?post=34"}],"version-history":[{"count":9,"href":"https:\/\/casinobeats.com\/de\/wp-json\/wp\/v2\/pages\/34\/revisions"}],"predecessor-version":[{"id":82117,"href":"https:\/\/casinobeats.com\/de\/wp-json\/wp\/v2\/pages\/34\/revisions\/82117"}],"wp:featuredmedia":[{"embeddable":true,"href":"https:\/\/casinobeats.com\/de\/wp-json\/wp\/v2\/media\/79577"}],"wp:attachment":[{"href":"https:\/\/casinobeats.com\/de\/wp-json\/wp\/v2\/media?parent=34"}],"wp:term":[{"taxonomy":"category","embeddable":true,"href":"https:\/\/casinobeats.com\/de\/wp-json\/wp\/v2\/categories?post=34"}],"curies":[{"name":"wp","href":"https:\/\/api.w.org\/{rel}","templated":true}]}}