{"id":69559,"date":"2025-11-17T12:47:00","date_gmt":"2025-11-17T10:47:00","guid":{"rendered":"https:\/\/casinobeats.com\/de\/?page_id=69559"},"modified":"2025-11-17T12:47:01","modified_gmt":"2025-11-17T10:47:01","slug":"bewertungskriterien","status":"publish","type":"page","link":"https:\/\/casinobeats.com\/de\/bewertungskriterien\/","title":{"rendered":"Unsere Bewertungskriterien"},"content":{"rendered":"\n<p>Bevor wir ein Online Casino empfehlen, schauen wir ganz genau hin. Wir wissen, wie un\u00fcbersichtlich der Markt sein kann, deshalb m\u00f6chten wir Ihnen eine hilfreiche Orientierung bieten, ohne Sie mit Fachjargon zu \u00fcberrollen. CasinoBeats setzt strenge Ma\u00dfst\u00e4be und unser Team pr\u00fcft jeden Anbieter sorgf\u00e4ltig anhand unserer Bewertungskriterien.<\/p>\n\n\n\n<p><strong>Unsere Bewertungsma\u00dfst\u00e4be, basierend auf langj\u00e4hriger Erfahrung<\/strong><\/p>\n\n\n\n<ul class=\"wp-block-list\">\n<li>Vertrauensw\u00fcrdige Lizenzen &amp; verl\u00e4ssliche Sicherheitsarchitektur<\/li>\n\n\n\n<li>Keine versteckten Fallstricke, keine verwirrenden Klauseln, sondern klare, nachvollziehbare Konditionen<\/li>\n\n\n\n<li>Benutzerfreundliche Abl\u00e4ufe &amp; echter Fokus auf Spielerschutz<\/li>\n<\/ul>\n\n\n\n<h2 class=\"wp-block-heading\">So bewerten wir seri\u00f6se und sichere Online Casinos<\/h2>\n\n\n\n<p>Bevor ein Casino bei uns eine Empfehlung erh\u00e4lt, muss es mehrere Qualit\u00e4tsstufen durchlaufen. Dabei testen wir aus der Sicht echter Spieler. Wir bleiben neutral, kritisch und haben den Blick stets darauf gerichtet, wie sicher und angenehm das Spielgef\u00fchl wirklich ist.<\/p>\n\n\n\n<p>Daf\u00fcr testen wir jede Plattform so, wie Sie es tun w\u00fcrden: Wir melden uns an, f\u00fchren die erforderlichen Schritte durch und starten dann das eine oder andere Spiel. Dabei \u00fcberpr\u00fcfen wir nat\u00fcrlich auch Boni und Konditionen. Nur dann, wenn das Online Casino in allen Bereichen sauber arbeitet, wird es in unsere Bestenliste aufgenommen. Unsere Casino Bewertungskriterien m\u00f6gen streng sein, aber daf\u00fcr erhalten Sie auch die Sicherheit, dass Sie hier garantiert nicht entt\u00e4uscht werden.<\/p>\n\n\n\n<h3 class=\"wp-block-heading\">Sicherheit &amp; Vertrauen<\/h3>\n\n\n\n<p>Ein Online Casino muss vor allem eine Sache beweisen: Sie m\u00fcssen dort gut aufgehoben sein. Deshalb pr\u00fcfen wir die Lizenzierung, Datenschutz und technische Sicherheit besonders gr\u00fcndlich.<\/p>\n\n\n\n<ul class=\"wp-block-list\">\n<li>Anerkannte Lizenzen aus Malta, Gibraltar oder Curacao<\/li>\n\n\n\n<li>SSL-Verschl\u00fcsselung &amp; Schutz sensibler Daten<\/li>\n\n\n\n<li>Transparente Unternehmensangaben und \u00fcberpr\u00fcfbare Identit\u00e4t des Betreibers<\/li>\n<\/ul>\n\n\n\n<h3 class=\"wp-block-heading\">Spieleauswahl mit hohen Auszahlungsraten<\/h3>\n\n\n\n<p>Gute Online Casinos bieten nicht nur eine breite Vielfalt an unterschiedlichen Spielen, sondern besticht vor allem auch mit fairen Spielen. Wir \u00fcberpr\u00fcfen, welche Provider ihre Spiele anbieten, ob RTP-Werte \u00f6ffentlich einsehbar sind und ob die Spiele unabh\u00e4ngig kontrolliert werden.<\/p>\n\n\n\n<ul class=\"wp-block-list\">\n<li>Renommierte Provider mit gepr\u00fcften Zufallsgeneratoren<\/li>\n\n\n\n<li>Gute Mischung aus Slots, Tischspielen &amp; Live Games<\/li>\n\n\n\n<li>Hohe RTP-Werte, idealerweise oberhalb von 96 %<\/li>\n<\/ul>\n\n\n\n<h3 class=\"wp-block-heading\">Sichere Zahlung &amp; schnellste Auszahlung<\/h3>\n\n\n\n<p>Wir achten darauf, dass Sie Ihr Geld ohne gro\u00dfen Aufwand ein- und auszahlen k\u00f6nnen. Dabei \u00fcberpr\u00fcfen wir nat\u00fcrlich, wie lange Auszahlungsantr\u00e4ge bearbeitet werden und wie lange die Auszahlung tats\u00e4chlich dauert und wie unkompliziert der KYC-Prozess abl\u00e4uft.<\/p>\n\n\n\n<ul class=\"wp-block-list\">\n<li>Vertrauensw\u00fcrdige Zahlungsarten (Visa, Mastercard, PayPal, Paysafe, Skrill etc.)<\/li>\n\n\n\n<li>Klare Zeitangaben f\u00fcr Auszahlungen &amp; keine versteckten Geb\u00fchren<\/li>\n\n\n\n<li>Schnelle Verifizierung ohne \u00fcbertriebene Dokumentanforderungen<\/li>\n<\/ul>\n\n\n\n<h3 class=\"wp-block-heading\">Bonusaktion auf Fairness gepr\u00fcft<\/h3>\n\n\n\n<p>Ein Bonus kann ein tolles Extra sein, das unbedingt Freude bereiten und nicht in endlosen Bedingungen enden soll. Wir pr\u00fcfen daher jedes Angebot bis ins Detail und setzen einen besonders strengen Ma\u00dfstab an, wenn es um Transparenz geht.&nbsp;<\/p>\n\n\n\n<ul class=\"wp-block-list\">\n<li>Angemessene Umsatzbedingungen &amp; realistische Fristen<\/li>\n\n\n\n<li>Faire Fristen ohne Zeitdruck<\/li>\n\n\n\n<li>Keine Einschr\u00e4nkungen, die den Bonus k\u00fcnstlich unspielbar machen<\/li>\n<\/ul>\n\n\n\n<h3 class=\"wp-block-heading\">Kundenfreundlichkeit und Support<\/h3>\n\n\n\n<p>Ob der Kundenservice gut ist oder nicht, das erkennen Sie vor allem an der Verf\u00fcgbarkeit und wie die Mitarbeiter reagieren, wenn es darum geht, eine L\u00f6sung f\u00fcr Ihr Problem zu finden. Spieler sollten sich stets verstanden und respektiert f\u00fchlen.<\/p>\n\n\n\n<ul class=\"wp-block-list\">\n<li>Gut erreichbarer Live Chat (optimal 24\/7)<\/li>\n\n\n\n<li>Kompetente, freundliche Antworten<\/li>\n\n\n\n<li>Live Chat als bevorzugter Kontaktweg<\/li>\n<\/ul>\n\n\n\n<h3 class=\"wp-block-heading\">Mobiles Spielerlebnis &amp; Internet-Sicherheit&nbsp;<\/h3>\n\n\n\n<p>Viele spielen mittlerweile unterwegs und deshalb muss auch mobil alles reibungslos funktionieren. Aus diesem Grund \u00fcberpr\u00fcfen wir auch die App und wenn es keine mobile Anwendung gibt, \u00fcberpr\u00fcfen wir die Plattform via Browser.<\/p>\n\n\n\n<ul class=\"wp-block-list\">\n<li>Wir \u00fcberpr\u00fcfen Apps und gegebenenfalls die mobil optimierte Webseite<\/li>\n\n\n\n<li>Kurze Ladezeiten &amp; intuitive Bedienung<\/li>\n\n\n\n<li>Schutz vor Malware, Tracking und betr\u00fcgerischen Drittseiten<\/li>\n<\/ul>\n\n\n\n<h2 class=\"wp-block-heading\">Was ist die Grundlage zu fairen Bewertungen?<\/h2>\n\n\n\n<p>Unsere Arbeit basiert auf Transparenz, Realit\u00e4tstests und einer ehrlichen Einsch\u00e4tzung dar\u00fcber, was f\u00fcr Sie als Spieler auch wirklich relevant ist. Wir vergleichen st\u00e4ndig neue Anbieter mit bew\u00e4hrten Online Casinos und passen unsere Kriterien an aktuelle Entwicklungen an. Wir aktualisieren auch stets unsere Bewertungsma\u00dfst\u00e4be, sofern wir erkennen, dass sich Trends ver\u00e4ndert haben.<\/p>\n\n\n\n<p>Darauf achten unsere Experten:<\/p>\n\n\n\n<ul class=\"wp-block-list\">\n<li>Wir testen anonym und f\u00fchren keine Sonderbehandlung durch<\/li>\n\n\n\n<li>Unsere Texte entstehen unabh\u00e4ngig von Werbepartnerschaften<\/li>\n\n\n\n<li>Jeder Anbieter wird regelm\u00e4\u00dfig neu \u00fcberpr\u00fcft<\/li>\n<\/ul>\n\n\n\n<h2 class=\"wp-block-heading\">Was tun wir, wenn uns ein Casino negativ auff\u00e4llt?<\/h2>\n\n\n\n<p>Sollte uns ein Online Casino negativ auffallen, etwa deshalb, weil mit unfairen Methoden gearbeitet wird, Auszahlungen versp\u00e4tet erfolgen oder mangelnde Transparenz vorliegt, greifen wir sofort durch. Wir entfernen das Online Casino sofort aus unseren Empfehlungen, informieren unsere Leser und f\u00fchren bei Bedarf eine detaillierte Nachpr\u00fcfung durch.<\/p>\n\n\n\n<p>Unser Ziel ist es, dass Sie vor schlechten Erfahrungen gesch\u00fctzt werden.<\/p>\n\n\n\n<h2 class=\"wp-block-heading\">Unsere Redaktion &#8211; immer spielerfokussiert, neutral und sachkundig&nbsp;<\/h2>\n\n\n\n<p>Unsere fachkundigen Autoren sind seit vielen Jahren in der iGaming-Welt aktiv und bringen ein breites Spektrum an Fachwissen mit. Sie sind sehr wohl Experten auf ihrem Gebiet und verfolgen ganz genau die Entwicklungen in Regulierung, Technik und Spielerschutz. Zudem sind sie stets im Austausch mit den internationalen Experten. Dabei behalten wir aber immer im Blick, was Sie als Spieler wirklich brauchen: Sicherheit, Spa\u00df, Transparenz und eine zuverl\u00e4ssige Anlaufstelle f\u00fcr Fragen.<\/p>\n\n\n\n<p>Wir schreiben nicht f\u00fcr die Betreiber, sondern wir verfassen Texte und Berichte f\u00fcr Sie! Dabei bleiben wir ehrlich, unabh\u00e4ngig und verzichten auf Sch\u00f6nf\u00e4rberei.<\/p>\n\n\n\n<p><strong>Kontaktieren Sie uns. Wir haben immer ein offenes Ohr f\u00fcr Ihre Anliegen.<\/strong><\/p>\n\n\n\n<ul class=\"wp-block-list\">\n<li>Allgemeine Anfragen, News und Feedback: <a href=\"mailto:info@casinobeats.com\" target=\"_blank\" rel=\"noreferrer noopener\">info@casinobeats.com<\/a><\/li>\n\n\n\n<li>Partnerschaften und Partnerprogramm: <a href=\"mailto:sales@casinobeats.com\" target=\"_blank\" rel=\"noreferrer noopener\">sales@casinobeats.com<\/a><\/li>\n\n\n\n<li>Erfahren Sie mehr: <a href=\"https:\/\/casinobeats.com\/de\/about-us\/\">\u00dcber CasinoBeats<\/a><\/li>\n\n\n\n<li>Lernen Sie unser Team kennen: <a href=\"https:\/\/casinobeats.com\/de\/authors\/\">die Autoren bei CasinoBeats<\/a>&nbsp;<\/li>\n<\/ul>\n\n\n\n<h2 class=\"wp-block-heading\">FAQ<\/h2>\n\n\n\n<h3 class=\"wp-block-heading\">Worauf achten sichere und seri\u00f6se Online Casinos?<\/h3>\n\n\n\n<p>Es geht um zuverl\u00e4ssige Lizenzen international anerkannter Gl\u00fccksspielbeh\u00f6rden, um hohe Sicherheitsstandards, garantiert faire Spiele und transparente Bedingungen.<\/p>\n\n\n\n<h3 class=\"wp-block-heading\">Welche Casino-Lizenzen sind vertrauensw\u00fcrdig?<\/h3>\n\n\n\n<p>Besonders streng sind Lizenzen aus Malta, Gibraltar oder auch von PAGCOR, Anjouan und anderen Beh\u00f6rden. Auch die Geinsame Gl\u00fccksspielbeh\u00f6rde der L\u00e4nder &#8211; GGL &#8211; in Deutschland arbeitet nach festen Standards.<\/p>\n\n\n\n<h3 class=\"wp-block-heading\">Welche Expertise besitzt das Team von CasinoBeats?<\/h3>\n\n\n\n<p>Wir testen seit vielen Jahren Online Casinos, beobachten die Branche, Gesetze und Technologien und kennen die Sicht echter Spieler. Daher k\u00f6nnen wir uns auch problemlos in Spieler hineinversetzen und jene Bereiche durchleuchten, die f\u00fcr die Spieler relevant sind.<\/p>\n\n\n\n<h3 class=\"wp-block-heading\">Wie wirken sich die deutschen Gl\u00fccksspielgesetze auf Spieler aus?<\/h3>\n\n\n\n<p>Sie sorgen f\u00fcr mehr Schutz, aber auch f\u00fcr zahlreiche Einschr\u00e4nkungen wie Einsatzlimits, 5 Sekunden-Regel und eine begrenzte Spielauswahl.<\/p>\n\n\n\n<h3 class=\"wp-block-heading\">Kann man Online Casinos vertrauen?<\/h3>\n\n\n\n<p>Ja, solange sie nachweislich lizenziert, sicher und transparent arbeiten. Deshalb testen wir unsere Online Casinos auch streng.<\/p>\n\n\n\n<h3 class=\"wp-block-heading\">Welchen Tipp haben Sie f\u00fcr mich als Spieler?<\/h3>\n\n\n\n<p>Spielen Sie nur dort, wo Sie sich wohl und sicher f\u00fchlen und setzen Sie klare Grenzen. Gute Online Casinos unterst\u00fctzen Sie dabei.<\/p>\n","protected":false},"excerpt":{"rendered":"<p>Bevor wir ein Online Casino empfehlen, schauen wir ganz genau hin. Wir wissen, wie un\u00fcbersichtlich der Markt sein kann, deshalb m\u00f6chten wir Ihnen eine hilfreiche Orientierung bieten, ohne Sie mit Fachjargon zu \u00fcberrollen. CasinoBeats setzt strenge Ma\u00dfst\u00e4be und unser Team pr\u00fcft jeden Anbieter sorgf\u00e4ltig anhand unserer Bewertungskriterien. Unsere Bewertungsma\u00dfst\u00e4be, basierend auf langj\u00e4hriger Erfahrung So bewerten [&hellip;]<\/p>\n","protected":false},"author":119,"featured_media":79677,"parent":0,"menu_order":0,"comment_status":"closed","ping_status":"closed","template":"","meta":{"_acf_changed":false,"inline_featured_image":false,"_lmt_disableupdate":"yes","_lmt_disable":"","footnotes":""},"categories":[918],"class_list":["post-69559","page","type-page","status-publish","has-post-thumbnail","hentry","category-guides"],"acf":[],"yoast_head":"<!-- This site is optimized with the Yoast SEO plugin v27.2 - https:\/\/yoast.com\/product\/yoast-seo-wordpress\/ -->\n<title>Unsere Bewertungskriteren 2026 - So pr\u00fcfen wir Online Casinos<\/title>\n<meta name=\"description\" content=\"Erfahren Sie, wie wir Online Casinos sicher, fair und spielerfokussiert bewerten. Dank langj\u00e4hriger Erfahrung wissen wir, worauf es bei Lizenzen, Auszahlungen, Bonusfairness und Support ankommt.\" \/>\n<meta name=\"robots\" content=\"index, follow, max-snippet:-1, max-image-preview:large, max-video-preview:-1\" \/>\n<link rel=\"canonical\" href=\"https:\/\/casinobeats.com\/de\/bewertungskriterien\/\" \/>\n<meta property=\"og:locale\" content=\"de_DE\" \/>\n<meta property=\"og:type\" content=\"article\" \/>\n<meta property=\"og:title\" content=\"Unsere Bewertungskriteren 2026 - So pr\u00fcfen wir Online Casinos\" \/>\n<meta property=\"og:description\" content=\"Erfahren Sie, wie wir Online Casinos sicher, fair und spielerfokussiert bewerten. Dank langj\u00e4hriger Erfahrung wissen wir, worauf es bei Lizenzen, Auszahlungen, Bonusfairness und Support ankommt.\" \/>\n<meta property=\"og:url\" content=\"https:\/\/casinobeats.com\/de\/bewertungskriterien\/\" \/>\n<meta property=\"og:site_name\" content=\"CasinoBeats Deutschland\" \/>\n<meta property=\"article:modified_time\" content=\"2025-11-17T10:47:01+00:00\" \/>\n<meta property=\"og:image\" content=\"https:\/\/casinobeats.com\/de\/wp-content\/uploads\/sites\/2\/2026\/03\/CasinoBeats-Logo.jpg\" \/>\n\t<meta property=\"og:image:width\" content=\"265\" \/>\n\t<meta property=\"og:image:height\" content=\"135\" \/>\n\t<meta property=\"og:image:type\" content=\"image\/jpeg\" \/>\n<meta name=\"twitter:card\" content=\"summary_large_image\" \/>\n<meta name=\"twitter:label1\" content=\"Gesch\u00e4tzte Lesezeit\" \/>\n\t<meta name=\"twitter:data1\" content=\"6\u00a0Minuten\" \/>\n<script type=\"application\/ld+json\" class=\"yoast-schema-graph\">{\"@context\":\"https:\/\/schema.org\",\"@graph\":[{\"@type\":\"Article\",\"@id\":\"https:\/\/casinobeats.com\/de\/bewertungskriterien\/#article\",\"isPartOf\":{\"@id\":\"https:\/\/casinobeats.com\/de\/bewertungskriterien\/\"},\"author\":{\"name\":\"Sabine Wassicek\",\"@id\":\"https:\/\/casinobeats.com\/de\/#\/schema\/person\/0dbc51cb0b00b0ae565be90860f58dc4\"},\"headline\":\"Unsere Bewertungskriterien\",\"datePublished\":\"2025-11-17T10:47:00+00:00\",\"dateModified\":\"2025-11-17T10:47:01+00:00\",\"mainEntityOfPage\":{\"@id\":\"https:\/\/casinobeats.com\/de\/bewertungskriterien\/\"},\"wordCount\":1116,\"image\":{\"@id\":\"https:\/\/casinobeats.com\/de\/bewertungskriterien\/#primaryimage\"},\"thumbnailUrl\":\"https:\/\/casinobeats.com\/de\/wp-content\/uploads\/sites\/2\/2026\/03\/CasinoBeats-Logo.jpg\",\"articleSection\":[\"Guides\"],\"inLanguage\":\"de\"},{\"@type\":\"WebPage\",\"@id\":\"https:\/\/casinobeats.com\/de\/bewertungskriterien\/\",\"url\":\"https:\/\/casinobeats.com\/de\/bewertungskriterien\/\",\"name\":\"Unsere Bewertungskriteren 2026 - So pr\u00fcfen wir Online Casinos\",\"isPartOf\":{\"@id\":\"https:\/\/casinobeats.com\/de\/#website\"},\"primaryImageOfPage\":{\"@id\":\"https:\/\/casinobeats.com\/de\/bewertungskriterien\/#primaryimage\"},\"image\":{\"@id\":\"https:\/\/casinobeats.com\/de\/bewertungskriterien\/#primaryimage\"},\"thumbnailUrl\":\"https:\/\/casinobeats.com\/de\/wp-content\/uploads\/sites\/2\/2026\/03\/CasinoBeats-Logo.jpg\",\"datePublished\":\"2025-11-17T10:47:00+00:00\",\"dateModified\":\"2025-11-17T10:47:01+00:00\",\"description\":\"Erfahren Sie, wie wir Online Casinos sicher, fair und spielerfokussiert bewerten. Dank langj\u00e4hriger Erfahrung wissen wir, worauf es bei Lizenzen, Auszahlungen, Bonusfairness und Support ankommt.\",\"breadcrumb\":{\"@id\":\"https:\/\/casinobeats.com\/de\/bewertungskriterien\/#breadcrumb\"},\"inLanguage\":\"de\",\"potentialAction\":[{\"@type\":\"ReadAction\",\"target\":[\"https:\/\/casinobeats.com\/de\/bewertungskriterien\/\"]}]},{\"@type\":\"ImageObject\",\"inLanguage\":\"de\",\"@id\":\"https:\/\/casinobeats.com\/de\/bewertungskriterien\/#primaryimage\",\"url\":\"https:\/\/casinobeats.com\/de\/wp-content\/uploads\/sites\/2\/2026\/03\/CasinoBeats-Logo.jpg\",\"contentUrl\":\"https:\/\/casinobeats.com\/de\/wp-content\/uploads\/sites\/2\/2026\/03\/CasinoBeats-Logo.jpg\",\"width\":265,\"height\":135,\"caption\":\"Logo der News- und Ratgeber-Website CasinoBeats.\"},{\"@type\":\"BreadcrumbList\",\"@id\":\"https:\/\/casinobeats.com\/de\/bewertungskriterien\/#breadcrumb\",\"itemListElement\":[{\"@type\":\"ListItem\",\"position\":1,\"name\":\"Home\",\"item\":\"https:\/\/casinobeats.com\/de\/\"},{\"@type\":\"ListItem\",\"position\":2,\"name\":\"Unsere Bewertungskriterien\"}]},{\"@type\":\"WebSite\",\"@id\":\"https:\/\/casinobeats.com\/de\/#website\",\"url\":\"https:\/\/casinobeats.com\/de\/\",\"name\":\"CasinoBeats Deutschland\",\"description\":\"\",\"potentialAction\":[{\"@type\":\"SearchAction\",\"target\":{\"@type\":\"EntryPoint\",\"urlTemplate\":\"https:\/\/casinobeats.com\/de\/?s={search_term_string}\"},\"query-input\":{\"@type\":\"PropertyValueSpecification\",\"valueRequired\":true,\"valueName\":\"search_term_string\"}}],\"inLanguage\":\"de\"},{\"@type\":\"Person\",\"@id\":\"https:\/\/casinobeats.com\/de\/#\/schema\/person\/0dbc51cb0b00b0ae565be90860f58dc4\",\"name\":\"Sabine Wassicek\",\"image\":{\"@type\":\"ImageObject\",\"inLanguage\":\"de\",\"@id\":\"https:\/\/casinobeats.com\/de\/wp-content\/uploads\/sites\/2\/2025\/04\/avatar_user_119_1745843110-96x96.jpg\",\"url\":\"https:\/\/casinobeats.com\/de\/wp-content\/uploads\/sites\/2\/2025\/04\/avatar_user_119_1745843110-96x96.jpg\",\"contentUrl\":\"https:\/\/casinobeats.com\/de\/wp-content\/uploads\/sites\/2\/2025\/04\/avatar_user_119_1745843110-96x96.jpg\",\"caption\":\"Sabine Wassicek\"},\"description\":\"Sabine lavora nel settore del gioco d\u2019azzardo e dell\u2019iGaming da oltre dieci anni. Con una vasta esperienza in ambiti come l\u2019analisi dei giochi, le tendenze di mercato e il gioco responsabile, condivide le sue conoscenze attraverso articoli, recensioni e report di settore. Il suo particolare interesse \u00e8 rivolto alle tecnologie innovative e alle condizioni di gioco eque. Con un linguaggio chiaro e una solida competenza professionale, Sabine rende comprensibili anche i temi pi\u00f9 complessi.\",\"sameAs\":[\"https:\/\/www.linkedin.com\/in\/sabine-wassicek\/\"],\"url\":\"https:\/\/casinobeats.com\/de\/author\/sabine\/\"}]}<\/script>\n<!-- \/ Yoast SEO plugin. -->","yoast_head_json":{"title":"Unsere Bewertungskriteren 2026 - So pr\u00fcfen wir Online Casinos","description":"Erfahren Sie, wie wir Online Casinos sicher, fair und spielerfokussiert bewerten. Dank langj\u00e4hriger Erfahrung wissen wir, worauf es bei Lizenzen, Auszahlungen, Bonusfairness und Support ankommt.","robots":{"index":"index","follow":"follow","max-snippet":"max-snippet:-1","max-image-preview":"max-image-preview:large","max-video-preview":"max-video-preview:-1"},"canonical":"https:\/\/casinobeats.com\/de\/bewertungskriterien\/","og_locale":"de_DE","og_type":"article","og_title":"Unsere Bewertungskriteren 2026 - So pr\u00fcfen wir Online Casinos","og_description":"Erfahren Sie, wie wir Online Casinos sicher, fair und spielerfokussiert bewerten. Dank langj\u00e4hriger Erfahrung wissen wir, worauf es bei Lizenzen, Auszahlungen, Bonusfairness und Support ankommt.","og_url":"https:\/\/casinobeats.com\/de\/bewertungskriterien\/","og_site_name":"CasinoBeats Deutschland","article_modified_time":"2025-11-17T10:47:01+00:00","og_image":[{"width":265,"height":135,"url":"https:\/\/casinobeats.com\/de\/wp-content\/uploads\/sites\/2\/2026\/03\/CasinoBeats-Logo.jpg","type":"image\/jpeg"}],"twitter_card":"summary_large_image","twitter_misc":{"Gesch\u00e4tzte Lesezeit":"6\u00a0Minuten"},"schema":{"@context":"https:\/\/schema.org","@graph":[{"@type":"Article","@id":"https:\/\/casinobeats.com\/de\/bewertungskriterien\/#article","isPartOf":{"@id":"https:\/\/casinobeats.com\/de\/bewertungskriterien\/"},"author":{"name":"Sabine Wassicek","@id":"https:\/\/casinobeats.com\/de\/#\/schema\/person\/0dbc51cb0b00b0ae565be90860f58dc4"},"headline":"Unsere Bewertungskriterien","datePublished":"2025-11-17T10:47:00+00:00","dateModified":"2025-11-17T10:47:01+00:00","mainEntityOfPage":{"@id":"https:\/\/casinobeats.com\/de\/bewertungskriterien\/"},"wordCount":1116,"image":{"@id":"https:\/\/casinobeats.com\/de\/bewertungskriterien\/#primaryimage"},"thumbnailUrl":"https:\/\/casinobeats.com\/de\/wp-content\/uploads\/sites\/2\/2026\/03\/CasinoBeats-Logo.jpg","articleSection":["Guides"],"inLanguage":"de"},{"@type":"WebPage","@id":"https:\/\/casinobeats.com\/de\/bewertungskriterien\/","url":"https:\/\/casinobeats.com\/de\/bewertungskriterien\/","name":"Unsere Bewertungskriteren 2026 - So pr\u00fcfen wir Online Casinos","isPartOf":{"@id":"https:\/\/casinobeats.com\/de\/#website"},"primaryImageOfPage":{"@id":"https:\/\/casinobeats.com\/de\/bewertungskriterien\/#primaryimage"},"image":{"@id":"https:\/\/casinobeats.com\/de\/bewertungskriterien\/#primaryimage"},"thumbnailUrl":"https:\/\/casinobeats.com\/de\/wp-content\/uploads\/sites\/2\/2026\/03\/CasinoBeats-Logo.jpg","datePublished":"2025-11-17T10:47:00+00:00","dateModified":"2025-11-17T10:47:01+00:00","description":"Erfahren Sie, wie wir Online Casinos sicher, fair und spielerfokussiert bewerten. Dank langj\u00e4hriger Erfahrung wissen wir, worauf es bei Lizenzen, Auszahlungen, Bonusfairness und Support ankommt.","breadcrumb":{"@id":"https:\/\/casinobeats.com\/de\/bewertungskriterien\/#breadcrumb"},"inLanguage":"de","potentialAction":[{"@type":"ReadAction","target":["https:\/\/casinobeats.com\/de\/bewertungskriterien\/"]}]},{"@type":"ImageObject","inLanguage":"de","@id":"https:\/\/casinobeats.com\/de\/bewertungskriterien\/#primaryimage","url":"https:\/\/casinobeats.com\/de\/wp-content\/uploads\/sites\/2\/2026\/03\/CasinoBeats-Logo.jpg","contentUrl":"https:\/\/casinobeats.com\/de\/wp-content\/uploads\/sites\/2\/2026\/03\/CasinoBeats-Logo.jpg","width":265,"height":135,"caption":"Logo der News- und Ratgeber-Website CasinoBeats."},{"@type":"BreadcrumbList","@id":"https:\/\/casinobeats.com\/de\/bewertungskriterien\/#breadcrumb","itemListElement":[{"@type":"ListItem","position":1,"name":"Home","item":"https:\/\/casinobeats.com\/de\/"},{"@type":"ListItem","position":2,"name":"Unsere Bewertungskriterien"}]},{"@type":"WebSite","@id":"https:\/\/casinobeats.com\/de\/#website","url":"https:\/\/casinobeats.com\/de\/","name":"CasinoBeats Deutschland","description":"","potentialAction":[{"@type":"SearchAction","target":{"@type":"EntryPoint","urlTemplate":"https:\/\/casinobeats.com\/de\/?s={search_term_string}"},"query-input":{"@type":"PropertyValueSpecification","valueRequired":true,"valueName":"search_term_string"}}],"inLanguage":"de"},{"@type":"Person","@id":"https:\/\/casinobeats.com\/de\/#\/schema\/person\/0dbc51cb0b00b0ae565be90860f58dc4","name":"Sabine Wassicek","image":{"@type":"ImageObject","inLanguage":"de","@id":"https:\/\/casinobeats.com\/de\/wp-content\/uploads\/sites\/2\/2025\/04\/avatar_user_119_1745843110-96x96.jpg","url":"https:\/\/casinobeats.com\/de\/wp-content\/uploads\/sites\/2\/2025\/04\/avatar_user_119_1745843110-96x96.jpg","contentUrl":"https:\/\/casinobeats.com\/de\/wp-content\/uploads\/sites\/2\/2025\/04\/avatar_user_119_1745843110-96x96.jpg","caption":"Sabine Wassicek"},"description":"Sabine lavora nel settore del gioco d\u2019azzardo e dell\u2019iGaming da oltre dieci anni. Con una vasta esperienza in ambiti come l\u2019analisi dei giochi, le tendenze di mercato e il gioco responsabile, condivide le sue conoscenze attraverso articoli, recensioni e report di settore. Il suo particolare interesse \u00e8 rivolto alle tecnologie innovative e alle condizioni di gioco eque. Con un linguaggio chiaro e una solida competenza professionale, Sabine rende comprensibili anche i temi pi\u00f9 complessi.","sameAs":["https:\/\/www.linkedin.com\/in\/sabine-wassicek\/"],"url":"https:\/\/casinobeats.com\/de\/author\/sabine\/"}]}},"_links":{"self":[{"href":"https:\/\/casinobeats.com\/de\/wp-json\/wp\/v2\/pages\/69559","targetHints":{"allow":["GET"]}}],"collection":[{"href":"https:\/\/casinobeats.com\/de\/wp-json\/wp\/v2\/pages"}],"about":[{"href":"https:\/\/casinobeats.com\/de\/wp-json\/wp\/v2\/types\/page"}],"author":[{"embeddable":true,"href":"https:\/\/casinobeats.com\/de\/wp-json\/wp\/v2\/users\/119"}],"replies":[{"embeddable":true,"href":"https:\/\/casinobeats.com\/de\/wp-json\/wp\/v2\/comments?post=69559"}],"version-history":[{"count":9,"href":"https:\/\/casinobeats.com\/de\/wp-json\/wp\/v2\/pages\/69559\/revisions"}],"predecessor-version":[{"id":69570,"href":"https:\/\/casinobeats.com\/de\/wp-json\/wp\/v2\/pages\/69559\/revisions\/69570"}],"wp:featuredmedia":[{"embeddable":true,"href":"https:\/\/casinobeats.com\/de\/wp-json\/wp\/v2\/media\/79677"}],"wp:attachment":[{"href":"https:\/\/casinobeats.com\/de\/wp-json\/wp\/v2\/media?parent=69559"}],"wp:term":[{"taxonomy":"category","embeddable":true,"href":"https:\/\/casinobeats.com\/de\/wp-json\/wp\/v2\/categories?post=69559"}],"curies":[{"name":"wp","href":"https:\/\/api.w.org\/{rel}","templated":true}]}}