{"id":69779,"date":"2025-11-20T11:11:42","date_gmt":"2025-11-20T09:11:42","guid":{"rendered":"https:\/\/casinobeats.com\/de\/?page_id=69779"},"modified":"2026-03-25T22:56:09","modified_gmt":"2026-03-25T20:56:09","slug":"datenschutzerklaerung","status":"publish","type":"page","link":"https:\/\/casinobeats.com\/de\/datenschutzerklaerung\/","title":{"rendered":"Datenschutzerkl\u00e4rung"},"content":{"rendered":"\n<p>Ihre Privatsph\u00e4re ist uns bei CasinoBeats wichtig. Diese Datenschutzerkl\u00e4rung erkl\u00e4rt, wie wir Informationen verarbeiten, die w\u00e4hrend Ihrer Besuche auf unserer Website gesammelt werden. Wir m\u00f6chten unsere Praktiken klar und direkt darlegen und dabei alle relevanten Datenschutzgesetze, einschlie\u00dflich der Datenschutz-Grundverordnung (DSGVO), einhalten.<\/p>\n\n\n\n<h2 class=\"wp-block-heading\">Welche Daten wir sammeln<\/h2>\n\n\n\n<p>Wir beschr\u00e4nken die Datenerhebung auf ein Minimum und erfassen ausschlie\u00dflich Analyse- und Nutzungsdaten, die uns helfen zu verstehen, wie Besucher unsere Website nutzen. Dazu geh\u00f6ren:<\/p>\n\n\n\n<ul class=\"wp-block-list\">\n<li>Welche Seiten Sie besuchen<\/li>\n\n\n\n<li>Wie lange Sie auf der Website verweilen<\/li>\n\n\n\n<li>Mit welchen Ger\u00e4ten Sie auf unsere Inhalte zugreifen<\/li>\n\n\n\n<li>Wie Sie durch unsere Seiten navigieren<\/li>\n<\/ul>\n\n\n\n<p>Wir verwenden diese Informationen, um Ihre Nutzungserfahrung zu verbessern und unsere Berichterstattung \u00fcber die Online-Gl\u00fccksspielbranche zu optimieren.<\/p>\n\n\n\n<h2 class=\"wp-block-heading\">Cookies<\/h2>\n\n\n\n<p>Diese Website verwendet Cookies, um ordnungsgem\u00e4\u00df zu funktionieren und Ihr Nutzungserlebnis zu verbessern. Wir nutzen folgende Arten von Cookies:<\/p>\n\n\n\n<ul class=\"wp-block-list\">\n<li><strong>Essenzielle Cookies:<\/strong>\u00a0Diese Cookies sind erforderlich, damit die Website funktioniert. Sie erm\u00f6glichen grundlegende Funktionen wie die Seitennavigation und den Zugang zu sicheren Bereichen der Website. Ohne diese Cookies kann die Website nicht korrekt betrieben werden.<\/li>\n\n\n\n<li><strong>Analyse-Cookies:<\/strong>\u00a0Wir verwenden diese Cookies, um zu verstehen, wie Besucher mit unserer Website interagieren. Sie helfen uns, die Anzahl der Besucher zu messen und zu sehen, wie sich Nutzer auf unserer Seite bewegen.<\/li>\n\n\n\n<li><strong>Marketing-Cookies:<\/strong>\u00a0Diese Cookies tragen dazu bei, m\u00f6gliche Werbeinhalte f\u00fcr Sie relevanter zu machen. Sie erm\u00f6glichen es uns auch, die Wirksamkeit von Werbema\u00dfnahmen zu messen.<\/li>\n<\/ul>\n\n\n\n<p>Sie haben die Option, nicht essenzielle Cookies zu akzeptieren oder sie abzulehnen. Das Ablehnen dieser Cookies kann Ihre Erfahrung zwar beeintr\u00e4chtigen, aber die Kernfunktionen unserer Website bleiben nutzbar.<\/p>\n\n\n\n<h2 class=\"wp-block-heading\">Wie wir Ihre Daten verwenden<\/h2>\n\n\n\n<p>Wir nutzen die gesammelten Informationen, um:<\/p>\n\n\n\n<ul class=\"wp-block-list\">\n<li>Unsere Website f\u00fcr Sie zu optimieren<\/li>\n\n\n\n<li>Zu verstehen, welche Inhalte f\u00fcr unsere Leser am wertvollsten sind<\/li>\n\n\n\n<li>Unsere Berichterstattung \u00fcber Casinos und die Gl\u00fccksspielbranche zu verbessern<\/li>\n\n\n\n<li>Ihnen relevante Werbung anzuzeigen<\/li>\n\n\n\n<li>Die Leistung unserer Website zu messen<\/li>\n<\/ul>\n\n\n\n<h2 class=\"wp-block-heading\">Weitergabe von Informationen an Dritte<\/h2>\n\n\n\n<p>Wir arbeiten mit vertrauensw\u00fcrdigen Partnern zusammen, die uns beim Betrieb unserer Website und der Schaltung von Werbung unterst\u00fctzen. Das bedeutet, dass wir einige Daten teilen mit:<\/p>\n\n\n\n<ul class=\"wp-block-list\">\n<li><strong>Analyse-Dienstleistern<\/strong>, die uns helfen, die Leistung der Website zu verstehen<\/li>\n\n\n\n<li><strong>Werbepartnern<\/strong>, die uns bei der Anzeige relevanter Werbung unterst\u00fctzen<\/li>\n\n\n\n<li><strong>Drittanbieterdiensten<\/strong>, die f\u00fcr die Funktion unserer Website notwendig sind<\/li>\n<\/ul>\n\n\n\n<p>Wir teilen nur die Daten, die f\u00fcr diese Dienste unbedingt erforderlich sind.\u00a0<strong>Wir verkaufen niemals Ihre pers\u00f6nlichen Daten.<\/strong><\/p>\n\n\n\n<h2 class=\"wp-block-heading\">Ihre Rechte und Wahlm\u00f6glichkeiten<\/h2>\n\n\n\n<p>Sie haben die Kontrolle \u00fcber Ihre Daten. Sie k\u00f6nnen:<\/p>\n\n\n\n<ul class=\"wp-block-list\">\n<li>Ausw\u00e4hlen, welche Cookies Sie akzeptieren oder ablehnen m\u00f6chten<\/li>\n\n\n\n<li>Informationen \u00fcber die Daten anfordern, die wir \u00fcber Sie gespeichert haben<\/li>\n\n\n\n<li>Uns bitten, bestimmte Arten der Datenerhebung einzustellen<\/li>\n\n\n\n<li>Ihre Rechte gem\u00e4\u00df der DSGVO aus\u00fcben, wenn Sie in der Europ\u00e4ischen Union ans\u00e4ssig sind<\/li>\n<\/ul>\n\n\n\n<p>Wenn Sie Fragen zu Ihrem Datenschutz haben oder eines dieser Rechte aus\u00fcben m\u00f6chten, kontaktieren Sie uns bitte einfach per E-Mail. Wir helfen Ihnen gerne weiter.<\/p>\n\n\n\n<p>Diese Datenschutzerkl\u00e4rung kann sich \u00e4ndern, wenn sich unser Service weiterentwickelt. In diesem Fall informieren wir Sie durch die Ver\u00f6ffentlichung von Aktualisierungen auf unserer Website.<\/p>\n","protected":false},"excerpt":{"rendered":"<p>Ihre Privatsph\u00e4re ist uns bei CasinoBeats wichtig. Diese Datenschutzerkl\u00e4rung erkl\u00e4rt, wie wir Informationen verarbeiten, die w\u00e4hrend Ihrer Besuche auf unserer Website gesammelt werden. Wir m\u00f6chten unsere Praktiken klar und direkt darlegen und dabei alle relevanten Datenschutzgesetze, einschlie\u00dflich der Datenschutz-Grundverordnung (DSGVO), einhalten. Welche Daten wir sammeln Wir beschr\u00e4nken die Datenerhebung auf ein Minimum und erfassen ausschlie\u00dflich [&hellip;]<\/p>\n","protected":false},"author":121,"featured_media":0,"parent":0,"menu_order":0,"comment_status":"closed","ping_status":"closed","template":"","meta":{"_acf_changed":false,"inline_featured_image":false,"_lmt_disableupdate":"yes","_lmt_disable":"","footnotes":""},"categories":[],"class_list":["post-69779","page","type-page","status-publish","hentry"],"acf":[],"yoast_head":"<!-- This site is optimized with the Yoast SEO plugin v27.2 - https:\/\/yoast.com\/product\/yoast-seo-wordpress\/ -->\n<title>Datenschutzerkl\u00e4rung - CasinoBeats Deutschland<\/title>\n<meta name=\"description\" content=\"DSGVO-Konform\u30fbTransparent\u30fb\u00dcbersichtlich\u30fbIhre Privatsph\u00e4re ist uns bei CasinoBeats wichtig. Diese Datenschutzerkl\u00e4rung erkl\u00e4rt, wie wir Informationen verarbeiten, die w\u00e4hrend Ihrer Besuche auf unserer Website gesammelt werden.\" \/>\n<meta name=\"robots\" content=\"index, follow, max-snippet:-1, max-image-preview:large, max-video-preview:-1\" \/>\n<link rel=\"canonical\" href=\"https:\/\/casinobeats.com\/de\/datenschutzerklaerung\/\" \/>\n<meta property=\"og:locale\" content=\"de_DE\" \/>\n<meta property=\"og:type\" content=\"article\" \/>\n<meta property=\"og:title\" content=\"Datenschutzerkl\u00e4rung - CasinoBeats Deutschland\" \/>\n<meta property=\"og:description\" content=\"DSGVO-Konform\u30fbTransparent\u30fb\u00dcbersichtlich\u30fbIhre Privatsph\u00e4re ist uns bei CasinoBeats wichtig. Diese Datenschutzerkl\u00e4rung erkl\u00e4rt, wie wir Informationen verarbeiten, die w\u00e4hrend Ihrer Besuche auf unserer Website gesammelt werden.\" \/>\n<meta property=\"og:url\" content=\"https:\/\/casinobeats.com\/de\/datenschutzerklaerung\/\" \/>\n<meta property=\"og:site_name\" content=\"CasinoBeats Deutschland\" \/>\n<meta property=\"article:modified_time\" content=\"2026-03-25T20:56:09+00:00\" \/>\n<meta property=\"og:image\" content=\"https:\/\/casinobeats.com\/de\/wp-content\/uploads\/sites\/2\/2026\/03\/cb_default_image.png\" \/>\n\t<meta property=\"og:image:width\" content=\"626\" \/>\n\t<meta property=\"og:image:height\" content=\"390\" \/>\n\t<meta property=\"og:image:type\" content=\"image\/png\" \/>\n<meta name=\"twitter:card\" content=\"summary_large_image\" \/>\n<meta name=\"twitter:label1\" content=\"Gesch\u00e4tzte Lesezeit\" \/>\n\t<meta name=\"twitter:data1\" content=\"3\u00a0Minuten\" \/>\n<script type=\"application\/ld+json\" class=\"yoast-schema-graph\">{\"@context\":\"https:\/\/schema.org\",\"@graph\":[{\"@type\":\"Article\",\"@id\":\"https:\/\/casinobeats.com\/de\/datenschutzerklaerung\/#article\",\"isPartOf\":{\"@id\":\"https:\/\/casinobeats.com\/de\/datenschutzerklaerung\/\"},\"author\":{\"name\":\"Julio Grossm\u00fcller\",\"@id\":\"https:\/\/casinobeats.com\/de\/#\/schema\/person\/974c7fe6f37a8c34555294422c302308\"},\"headline\":\"Datenschutzerkl\u00e4rung\",\"datePublished\":\"2025-11-20T09:11:42+00:00\",\"dateModified\":\"2026-03-25T20:56:09+00:00\",\"mainEntityOfPage\":{\"@id\":\"https:\/\/casinobeats.com\/de\/datenschutzerklaerung\/\"},\"wordCount\":516,\"inLanguage\":\"de\"},{\"@type\":\"WebPage\",\"@id\":\"https:\/\/casinobeats.com\/de\/datenschutzerklaerung\/\",\"url\":\"https:\/\/casinobeats.com\/de\/datenschutzerklaerung\/\",\"name\":\"Datenschutzerkl\u00e4rung - CasinoBeats Deutschland\",\"isPartOf\":{\"@id\":\"https:\/\/casinobeats.com\/de\/#website\"},\"datePublished\":\"2025-11-20T09:11:42+00:00\",\"dateModified\":\"2026-03-25T20:56:09+00:00\",\"description\":\"DSGVO-Konform\u30fbTransparent\u30fb\u00dcbersichtlich\u30fbIhre Privatsph\u00e4re ist uns bei CasinoBeats wichtig. Diese Datenschutzerkl\u00e4rung erkl\u00e4rt, wie wir Informationen verarbeiten, die w\u00e4hrend Ihrer Besuche auf unserer Website gesammelt werden.\",\"breadcrumb\":{\"@id\":\"https:\/\/casinobeats.com\/de\/datenschutzerklaerung\/#breadcrumb\"},\"inLanguage\":\"de\",\"potentialAction\":[{\"@type\":\"ReadAction\",\"target\":[\"https:\/\/casinobeats.com\/de\/datenschutzerklaerung\/\"]}]},{\"@type\":\"BreadcrumbList\",\"@id\":\"https:\/\/casinobeats.com\/de\/datenschutzerklaerung\/#breadcrumb\",\"itemListElement\":[{\"@type\":\"ListItem\",\"position\":1,\"name\":\"Home\",\"item\":\"https:\/\/casinobeats.com\/de\/\"},{\"@type\":\"ListItem\",\"position\":2,\"name\":\"Datenschutzerkl\u00e4rung\"}]},{\"@type\":\"WebSite\",\"@id\":\"https:\/\/casinobeats.com\/de\/#website\",\"url\":\"https:\/\/casinobeats.com\/de\/\",\"name\":\"CasinoBeats Deutschland\",\"description\":\"\",\"potentialAction\":[{\"@type\":\"SearchAction\",\"target\":{\"@type\":\"EntryPoint\",\"urlTemplate\":\"https:\/\/casinobeats.com\/de\/?s={search_term_string}\"},\"query-input\":{\"@type\":\"PropertyValueSpecification\",\"valueRequired\":true,\"valueName\":\"search_term_string\"}}],\"inLanguage\":\"de\"},{\"@type\":\"Person\",\"@id\":\"https:\/\/casinobeats.com\/de\/#\/schema\/person\/974c7fe6f37a8c34555294422c302308\",\"name\":\"Julio Grossm\u00fcller\",\"image\":{\"@type\":\"ImageObject\",\"inLanguage\":\"de\",\"@id\":\"https:\/\/casinobeats.com\/de\/wp-content\/uploads\/sites\/2\/2025\/04\/avatar_user_121_1745843238-96x96.png\",\"url\":\"https:\/\/casinobeats.com\/de\/wp-content\/uploads\/sites\/2\/2025\/04\/avatar_user_121_1745843238-96x96.png\",\"contentUrl\":\"https:\/\/casinobeats.com\/de\/wp-content\/uploads\/sites\/2\/2025\/04\/avatar_user_121_1745843238-96x96.png\",\"caption\":\"Julio Grossm\u00fcller\"},\"description\":\"Julio ist leidenschaftlicher Casino Spieler mit langj\u00e4hriger Erfahrung sowohl in klassischen Spielbanken als auch bei Online Casinos. Durch seine umfassende Praxis kennt er die St\u00e4rken und Schw\u00e4chen der Anbieter genau und teilt sein Wissen in verst\u00e4ndlichen und ehrlichen Beitr\u00e4gen. Sein Fokus liegt auf fairen Spielen, attraktiven Bonusangeboten und sicheren Plattformen.\",\"url\":\"https:\/\/casinobeats.com\/de\/author\/julio\/\"}]}<\/script>\n<!-- \/ Yoast SEO plugin. -->","yoast_head_json":{"title":"Datenschutzerkl\u00e4rung - CasinoBeats Deutschland","description":"DSGVO-Konform\u30fbTransparent\u30fb\u00dcbersichtlich\u30fbIhre Privatsph\u00e4re ist uns bei CasinoBeats wichtig. Diese Datenschutzerkl\u00e4rung erkl\u00e4rt, wie wir Informationen verarbeiten, die w\u00e4hrend Ihrer Besuche auf unserer Website gesammelt werden.","robots":{"index":"index","follow":"follow","max-snippet":"max-snippet:-1","max-image-preview":"max-image-preview:large","max-video-preview":"max-video-preview:-1"},"canonical":"https:\/\/casinobeats.com\/de\/datenschutzerklaerung\/","og_locale":"de_DE","og_type":"article","og_title":"Datenschutzerkl\u00e4rung - CasinoBeats Deutschland","og_description":"DSGVO-Konform\u30fbTransparent\u30fb\u00dcbersichtlich\u30fbIhre Privatsph\u00e4re ist uns bei CasinoBeats wichtig. Diese Datenschutzerkl\u00e4rung erkl\u00e4rt, wie wir Informationen verarbeiten, die w\u00e4hrend Ihrer Besuche auf unserer Website gesammelt werden.","og_url":"https:\/\/casinobeats.com\/de\/datenschutzerklaerung\/","og_site_name":"CasinoBeats Deutschland","article_modified_time":"2026-03-25T20:56:09+00:00","og_image":[{"width":626,"height":390,"url":"https:\/\/casinobeats.com\/de\/wp-content\/uploads\/sites\/2\/2026\/03\/cb_default_image.png","type":"image\/png"}],"twitter_card":"summary_large_image","twitter_misc":{"Gesch\u00e4tzte Lesezeit":"3\u00a0Minuten"},"schema":{"@context":"https:\/\/schema.org","@graph":[{"@type":"Article","@id":"https:\/\/casinobeats.com\/de\/datenschutzerklaerung\/#article","isPartOf":{"@id":"https:\/\/casinobeats.com\/de\/datenschutzerklaerung\/"},"author":{"name":"Julio Grossm\u00fcller","@id":"https:\/\/casinobeats.com\/de\/#\/schema\/person\/974c7fe6f37a8c34555294422c302308"},"headline":"Datenschutzerkl\u00e4rung","datePublished":"2025-11-20T09:11:42+00:00","dateModified":"2026-03-25T20:56:09+00:00","mainEntityOfPage":{"@id":"https:\/\/casinobeats.com\/de\/datenschutzerklaerung\/"},"wordCount":516,"inLanguage":"de"},{"@type":"WebPage","@id":"https:\/\/casinobeats.com\/de\/datenschutzerklaerung\/","url":"https:\/\/casinobeats.com\/de\/datenschutzerklaerung\/","name":"Datenschutzerkl\u00e4rung - CasinoBeats Deutschland","isPartOf":{"@id":"https:\/\/casinobeats.com\/de\/#website"},"datePublished":"2025-11-20T09:11:42+00:00","dateModified":"2026-03-25T20:56:09+00:00","description":"DSGVO-Konform\u30fbTransparent\u30fb\u00dcbersichtlich\u30fbIhre Privatsph\u00e4re ist uns bei CasinoBeats wichtig. Diese Datenschutzerkl\u00e4rung erkl\u00e4rt, wie wir Informationen verarbeiten, die w\u00e4hrend Ihrer Besuche auf unserer Website gesammelt werden.","breadcrumb":{"@id":"https:\/\/casinobeats.com\/de\/datenschutzerklaerung\/#breadcrumb"},"inLanguage":"de","potentialAction":[{"@type":"ReadAction","target":["https:\/\/casinobeats.com\/de\/datenschutzerklaerung\/"]}]},{"@type":"BreadcrumbList","@id":"https:\/\/casinobeats.com\/de\/datenschutzerklaerung\/#breadcrumb","itemListElement":[{"@type":"ListItem","position":1,"name":"Home","item":"https:\/\/casinobeats.com\/de\/"},{"@type":"ListItem","position":2,"name":"Datenschutzerkl\u00e4rung"}]},{"@type":"WebSite","@id":"https:\/\/casinobeats.com\/de\/#website","url":"https:\/\/casinobeats.com\/de\/","name":"CasinoBeats Deutschland","description":"","potentialAction":[{"@type":"SearchAction","target":{"@type":"EntryPoint","urlTemplate":"https:\/\/casinobeats.com\/de\/?s={search_term_string}"},"query-input":{"@type":"PropertyValueSpecification","valueRequired":true,"valueName":"search_term_string"}}],"inLanguage":"de"},{"@type":"Person","@id":"https:\/\/casinobeats.com\/de\/#\/schema\/person\/974c7fe6f37a8c34555294422c302308","name":"Julio Grossm\u00fcller","image":{"@type":"ImageObject","inLanguage":"de","@id":"https:\/\/casinobeats.com\/de\/wp-content\/uploads\/sites\/2\/2025\/04\/avatar_user_121_1745843238-96x96.png","url":"https:\/\/casinobeats.com\/de\/wp-content\/uploads\/sites\/2\/2025\/04\/avatar_user_121_1745843238-96x96.png","contentUrl":"https:\/\/casinobeats.com\/de\/wp-content\/uploads\/sites\/2\/2025\/04\/avatar_user_121_1745843238-96x96.png","caption":"Julio Grossm\u00fcller"},"description":"Julio ist leidenschaftlicher Casino Spieler mit langj\u00e4hriger Erfahrung sowohl in klassischen Spielbanken als auch bei Online Casinos. Durch seine umfassende Praxis kennt er die St\u00e4rken und Schw\u00e4chen der Anbieter genau und teilt sein Wissen in verst\u00e4ndlichen und ehrlichen Beitr\u00e4gen. Sein Fokus liegt auf fairen Spielen, attraktiven Bonusangeboten und sicheren Plattformen.","url":"https:\/\/casinobeats.com\/de\/author\/julio\/"}]}},"_links":{"self":[{"href":"https:\/\/casinobeats.com\/de\/wp-json\/wp\/v2\/pages\/69779","targetHints":{"allow":["GET"]}}],"collection":[{"href":"https:\/\/casinobeats.com\/de\/wp-json\/wp\/v2\/pages"}],"about":[{"href":"https:\/\/casinobeats.com\/de\/wp-json\/wp\/v2\/types\/page"}],"author":[{"embeddable":true,"href":"https:\/\/casinobeats.com\/de\/wp-json\/wp\/v2\/users\/121"}],"replies":[{"embeddable":true,"href":"https:\/\/casinobeats.com\/de\/wp-json\/wp\/v2\/comments?post=69779"}],"version-history":[{"count":2,"href":"https:\/\/casinobeats.com\/de\/wp-json\/wp\/v2\/pages\/69779\/revisions"}],"predecessor-version":[{"id":69789,"href":"https:\/\/casinobeats.com\/de\/wp-json\/wp\/v2\/pages\/69779\/revisions\/69789"}],"wp:attachment":[{"href":"https:\/\/casinobeats.com\/de\/wp-json\/wp\/v2\/media?parent=69779"}],"wp:term":[{"taxonomy":"category","embeddable":true,"href":"https:\/\/casinobeats.com\/de\/wp-json\/wp\/v2\/categories?post=69779"}],"curies":[{"name":"wp","href":"https:\/\/api.w.org\/{rel}","templated":true}]}}