{"id":31,"date":"2025-06-10T03:54:03","date_gmt":"2025-06-10T03:54:03","guid":{"rendered":"https:\/\/casinobeats.com\/fr\/?page_id=31"},"modified":"2026-03-25T08:59:23","modified_gmt":"2026-03-25T08:59:23","slug":"a-propos-de-nous","status":"publish","type":"page","link":"https:\/\/casinobeats.com\/fr\/a-propos-de-nous\/","title":{"rendered":"\u00c0 propos de nous"},"content":{"rendered":"\n<p>CasinoBeats est votre guide de confiance dans le monde des jeux d&rsquo;argent en ligne. Depuis notre cr\u00e9ation en 2018, nous fournissons quotidiennement aux professionnels du secteur et aux joueurs des actualit\u00e9s et des analyses honn\u00eates sur les casinos, les jeux et les plateformes de paiement. Notre \u00e9quipe de journalistes exp\u00e9riment\u00e9s et d&rsquo;experts en jeux d&rsquo;argent couvre le secteur depuis des ann\u00e9es, testant les plateformes et aidant les lecteurs \u00e0 prendre des d\u00e9cisions \u00e9clair\u00e9es.<\/p>\n\n\n\n<figure class=\"wp-block-image size-full is-resized\"><img decoding=\"async\" width=\"626\" height=\"390\" src=\"https:\/\/casinobeats.com\/fr\/wp-content\/uploads\/sites\/7\/2026\/03\/cb_default_image.png\" alt=\"\" class=\"wp-image-72940\" style=\"width:840px;height:auto\" srcset=\"https:\/\/casinobeats.com\/fr\/wp-content\/uploads\/sites\/7\/2026\/03\/cb_default_image.png 626w, https:\/\/casinobeats.com\/fr\/wp-content\/uploads\/sites\/7\/2026\/03\/cb_default_image-300x187.png 300w\" sizes=\"(max-width: 626px) 100vw, 626px\" \/><\/figure>\n\n\n\n<h2 class=\"wp-block-heading\">Notre approche<\/h2>\n\n\n\n<p>Tout ce que nous publions est bas\u00e9 sur l&rsquo;exp\u00e9rience pratique. Nous ne nous contentons pas de partager des informations&nbsp;: nous les testons nous-m\u00eames. Cela signifie&nbsp;:<\/p>\n\n\n\n<ul class=\"wp-block-list\">\n<li>Nous testons personnellement chaque casino et jeu que nous \u00e9valuons.<\/li>\n\n\n\n<li>Notre \u00e9quipe v\u00e9rifie chaque avis \u00e0 l&rsquo;aide d&rsquo;une liste de contr\u00f4le d\u00e9taill\u00e9e.<\/li>\n\n\n\n<li>Nous contactons directement les fournisseurs pour v\u00e9rifier les d\u00e9tails techniques.<\/li>\n\n\n\n<li>Nous mettons r\u00e9guli\u00e8rement \u00e0 jour notre contenu.<\/li>\n\n\n\n<li>Nous testons les paiements m\u00e9thodes avec des transactions r\u00e9elles.<\/li>\n<\/ul>\n\n\n\n<h2 class=\"wp-block-heading\">Ce que nous rapportons<\/h2>\n\n\n\n<p>Nous vous informons quotidiennement des derni\u00e8res \u00e9volutions du secteur des jeux d&rsquo;argent en ligne. Nos rapports couvrent les \u00e9volutions importantes qui affectent \u00e0 la fois les op\u00e9rateurs et les joueurs. Nous examinons \u00e9galement tous les aspects des plateformes de jeux d&rsquo;argent en ligne afin que vous puissiez comprendre ce qui est int\u00e9ressant et ce qui ne l&rsquo;est pas.<\/p>\n\n\n\n<p>Que vous choisissiez un nouveau casino, que vous exploriez les options de paiement ou que vous suiviez les tendances du secteur, nous vous fournissons des informations claires et pratiques bas\u00e9es sur des tests et des recherches r\u00e9els.<\/p>\n\n\n<div id=\"cb-why-trust-us-bar-block_5ea56b8e53062b46d51ccfccf1a86eac\" class=\"cb-why-trust-us-bar\">\n    <div class=\"cb-why-trust-us-bar__inner\">\n        <div class=\"cb-why-trust-us-bar__stats\">\n            <div class=\"cb-why-trust-us-bar__stat\">\n                <span class=\"cb-why-trust-us-bar__stat-value\">25k+<\/span>\n                <span class=\"cb-why-trust-us-bar__stat-label\">Articles publi\u00e9s<\/span>\n            <\/div>\n            <div class=\"cb-why-trust-us-bar__stat\">\n                <span class=\"cb-why-trust-us-bar__stat-value\">250+<\/span>\n                <span class=\"cb-why-trust-us-bar__stat-label\">Casinos \u00e9valu\u00e9s<\/span>\n            <\/div>\n            <div class=\"cb-why-trust-us-bar__stat\">\n                <span class=\"cb-why-trust-us-bar__stat-value\">8+<\/span>\n                <span class=\"cb-why-trust-us-bar__stat-label\">Ann\u00e9es d&#039;exp\u00e9rience<\/span>\n            <\/div>\n            <div class=\"cb-why-trust-us-bar__stat\">\n                <span class=\"cb-why-trust-us-bar__stat-value\">500+<\/span>\n                <span class=\"cb-why-trust-us-bar__stat-label\">Heures de recherche<\/span>\n            <\/div>\n        <\/div>\n    <\/div>\n<\/div>\n\n\n<h2 class=\"wp-block-heading\">Notre engagement en mati\u00e8re de transparence<\/h2>\n\n\n\n<p>Nous accordons une importance primordiale \u00e0 l&rsquo;honn\u00eatet\u00e9 absolue envers nos lecteurs. Nous avons des partenariats d&rsquo;affiliation avec certains casinos et plateformes, ce qui nous permet de proposer notre contenu gratuitement. Cependant, ces rapports n&rsquo;influencent en aucun cas nos notes ou nos recommandations.<\/p>\n\n\n\n<p>Nous gagnons votre confiance gr\u00e2ce \u00e0 des rapports coh\u00e9rents et impartiaux. Chaque plateforme, que nous soyons partenaires ou non, fait l&rsquo;objet de la m\u00eame \u00e9valuation approfondie. Lorsque nous mettons en avant les points forts d&rsquo;un casino, c&rsquo;est parce que nous les avons test\u00e9s nous-m\u00eames. Lorsque nous signalons des probl\u00e8mes, c&rsquo;est parce que nous les avons constat\u00e9s nous-m\u00eames.<\/p>\n\n\n\n<h2 class=\"wp-block-heading\">Normes \u00e9ditoriales<\/h2>\n\n\n\n<p>Nous nous effor\u00e7ons d&rsquo;\u00eatre honn\u00eates et pr\u00e9cis dans tout ce que nous faisons, au meilleur de nos connaissances. <a href=\"https:\/\/casinobeats.com\/fr\/directives-editoriales\/\">Notre processus \u00e9ditorial<\/a> commence par des recherches approfondies et se termine par une v\u00e9rification minutieuse des faits. En cas d&rsquo;ambigu\u00eft\u00e9, nous contactons directement les op\u00e9rateurs pour v\u00e9rifier les d\u00e9tails techniques et les politiques. En cas de modification, nous mettons \u00e0 jour notre contenu afin de garantir la mise \u00e0 jour de toutes les informations fournies.<\/p>\n\n\n\n<p>Nous nous effor\u00e7ons de rendre nos avis et nos rapports aussi complets que possible. Par exemple, nous ne nous contentons pas d&rsquo;\u00e9num\u00e9rer les fonctionnalit\u00e9s, nous expliquons \u00e9galement leur importance. Nos \u00e9valuations vont au-del\u00e0 de ce qui est n\u00e9cessaire pour vous aider \u00e0 comprendre les performances de chaque plateforme. Lorsque nous recommandons un casino ou un mode de paiement, nous le faisons apr\u00e8s l&rsquo;avoir test\u00e9 en profondeur et sommes convaincus de son r\u00e9el int\u00e9r\u00eat.<\/p>\n\n\n\n<p>En bref, chaque avis, article et guide que nous publions est con\u00e7u pour vous aider \u00e0 prendre de meilleures d\u00e9cisions concernant les jeux d&rsquo;argent en ligne. C&rsquo;est notre promesse.<\/p>\n","protected":false},"excerpt":{"rendered":"<p>CasinoBeats est votre guide de confiance dans le monde des jeux d&rsquo;argent en ligne. Depuis notre cr\u00e9ation en 2018, nous fournissons quotidiennement aux professionnels du secteur et aux joueurs des actualit\u00e9s et des analyses honn\u00eates sur les casinos, les jeux et les plateformes de paiement. Notre \u00e9quipe de journalistes exp\u00e9riment\u00e9s et d&rsquo;experts en jeux d&rsquo;argent [&hellip;]<\/p>\n","protected":false},"author":66,"featured_media":72940,"parent":0,"menu_order":0,"comment_status":"closed","ping_status":"closed","template":"","meta":{"_acf_changed":false,"inline_featured_image":false,"_lmt_disableupdate":"","_lmt_disable":"","footnotes":""},"categories":[],"class_list":["post-31","page","type-page","status-publish","has-post-thumbnail","hentry"],"acf":[],"yoast_head":"<!-- This site is optimized with the Yoast SEO plugin v27.2 - https:\/\/yoast.com\/product\/yoast-seo-wordpress\/ -->\n<title>\u00c0 propos de nous - CasinoBeats France<\/title>\n<meta name=\"robots\" content=\"index, follow, max-snippet:-1, max-image-preview:large, max-video-preview:-1\" \/>\n<link rel=\"canonical\" href=\"https:\/\/casinobeats.com\/fr\/a-propos-de-nous\/\" \/>\n<meta property=\"og:locale\" content=\"fr_FR\" \/>\n<meta property=\"og:type\" content=\"article\" \/>\n<meta property=\"og:title\" content=\"\u00c0 propos de nous - CasinoBeats France\" \/>\n<meta property=\"og:url\" content=\"https:\/\/casinobeats.com\/fr\/a-propos-de-nous\/\" \/>\n<meta property=\"og:site_name\" content=\"CasinoBeats France\" \/>\n<meta property=\"article:modified_time\" content=\"2026-03-25T08:59:23+00:00\" \/>\n<meta property=\"og:image\" content=\"https:\/\/casinobeats.com\/fr\/wp-content\/uploads\/sites\/7\/2026\/03\/cb_default_image.png\" \/>\n\t<meta property=\"og:image:width\" content=\"626\" \/>\n\t<meta property=\"og:image:height\" content=\"390\" \/>\n\t<meta property=\"og:image:type\" content=\"image\/png\" \/>\n<meta name=\"twitter:card\" content=\"summary_large_image\" \/>\n<meta name=\"twitter:label1\" content=\"Est. reading time\" \/>\n\t<meta name=\"twitter:data1\" content=\"4 minutes\" \/>\n<script type=\"application\/ld+json\" class=\"yoast-schema-graph\">{\"@context\":\"https:\/\/schema.org\",\"@graph\":[{\"@type\":\"Article\",\"@id\":\"https:\/\/casinobeats.com\/fr\/a-propos-de-nous\/#article\",\"isPartOf\":{\"@id\":\"https:\/\/casinobeats.com\/fr\/a-propos-de-nous\/\"},\"author\":{\"name\":\"Admin\",\"@id\":\"https:\/\/casinobeats.com\/fr\/#\/schema\/person\/ab777917a85bf5f1d480f693151fc47a\"},\"headline\":\"\u00c0 propos de nous\",\"datePublished\":\"2025-06-10T03:54:03+00:00\",\"dateModified\":\"2026-03-25T08:59:23+00:00\",\"mainEntityOfPage\":{\"@id\":\"https:\/\/casinobeats.com\/fr\/a-propos-de-nous\/\"},\"wordCount\":598,\"image\":{\"@id\":\"https:\/\/casinobeats.com\/fr\/a-propos-de-nous\/#primaryimage\"},\"thumbnailUrl\":\"https:\/\/casinobeats.com\/fr\/wp-content\/uploads\/sites\/7\/2026\/03\/cb_default_image.png\",\"inLanguage\":\"fr-FR\"},{\"@type\":\"WebPage\",\"@id\":\"https:\/\/casinobeats.com\/fr\/a-propos-de-nous\/\",\"url\":\"https:\/\/casinobeats.com\/fr\/a-propos-de-nous\/\",\"name\":\"\u00c0 propos de nous - CasinoBeats France\",\"isPartOf\":{\"@id\":\"https:\/\/casinobeats.com\/fr\/#website\"},\"primaryImageOfPage\":{\"@id\":\"https:\/\/casinobeats.com\/fr\/a-propos-de-nous\/#primaryimage\"},\"image\":{\"@id\":\"https:\/\/casinobeats.com\/fr\/a-propos-de-nous\/#primaryimage\"},\"thumbnailUrl\":\"https:\/\/casinobeats.com\/fr\/wp-content\/uploads\/sites\/7\/2026\/03\/cb_default_image.png\",\"datePublished\":\"2025-06-10T03:54:03+00:00\",\"dateModified\":\"2026-03-25T08:59:23+00:00\",\"breadcrumb\":{\"@id\":\"https:\/\/casinobeats.com\/fr\/a-propos-de-nous\/#breadcrumb\"},\"inLanguage\":\"fr-FR\",\"potentialAction\":[{\"@type\":\"ReadAction\",\"target\":[\"https:\/\/casinobeats.com\/fr\/a-propos-de-nous\/\"]}]},{\"@type\":\"ImageObject\",\"inLanguage\":\"fr-FR\",\"@id\":\"https:\/\/casinobeats.com\/fr\/a-propos-de-nous\/#primaryimage\",\"url\":\"https:\/\/casinobeats.com\/fr\/wp-content\/uploads\/sites\/7\/2026\/03\/cb_default_image.png\",\"contentUrl\":\"https:\/\/casinobeats.com\/fr\/wp-content\/uploads\/sites\/7\/2026\/03\/cb_default_image.png\",\"width\":626,\"height\":390},{\"@type\":\"BreadcrumbList\",\"@id\":\"https:\/\/casinobeats.com\/fr\/a-propos-de-nous\/#breadcrumb\",\"itemListElement\":[{\"@type\":\"ListItem\",\"position\":1,\"name\":\"Home\",\"item\":\"https:\/\/casinobeats.com\/fr\/\"},{\"@type\":\"ListItem\",\"position\":2,\"name\":\"\u00c0 propos de nous\"}]},{\"@type\":\"WebSite\",\"@id\":\"https:\/\/casinobeats.com\/fr\/#website\",\"url\":\"https:\/\/casinobeats.com\/fr\/\",\"name\":\"CasinoBeats France\",\"description\":\"\",\"potentialAction\":[{\"@type\":\"SearchAction\",\"target\":{\"@type\":\"EntryPoint\",\"urlTemplate\":\"https:\/\/casinobeats.com\/fr\/?s={search_term_string}\"},\"query-input\":{\"@type\":\"PropertyValueSpecification\",\"valueRequired\":true,\"valueName\":\"search_term_string\"}}],\"inLanguage\":\"fr-FR\"},{\"@type\":\"Person\",\"@id\":\"https:\/\/casinobeats.com\/fr\/#\/schema\/person\/ab777917a85bf5f1d480f693151fc47a\",\"name\":\"Admin\",\"image\":{\"@type\":\"ImageObject\",\"inLanguage\":\"fr-FR\",\"@id\":\"https:\/\/casinobeats.com\/wp-content\/uploads\/2025\/01\/casinobeats_hp_logo-96x96.webp\",\"url\":\"https:\/\/casinobeats.com\/wp-content\/uploads\/2025\/01\/casinobeats_hp_logo-96x96.webp\",\"contentUrl\":\"https:\/\/casinobeats.com\/wp-content\/uploads\/2025\/01\/casinobeats_hp_logo-96x96.webp\",\"caption\":\"Admin\"},\"url\":\"https:\/\/casinobeats.com\/fr\/author\/alkesh\/\"}]}<\/script>\n<!-- \/ Yoast SEO plugin. -->","yoast_head_json":{"title":"\u00c0 propos de nous - CasinoBeats France","robots":{"index":"index","follow":"follow","max-snippet":"max-snippet:-1","max-image-preview":"max-image-preview:large","max-video-preview":"max-video-preview:-1"},"canonical":"https:\/\/casinobeats.com\/fr\/a-propos-de-nous\/","og_locale":"fr_FR","og_type":"article","og_title":"\u00c0 propos de nous - CasinoBeats France","og_url":"https:\/\/casinobeats.com\/fr\/a-propos-de-nous\/","og_site_name":"CasinoBeats France","article_modified_time":"2026-03-25T08:59:23+00:00","og_image":[{"width":626,"height":390,"url":"https:\/\/casinobeats.com\/fr\/wp-content\/uploads\/sites\/7\/2026\/03\/cb_default_image.png","type":"image\/png"}],"twitter_card":"summary_large_image","twitter_misc":{"Est. reading time":"4 minutes"},"schema":{"@context":"https:\/\/schema.org","@graph":[{"@type":"Article","@id":"https:\/\/casinobeats.com\/fr\/a-propos-de-nous\/#article","isPartOf":{"@id":"https:\/\/casinobeats.com\/fr\/a-propos-de-nous\/"},"author":{"name":"Admin","@id":"https:\/\/casinobeats.com\/fr\/#\/schema\/person\/ab777917a85bf5f1d480f693151fc47a"},"headline":"\u00c0 propos de nous","datePublished":"2025-06-10T03:54:03+00:00","dateModified":"2026-03-25T08:59:23+00:00","mainEntityOfPage":{"@id":"https:\/\/casinobeats.com\/fr\/a-propos-de-nous\/"},"wordCount":598,"image":{"@id":"https:\/\/casinobeats.com\/fr\/a-propos-de-nous\/#primaryimage"},"thumbnailUrl":"https:\/\/casinobeats.com\/fr\/wp-content\/uploads\/sites\/7\/2026\/03\/cb_default_image.png","inLanguage":"fr-FR"},{"@type":"WebPage","@id":"https:\/\/casinobeats.com\/fr\/a-propos-de-nous\/","url":"https:\/\/casinobeats.com\/fr\/a-propos-de-nous\/","name":"\u00c0 propos de nous - CasinoBeats France","isPartOf":{"@id":"https:\/\/casinobeats.com\/fr\/#website"},"primaryImageOfPage":{"@id":"https:\/\/casinobeats.com\/fr\/a-propos-de-nous\/#primaryimage"},"image":{"@id":"https:\/\/casinobeats.com\/fr\/a-propos-de-nous\/#primaryimage"},"thumbnailUrl":"https:\/\/casinobeats.com\/fr\/wp-content\/uploads\/sites\/7\/2026\/03\/cb_default_image.png","datePublished":"2025-06-10T03:54:03+00:00","dateModified":"2026-03-25T08:59:23+00:00","breadcrumb":{"@id":"https:\/\/casinobeats.com\/fr\/a-propos-de-nous\/#breadcrumb"},"inLanguage":"fr-FR","potentialAction":[{"@type":"ReadAction","target":["https:\/\/casinobeats.com\/fr\/a-propos-de-nous\/"]}]},{"@type":"ImageObject","inLanguage":"fr-FR","@id":"https:\/\/casinobeats.com\/fr\/a-propos-de-nous\/#primaryimage","url":"https:\/\/casinobeats.com\/fr\/wp-content\/uploads\/sites\/7\/2026\/03\/cb_default_image.png","contentUrl":"https:\/\/casinobeats.com\/fr\/wp-content\/uploads\/sites\/7\/2026\/03\/cb_default_image.png","width":626,"height":390},{"@type":"BreadcrumbList","@id":"https:\/\/casinobeats.com\/fr\/a-propos-de-nous\/#breadcrumb","itemListElement":[{"@type":"ListItem","position":1,"name":"Home","item":"https:\/\/casinobeats.com\/fr\/"},{"@type":"ListItem","position":2,"name":"\u00c0 propos de nous"}]},{"@type":"WebSite","@id":"https:\/\/casinobeats.com\/fr\/#website","url":"https:\/\/casinobeats.com\/fr\/","name":"CasinoBeats France","description":"","potentialAction":[{"@type":"SearchAction","target":{"@type":"EntryPoint","urlTemplate":"https:\/\/casinobeats.com\/fr\/?s={search_term_string}"},"query-input":{"@type":"PropertyValueSpecification","valueRequired":true,"valueName":"search_term_string"}}],"inLanguage":"fr-FR"},{"@type":"Person","@id":"https:\/\/casinobeats.com\/fr\/#\/schema\/person\/ab777917a85bf5f1d480f693151fc47a","name":"Admin","image":{"@type":"ImageObject","inLanguage":"fr-FR","@id":"https:\/\/casinobeats.com\/wp-content\/uploads\/2025\/01\/casinobeats_hp_logo-96x96.webp","url":"https:\/\/casinobeats.com\/wp-content\/uploads\/2025\/01\/casinobeats_hp_logo-96x96.webp","contentUrl":"https:\/\/casinobeats.com\/wp-content\/uploads\/2025\/01\/casinobeats_hp_logo-96x96.webp","caption":"Admin"},"url":"https:\/\/casinobeats.com\/fr\/author\/alkesh\/"}]}},"_links":{"self":[{"href":"https:\/\/casinobeats.com\/fr\/wp-json\/wp\/v2\/pages\/31","targetHints":{"allow":["GET"]}}],"collection":[{"href":"https:\/\/casinobeats.com\/fr\/wp-json\/wp\/v2\/pages"}],"about":[{"href":"https:\/\/casinobeats.com\/fr\/wp-json\/wp\/v2\/types\/page"}],"author":[{"embeddable":true,"href":"https:\/\/casinobeats.com\/fr\/wp-json\/wp\/v2\/users\/66"}],"replies":[{"embeddable":true,"href":"https:\/\/casinobeats.com\/fr\/wp-json\/wp\/v2\/comments?post=31"}],"version-history":[{"count":2,"href":"https:\/\/casinobeats.com\/fr\/wp-json\/wp\/v2\/pages\/31\/revisions"}],"predecessor-version":[{"id":72952,"href":"https:\/\/casinobeats.com\/fr\/wp-json\/wp\/v2\/pages\/31\/revisions\/72952"}],"wp:featuredmedia":[{"embeddable":true,"href":"https:\/\/casinobeats.com\/fr\/wp-json\/wp\/v2\/media\/72940"}],"wp:attachment":[{"href":"https:\/\/casinobeats.com\/fr\/wp-json\/wp\/v2\/media?parent=31"}],"wp:term":[{"taxonomy":"category","embeddable":true,"href":"https:\/\/casinobeats.com\/fr\/wp-json\/wp\/v2\/categories?post=31"}],"curies":[{"name":"wp","href":"https:\/\/api.w.org\/{rel}","templated":true}]}}