{"id":33,"date":"2025-06-10T03:48:40","date_gmt":"2025-06-10T03:48:40","guid":{"rendered":"https:\/\/casinobeats.com\/fr\/?page_id=33"},"modified":"2026-03-25T10:29:09","modified_gmt":"2026-03-25T10:29:09","slug":"contactez-nous","status":"publish","type":"page","link":"https:\/\/casinobeats.com\/fr\/contactez-nous\/","title":{"rendered":"Contactez-nous"},"content":{"rendered":"\n<p><strong>Vous avez une question sur les jeux d&rsquo;argent en ligne\u00a0?<\/strong> Vous souhaitez partager votre avis sur un casino\u00a0? Que vous soyez un joueur \u00e0 la recherche de conseils ou un expert du secteur partageant des informations, nous sommes impatients de vous lire.<\/p>\n\n\n\n<p><strong>Envie de collaborer avec nous\u00a0?<\/strong> Nous sommes toujours \u00e0 la recherche de journalistes talentueux et passionn\u00e9s par les jeux d&rsquo;argent. CasinoBeats offre \u00e9galement diverses opportunit\u00e9s de partenariat aux op\u00e9rateurs de jeux d&rsquo;argent, aux fournisseurs de jeux et aux prestataires de services du secteur. Du contenu sponsoris\u00e9 aux banni\u00e8res publicitaires en passant par la couverture personnalis\u00e9e de vos derniers produits, nous vous aiderons \u00e0 atteindre notre public d\u00e9di\u00e9 de joueurs et d&rsquo;experts du secteur.<\/p>\n\n\n\n<p>Tout le contenu est cr\u00e9\u00e9 en interne par des experts de premier plan du secteur des casinos, forts d&rsquo;une vaste exp\u00e9rience. Pour en savoir plus sur nos <a href=\"https:\/\/casinobeats.com\/fr\/authors\/\" type=\"link\" id=\"https:\/\/casinobeats.com\/fr\/authors\/\">auteurs internes<\/a>, cliquez ici.<\/p>\n\n\n\n<p>Envoyez-nous un e-mail \u00e0&nbsp;: info@casinobeats.com. Notre \u00e9quipe r\u00e9pondra \u00e0 votre demande dans les meilleurs d\u00e9lais.<\/p>\n\n\n\n<p>CasinoBeats.com est enregistr\u00e9 aux \u00celes Ca\u00efmans.<\/p>\n\n\n\n<p><strong>Nom de l&rsquo;entreprise&nbsp;:<\/strong><br>Casinobeats Media Ltd.<\/p>\n\n\n\n<p><strong>Adresse&nbsp;:<\/strong><br>Casinobeats Media Ltd.<br>123 Royal Palm Drive,<br>George Town,<br>Grand Cayman, KY1-1001,<br>\u00celes Ca\u00efmans<\/p>\n","protected":false},"excerpt":{"rendered":"<p>Vous avez une question sur les jeux d&rsquo;argent en ligne\u00a0? Vous souhaitez partager votre avis sur un casino\u00a0? Que vous soyez un joueur \u00e0 la recherche de conseils ou un expert du secteur partageant des informations, nous sommes impatients de vous lire. Envie de collaborer avec nous\u00a0? Nous sommes toujours \u00e0 la recherche de journalistes [&hellip;]<\/p>\n","protected":false},"author":66,"featured_media":72895,"parent":0,"menu_order":0,"comment_status":"closed","ping_status":"closed","template":"","meta":{"_acf_changed":false,"inline_featured_image":false,"_lmt_disableupdate":"","_lmt_disable":"","footnotes":""},"categories":[],"class_list":["post-33","page","type-page","status-publish","has-post-thumbnail","hentry"],"acf":[],"yoast_head":"<!-- This site is optimized with the Yoast SEO plugin v27.2 - https:\/\/yoast.com\/product\/yoast-seo-wordpress\/ -->\n<title>Contactez-nous - CasinoBeats France<\/title>\n<meta name=\"robots\" content=\"index, follow, max-snippet:-1, max-image-preview:large, max-video-preview:-1\" \/>\n<link rel=\"canonical\" href=\"https:\/\/casinobeats.com\/fr\/contactez-nous\/\" \/>\n<meta property=\"og:locale\" content=\"fr_FR\" \/>\n<meta property=\"og:type\" content=\"article\" \/>\n<meta property=\"og:title\" content=\"Contactez-nous - CasinoBeats France\" \/>\n<meta property=\"og:url\" content=\"https:\/\/casinobeats.com\/fr\/contactez-nous\/\" \/>\n<meta property=\"og:site_name\" content=\"CasinoBeats France\" \/>\n<meta property=\"article:modified_time\" content=\"2026-03-25T10:29:09+00:00\" \/>\n<meta property=\"og:image\" content=\"https:\/\/casinobeats.com\/fr\/wp-content\/uploads\/sites\/7\/2026\/03\/placeholder.webp\" \/>\n\t<meta property=\"og:image:width\" content=\"1035\" \/>\n\t<meta property=\"og:image:height\" content=\"645\" \/>\n\t<meta property=\"og:image:type\" content=\"image\/webp\" \/>\n<meta name=\"twitter:card\" content=\"summary_large_image\" \/>\n<meta name=\"twitter:label1\" content=\"Est. reading time\" \/>\n\t<meta name=\"twitter:data1\" content=\"2 minutes\" \/>\n<script type=\"application\/ld+json\" class=\"yoast-schema-graph\">{\"@context\":\"https:\/\/schema.org\",\"@graph\":[{\"@type\":\"Article\",\"@id\":\"https:\/\/casinobeats.com\/fr\/contactez-nous\/#article\",\"isPartOf\":{\"@id\":\"https:\/\/casinobeats.com\/fr\/contactez-nous\/\"},\"author\":{\"name\":\"Admin\",\"@id\":\"https:\/\/casinobeats.com\/fr\/#\/schema\/person\/ab777917a85bf5f1d480f693151fc47a\"},\"headline\":\"Contactez-nous\",\"datePublished\":\"2025-06-10T03:48:40+00:00\",\"dateModified\":\"2026-03-25T10:29:09+00:00\",\"mainEntityOfPage\":{\"@id\":\"https:\/\/casinobeats.com\/fr\/contactez-nous\/\"},\"wordCount\":207,\"image\":{\"@id\":\"https:\/\/casinobeats.com\/fr\/contactez-nous\/#primaryimage\"},\"thumbnailUrl\":\"https:\/\/casinobeats.com\/fr\/wp-content\/uploads\/sites\/7\/2026\/03\/placeholder.webp\",\"inLanguage\":\"fr-FR\"},{\"@type\":\"WebPage\",\"@id\":\"https:\/\/casinobeats.com\/fr\/contactez-nous\/\",\"url\":\"https:\/\/casinobeats.com\/fr\/contactez-nous\/\",\"name\":\"Contactez-nous - CasinoBeats France\",\"isPartOf\":{\"@id\":\"https:\/\/casinobeats.com\/fr\/#website\"},\"primaryImageOfPage\":{\"@id\":\"https:\/\/casinobeats.com\/fr\/contactez-nous\/#primaryimage\"},\"image\":{\"@id\":\"https:\/\/casinobeats.com\/fr\/contactez-nous\/#primaryimage\"},\"thumbnailUrl\":\"https:\/\/casinobeats.com\/fr\/wp-content\/uploads\/sites\/7\/2026\/03\/placeholder.webp\",\"datePublished\":\"2025-06-10T03:48:40+00:00\",\"dateModified\":\"2026-03-25T10:29:09+00:00\",\"breadcrumb\":{\"@id\":\"https:\/\/casinobeats.com\/fr\/contactez-nous\/#breadcrumb\"},\"inLanguage\":\"fr-FR\",\"potentialAction\":[{\"@type\":\"ReadAction\",\"target\":[\"https:\/\/casinobeats.com\/fr\/contactez-nous\/\"]}]},{\"@type\":\"ImageObject\",\"inLanguage\":\"fr-FR\",\"@id\":\"https:\/\/casinobeats.com\/fr\/contactez-nous\/#primaryimage\",\"url\":\"https:\/\/casinobeats.com\/fr\/wp-content\/uploads\/sites\/7\/2026\/03\/placeholder.webp\",\"contentUrl\":\"https:\/\/casinobeats.com\/fr\/wp-content\/uploads\/sites\/7\/2026\/03\/placeholder.webp\",\"width\":1035,\"height\":645},{\"@type\":\"BreadcrumbList\",\"@id\":\"https:\/\/casinobeats.com\/fr\/contactez-nous\/#breadcrumb\",\"itemListElement\":[{\"@type\":\"ListItem\",\"position\":1,\"name\":\"Home\",\"item\":\"https:\/\/casinobeats.com\/fr\/\"},{\"@type\":\"ListItem\",\"position\":2,\"name\":\"Contactez-nous\"}]},{\"@type\":\"WebSite\",\"@id\":\"https:\/\/casinobeats.com\/fr\/#website\",\"url\":\"https:\/\/casinobeats.com\/fr\/\",\"name\":\"CasinoBeats France\",\"description\":\"\",\"potentialAction\":[{\"@type\":\"SearchAction\",\"target\":{\"@type\":\"EntryPoint\",\"urlTemplate\":\"https:\/\/casinobeats.com\/fr\/?s={search_term_string}\"},\"query-input\":{\"@type\":\"PropertyValueSpecification\",\"valueRequired\":true,\"valueName\":\"search_term_string\"}}],\"inLanguage\":\"fr-FR\"},{\"@type\":\"Person\",\"@id\":\"https:\/\/casinobeats.com\/fr\/#\/schema\/person\/ab777917a85bf5f1d480f693151fc47a\",\"name\":\"Admin\",\"image\":{\"@type\":\"ImageObject\",\"inLanguage\":\"fr-FR\",\"@id\":\"https:\/\/casinobeats.com\/wp-content\/uploads\/2025\/01\/casinobeats_hp_logo-96x96.webp\",\"url\":\"https:\/\/casinobeats.com\/wp-content\/uploads\/2025\/01\/casinobeats_hp_logo-96x96.webp\",\"contentUrl\":\"https:\/\/casinobeats.com\/wp-content\/uploads\/2025\/01\/casinobeats_hp_logo-96x96.webp\",\"caption\":\"Admin\"},\"url\":\"https:\/\/casinobeats.com\/fr\/author\/alkesh\/\"}]}<\/script>\n<!-- \/ Yoast SEO plugin. -->","yoast_head_json":{"title":"Contactez-nous - CasinoBeats France","robots":{"index":"index","follow":"follow","max-snippet":"max-snippet:-1","max-image-preview":"max-image-preview:large","max-video-preview":"max-video-preview:-1"},"canonical":"https:\/\/casinobeats.com\/fr\/contactez-nous\/","og_locale":"fr_FR","og_type":"article","og_title":"Contactez-nous - CasinoBeats France","og_url":"https:\/\/casinobeats.com\/fr\/contactez-nous\/","og_site_name":"CasinoBeats France","article_modified_time":"2026-03-25T10:29:09+00:00","og_image":[{"width":1035,"height":645,"url":"https:\/\/casinobeats.com\/fr\/wp-content\/uploads\/sites\/7\/2026\/03\/placeholder.webp","type":"image\/webp"}],"twitter_card":"summary_large_image","twitter_misc":{"Est. reading time":"2 minutes"},"schema":{"@context":"https:\/\/schema.org","@graph":[{"@type":"Article","@id":"https:\/\/casinobeats.com\/fr\/contactez-nous\/#article","isPartOf":{"@id":"https:\/\/casinobeats.com\/fr\/contactez-nous\/"},"author":{"name":"Admin","@id":"https:\/\/casinobeats.com\/fr\/#\/schema\/person\/ab777917a85bf5f1d480f693151fc47a"},"headline":"Contactez-nous","datePublished":"2025-06-10T03:48:40+00:00","dateModified":"2026-03-25T10:29:09+00:00","mainEntityOfPage":{"@id":"https:\/\/casinobeats.com\/fr\/contactez-nous\/"},"wordCount":207,"image":{"@id":"https:\/\/casinobeats.com\/fr\/contactez-nous\/#primaryimage"},"thumbnailUrl":"https:\/\/casinobeats.com\/fr\/wp-content\/uploads\/sites\/7\/2026\/03\/placeholder.webp","inLanguage":"fr-FR"},{"@type":"WebPage","@id":"https:\/\/casinobeats.com\/fr\/contactez-nous\/","url":"https:\/\/casinobeats.com\/fr\/contactez-nous\/","name":"Contactez-nous - CasinoBeats France","isPartOf":{"@id":"https:\/\/casinobeats.com\/fr\/#website"},"primaryImageOfPage":{"@id":"https:\/\/casinobeats.com\/fr\/contactez-nous\/#primaryimage"},"image":{"@id":"https:\/\/casinobeats.com\/fr\/contactez-nous\/#primaryimage"},"thumbnailUrl":"https:\/\/casinobeats.com\/fr\/wp-content\/uploads\/sites\/7\/2026\/03\/placeholder.webp","datePublished":"2025-06-10T03:48:40+00:00","dateModified":"2026-03-25T10:29:09+00:00","breadcrumb":{"@id":"https:\/\/casinobeats.com\/fr\/contactez-nous\/#breadcrumb"},"inLanguage":"fr-FR","potentialAction":[{"@type":"ReadAction","target":["https:\/\/casinobeats.com\/fr\/contactez-nous\/"]}]},{"@type":"ImageObject","inLanguage":"fr-FR","@id":"https:\/\/casinobeats.com\/fr\/contactez-nous\/#primaryimage","url":"https:\/\/casinobeats.com\/fr\/wp-content\/uploads\/sites\/7\/2026\/03\/placeholder.webp","contentUrl":"https:\/\/casinobeats.com\/fr\/wp-content\/uploads\/sites\/7\/2026\/03\/placeholder.webp","width":1035,"height":645},{"@type":"BreadcrumbList","@id":"https:\/\/casinobeats.com\/fr\/contactez-nous\/#breadcrumb","itemListElement":[{"@type":"ListItem","position":1,"name":"Home","item":"https:\/\/casinobeats.com\/fr\/"},{"@type":"ListItem","position":2,"name":"Contactez-nous"}]},{"@type":"WebSite","@id":"https:\/\/casinobeats.com\/fr\/#website","url":"https:\/\/casinobeats.com\/fr\/","name":"CasinoBeats France","description":"","potentialAction":[{"@type":"SearchAction","target":{"@type":"EntryPoint","urlTemplate":"https:\/\/casinobeats.com\/fr\/?s={search_term_string}"},"query-input":{"@type":"PropertyValueSpecification","valueRequired":true,"valueName":"search_term_string"}}],"inLanguage":"fr-FR"},{"@type":"Person","@id":"https:\/\/casinobeats.com\/fr\/#\/schema\/person\/ab777917a85bf5f1d480f693151fc47a","name":"Admin","image":{"@type":"ImageObject","inLanguage":"fr-FR","@id":"https:\/\/casinobeats.com\/wp-content\/uploads\/2025\/01\/casinobeats_hp_logo-96x96.webp","url":"https:\/\/casinobeats.com\/wp-content\/uploads\/2025\/01\/casinobeats_hp_logo-96x96.webp","contentUrl":"https:\/\/casinobeats.com\/wp-content\/uploads\/2025\/01\/casinobeats_hp_logo-96x96.webp","caption":"Admin"},"url":"https:\/\/casinobeats.com\/fr\/author\/alkesh\/"}]}},"_links":{"self":[{"href":"https:\/\/casinobeats.com\/fr\/wp-json\/wp\/v2\/pages\/33","targetHints":{"allow":["GET"]}}],"collection":[{"href":"https:\/\/casinobeats.com\/fr\/wp-json\/wp\/v2\/pages"}],"about":[{"href":"https:\/\/casinobeats.com\/fr\/wp-json\/wp\/v2\/types\/page"}],"author":[{"embeddable":true,"href":"https:\/\/casinobeats.com\/fr\/wp-json\/wp\/v2\/users\/66"}],"replies":[{"embeddable":true,"href":"https:\/\/casinobeats.com\/fr\/wp-json\/wp\/v2\/comments?post=33"}],"version-history":[{"count":3,"href":"https:\/\/casinobeats.com\/fr\/wp-json\/wp\/v2\/pages\/33\/revisions"}],"predecessor-version":[{"id":72955,"href":"https:\/\/casinobeats.com\/fr\/wp-json\/wp\/v2\/pages\/33\/revisions\/72955"}],"wp:featuredmedia":[{"embeddable":true,"href":"https:\/\/casinobeats.com\/fr\/wp-json\/wp\/v2\/media\/72895"}],"wp:attachment":[{"href":"https:\/\/casinobeats.com\/fr\/wp-json\/wp\/v2\/media?parent=33"}],"wp:term":[{"taxonomy":"category","embeddable":true,"href":"https:\/\/casinobeats.com\/fr\/wp-json\/wp\/v2\/categories?post=33"}],"curies":[{"name":"wp","href":"https:\/\/api.w.org\/{rel}","templated":true}]}}