{"id":74200,"date":"2026-04-16T12:56:20","date_gmt":"2026-04-16T12:56:20","guid":{"rendered":"https:\/\/casinobeats.com\/fr\/?page_id=74200"},"modified":"2026-04-16T12:57:23","modified_gmt":"2026-04-16T12:57:23","slug":"bm-hub-test","status":"publish","type":"page","link":"https:\/\/casinobeats.com\/fr\/bm-hub-test\/","title":{"rendered":"BM HUB Test"},"content":{"rendered":"\n<p>Un crypto casino permet de jouer en Bitcoin, Ethereum, USDT ou autres cryptomonnaies, avec des d\u00e9p\u00f4ts et retraits qui passent par wallet plut\u00f4t que par les circuits bancaires classiques.<\/p>\n\n\n\n<p>TOPLIST<\/p>\n","protected":false},"excerpt":{"rendered":"<p>Un crypto casino permet de jouer en Bitcoin, Ethereum, USDT ou autres cryptomonnaies, avec des d\u00e9p\u00f4ts et retraits qui passent par wallet plut\u00f4t que par les circuits bancaires classiques. TOPLIST<\/p>\n","protected":false},"author":204,"featured_media":0,"parent":0,"menu_order":0,"comment_status":"closed","ping_status":"closed","template":"","meta":{"_acf_changed":false,"inline_featured_image":false,"_lmt_disableupdate":"","_lmt_disable":"","footnotes":""},"categories":[1],"class_list":["post-74200","page","type-page","status-publish","hentry","category-uncategorized"],"acf":[],"yoast_head":"<!-- This site is optimized with the Yoast SEO plugin v27.2 - https:\/\/yoast.com\/product\/yoast-seo-wordpress\/ -->\n<title>BM HUB Test<\/title>\n<meta name=\"description\" content=\"BM HUB Test\" \/>\n<meta name=\"robots\" content=\"noindex, nofollow\" \/>\n<meta property=\"og:locale\" content=\"fr_FR\" \/>\n<meta property=\"og:type\" content=\"article\" \/>\n<meta property=\"og:title\" content=\"BM HUB Test\" \/>\n<meta property=\"og:description\" content=\"BM HUB Test\" \/>\n<meta property=\"og:url\" content=\"https:\/\/casinobeats.com\/fr\/bm-hub-test\/\" \/>\n<meta property=\"og:site_name\" content=\"CasinoBeats France\" \/>\n<meta property=\"article:modified_time\" content=\"2026-04-16T12:57:23+00:00\" \/>\n<meta property=\"og:image\" content=\"https:\/\/casinobeats.com\/fr\/wp-content\/uploads\/sites\/7\/2026\/03\/cb_default_image.png\" \/>\n\t<meta property=\"og:image:width\" content=\"626\" \/>\n\t<meta property=\"og:image:height\" content=\"390\" \/>\n\t<meta property=\"og:image:type\" content=\"image\/png\" \/>\n<meta name=\"twitter:card\" content=\"summary_large_image\" \/>\n<meta name=\"twitter:label1\" content=\"Est. reading time\" \/>\n\t<meta name=\"twitter:data1\" content=\"1 minute\" \/>\n<script type=\"application\/ld+json\" class=\"yoast-schema-graph\">{\"@context\":\"https:\/\/schema.org\",\"@graph\":[{\"@type\":\"Article\",\"@id\":\"https:\/\/casinobeats.com\/fr\/bm-hub-test\/#article\",\"isPartOf\":{\"@id\":\"https:\/\/casinobeats.com\/fr\/bm-hub-test\/\"},\"author\":{\"name\":\"Zaina Benson\",\"@id\":\"https:\/\/casinobeats.com\/fr\/#\/schema\/person\/ea6c4c28be33b052168aac765da12a84\"},\"headline\":\"BM HUB Test\",\"datePublished\":\"2026-04-16T12:56:20+00:00\",\"dateModified\":\"2026-04-16T12:57:23+00:00\",\"mainEntityOfPage\":{\"@id\":\"https:\/\/casinobeats.com\/fr\/bm-hub-test\/\"},\"wordCount\":36,\"articleSection\":[\"Uncategorized\"],\"inLanguage\":\"fr-FR\"},{\"@type\":\"WebPage\",\"@id\":\"https:\/\/casinobeats.com\/fr\/bm-hub-test\/\",\"url\":\"https:\/\/casinobeats.com\/fr\/bm-hub-test\/\",\"name\":\"BM HUB Test\",\"isPartOf\":{\"@id\":\"https:\/\/casinobeats.com\/fr\/#website\"},\"datePublished\":\"2026-04-16T12:56:20+00:00\",\"dateModified\":\"2026-04-16T12:57:23+00:00\",\"description\":\"BM HUB Test\",\"breadcrumb\":{\"@id\":\"https:\/\/casinobeats.com\/fr\/bm-hub-test\/#breadcrumb\"},\"inLanguage\":\"fr-FR\",\"potentialAction\":[{\"@type\":\"ReadAction\",\"target\":[\"https:\/\/casinobeats.com\/fr\/bm-hub-test\/\"]}]},{\"@type\":\"BreadcrumbList\",\"@id\":\"https:\/\/casinobeats.com\/fr\/bm-hub-test\/#breadcrumb\",\"itemListElement\":[{\"@type\":\"ListItem\",\"position\":1,\"name\":\"Home\",\"item\":\"https:\/\/casinobeats.com\/fr\/\"},{\"@type\":\"ListItem\",\"position\":2,\"name\":\"BM HUB Test\"}]},{\"@type\":\"WebSite\",\"@id\":\"https:\/\/casinobeats.com\/fr\/#website\",\"url\":\"https:\/\/casinobeats.com\/fr\/\",\"name\":\"CasinoBeats France\",\"description\":\"\",\"potentialAction\":[{\"@type\":\"SearchAction\",\"target\":{\"@type\":\"EntryPoint\",\"urlTemplate\":\"https:\/\/casinobeats.com\/fr\/?s={search_term_string}\"},\"query-input\":{\"@type\":\"PropertyValueSpecification\",\"valueRequired\":true,\"valueName\":\"search_term_string\"}}],\"inLanguage\":\"fr-FR\"},{\"@type\":\"Person\",\"@id\":\"https:\/\/casinobeats.com\/fr\/#\/schema\/person\/ea6c4c28be33b052168aac765da12a84\",\"name\":\"Zaina Benson\",\"image\":{\"@type\":\"ImageObject\",\"inLanguage\":\"fr-FR\",\"@id\":\"https:\/\/casinobeats.com\/fr\/wp-content\/uploads\/sites\/7\/2026\/01\/avatar_user_204_1769685203-96x96.jpeg\",\"url\":\"https:\/\/casinobeats.com\/fr\/wp-content\/uploads\/sites\/7\/2026\/01\/avatar_user_204_1769685203-96x96.jpeg\",\"contentUrl\":\"https:\/\/casinobeats.com\/fr\/wp-content\/uploads\/sites\/7\/2026\/01\/avatar_user_204_1769685203-96x96.jpeg\",\"caption\":\"Zaina Benson\"},\"url\":\"https:\/\/casinobeats.com\/fr\/author\/zainabenson\/\"}]}<\/script>\n<!-- \/ Yoast SEO plugin. -->","yoast_head_json":{"title":"BM HUB Test","description":"BM HUB Test","robots":{"index":"noindex","follow":"nofollow"},"og_locale":"fr_FR","og_type":"article","og_title":"BM HUB Test","og_description":"BM HUB Test","og_url":"https:\/\/casinobeats.com\/fr\/bm-hub-test\/","og_site_name":"CasinoBeats France","article_modified_time":"2026-04-16T12:57:23+00:00","og_image":[{"width":626,"height":390,"url":"https:\/\/casinobeats.com\/fr\/wp-content\/uploads\/sites\/7\/2026\/03\/cb_default_image.png","type":"image\/png"}],"twitter_card":"summary_large_image","twitter_misc":{"Est. reading time":"1 minute"},"schema":{"@context":"https:\/\/schema.org","@graph":[{"@type":"Article","@id":"https:\/\/casinobeats.com\/fr\/bm-hub-test\/#article","isPartOf":{"@id":"https:\/\/casinobeats.com\/fr\/bm-hub-test\/"},"author":{"name":"Zaina Benson","@id":"https:\/\/casinobeats.com\/fr\/#\/schema\/person\/ea6c4c28be33b052168aac765da12a84"},"headline":"BM HUB Test","datePublished":"2026-04-16T12:56:20+00:00","dateModified":"2026-04-16T12:57:23+00:00","mainEntityOfPage":{"@id":"https:\/\/casinobeats.com\/fr\/bm-hub-test\/"},"wordCount":36,"articleSection":["Uncategorized"],"inLanguage":"fr-FR"},{"@type":"WebPage","@id":"https:\/\/casinobeats.com\/fr\/bm-hub-test\/","url":"https:\/\/casinobeats.com\/fr\/bm-hub-test\/","name":"BM HUB Test","isPartOf":{"@id":"https:\/\/casinobeats.com\/fr\/#website"},"datePublished":"2026-04-16T12:56:20+00:00","dateModified":"2026-04-16T12:57:23+00:00","description":"BM HUB Test","breadcrumb":{"@id":"https:\/\/casinobeats.com\/fr\/bm-hub-test\/#breadcrumb"},"inLanguage":"fr-FR","potentialAction":[{"@type":"ReadAction","target":["https:\/\/casinobeats.com\/fr\/bm-hub-test\/"]}]},{"@type":"BreadcrumbList","@id":"https:\/\/casinobeats.com\/fr\/bm-hub-test\/#breadcrumb","itemListElement":[{"@type":"ListItem","position":1,"name":"Home","item":"https:\/\/casinobeats.com\/fr\/"},{"@type":"ListItem","position":2,"name":"BM HUB Test"}]},{"@type":"WebSite","@id":"https:\/\/casinobeats.com\/fr\/#website","url":"https:\/\/casinobeats.com\/fr\/","name":"CasinoBeats France","description":"","potentialAction":[{"@type":"SearchAction","target":{"@type":"EntryPoint","urlTemplate":"https:\/\/casinobeats.com\/fr\/?s={search_term_string}"},"query-input":{"@type":"PropertyValueSpecification","valueRequired":true,"valueName":"search_term_string"}}],"inLanguage":"fr-FR"},{"@type":"Person","@id":"https:\/\/casinobeats.com\/fr\/#\/schema\/person\/ea6c4c28be33b052168aac765da12a84","name":"Zaina Benson","image":{"@type":"ImageObject","inLanguage":"fr-FR","@id":"https:\/\/casinobeats.com\/fr\/wp-content\/uploads\/sites\/7\/2026\/01\/avatar_user_204_1769685203-96x96.jpeg","url":"https:\/\/casinobeats.com\/fr\/wp-content\/uploads\/sites\/7\/2026\/01\/avatar_user_204_1769685203-96x96.jpeg","contentUrl":"https:\/\/casinobeats.com\/fr\/wp-content\/uploads\/sites\/7\/2026\/01\/avatar_user_204_1769685203-96x96.jpeg","caption":"Zaina Benson"},"url":"https:\/\/casinobeats.com\/fr\/author\/zainabenson\/"}]}},"_links":{"self":[{"href":"https:\/\/casinobeats.com\/fr\/wp-json\/wp\/v2\/pages\/74200","targetHints":{"allow":["GET"]}}],"collection":[{"href":"https:\/\/casinobeats.com\/fr\/wp-json\/wp\/v2\/pages"}],"about":[{"href":"https:\/\/casinobeats.com\/fr\/wp-json\/wp\/v2\/types\/page"}],"author":[{"embeddable":true,"href":"https:\/\/casinobeats.com\/fr\/wp-json\/wp\/v2\/users\/204"}],"replies":[{"embeddable":true,"href":"https:\/\/casinobeats.com\/fr\/wp-json\/wp\/v2\/comments?post=74200"}],"version-history":[{"count":3,"href":"https:\/\/casinobeats.com\/fr\/wp-json\/wp\/v2\/pages\/74200\/revisions"}],"predecessor-version":[{"id":74203,"href":"https:\/\/casinobeats.com\/fr\/wp-json\/wp\/v2\/pages\/74200\/revisions\/74203"}],"wp:attachment":[{"href":"https:\/\/casinobeats.com\/fr\/wp-json\/wp\/v2\/media?parent=74200"}],"wp:term":[{"taxonomy":"category","embeddable":true,"href":"https:\/\/casinobeats.com\/fr\/wp-json\/wp\/v2\/categories?post=74200"}],"curies":[{"name":"wp","href":"https:\/\/api.w.org\/{rel}","templated":true}]}}