{"id":28,"date":"2025-06-09T09:57:59","date_gmt":"2025-06-09T09:57:59","guid":{"rendered":"https:\/\/casinobeats.com\/it\/?page_id=28"},"modified":"2026-03-25T11:45:01","modified_gmt":"2026-03-25T11:45:01","slug":"chi-siamo","status":"publish","type":"page","link":"https:\/\/casinobeats.com\/it\/chi-siamo\/","title":{"rendered":"Chi siamo"},"content":{"rendered":"\n<p>CasinoBeats \u00e8 la tua guida di fiducia al mondo del gioco d&#8217;azzardo online. Dalla nostra fondazione nel 2018, offriamo quotidianamente notizie e recensioni oneste su casin\u00f2, giochi e piattaforme di pagamento a professionisti del settore e giocatori. Il nostro team di giornalisti esperti ed esperti di gioco d&#8217;azzardo si occupa del settore da anni, testando le piattaforme e aiutando i lettori a prendere decisioni consapevoli.<\/p>\n\n\n\n<figure class=\"wp-block-image size-full is-resized\"><img decoding=\"async\" width=\"626\" height=\"390\" src=\"https:\/\/casinobeats.com\/it\/wp-content\/uploads\/sites\/6\/2026\/03\/cb_default_image.png\" alt=\"\" class=\"wp-image-70444\" style=\"width:840px;height:auto\" srcset=\"https:\/\/casinobeats.com\/it\/wp-content\/uploads\/sites\/6\/2026\/03\/cb_default_image.png 626w, https:\/\/casinobeats.com\/it\/wp-content\/uploads\/sites\/6\/2026\/03\/cb_default_image-300x187.png 300w\" sizes=\"(max-width: 626px) 100vw, 626px\" \/><\/figure>\n\n\n\n<h2 class=\"wp-block-heading\">Il nostro approccio<\/h2>\n\n\n\n<p>Tutto ci\u00f2 che pubblichiamo si basa sull&#8217;esperienza pratica. Non ci limitiamo a condividere le informazioni: le testiamo noi stessi. Ci\u00f2 significa:<\/p>\n\n\n\n<ul class=\"wp-block-list\">\n<li>Testiamo personalmente ogni casin\u00f2 e gioco che recensiamo.<\/li>\n\n\n\n<li>Il nostro team verifica ogni recensione utilizzando una checklist dettagliata.<\/li>\n\n\n\n<li>Contattiamo direttamente i fornitori per verificare i dettagli tecnici.<\/li>\n\n\n\n<li>Aggiorniamo regolarmente i nostri contenuti per mantenerli sempre aggiornati.<\/li>\n\n\n\n<li>Testiamo i metodi di pagamento con transazioni reali.<\/li>\n<\/ul>\n\n\n\n<h2 class=\"wp-block-heading\">Cosa segnaliamo<\/h2>\n\n\n\n<p>Vi informiamo quotidianamente sugli ultimi sviluppi nel settore del gioco d&#8217;azzardo online. I nostri report coprono sviluppi importanti che riguardano sia gli operatori che i giocatori. Esaminiamo anche ogni aspetto delle piattaforme di gioco d&#8217;azzardo online in modo che tu possa capire cosa vale la pena e cosa no.<\/p>\n\n\n\n<p>Che tu stia scegliendo un nuovo casin\u00f2, esplorando le opzioni di pagamento o monitorando le tendenze del settore, forniamo informazioni chiare e pratiche basate su test e ricerche reali.<\/p>\n\n\n<div id=\"cb-why-trust-us-bar-block_7a81d3f6f118c2bc8df51d5d0adcde43\" class=\"cb-why-trust-us-bar\">\n    <div class=\"cb-why-trust-us-bar__inner\">\n        <div class=\"cb-why-trust-us-bar__stats\">\n            <div class=\"cb-why-trust-us-bar__stat\">\n                <span class=\"cb-why-trust-us-bar__stat-value\">25k+<\/span>\n                <span class=\"cb-why-trust-us-bar__stat-label\">Articoli pubblicati<\/span>\n            <\/div>\n            <div class=\"cb-why-trust-us-bar__stat\">\n                <span class=\"cb-why-trust-us-bar__stat-value\">250+<\/span>\n                <span class=\"cb-why-trust-us-bar__stat-label\">Casin\u00f2 recensiti<\/span>\n            <\/div>\n            <div class=\"cb-why-trust-us-bar__stat\">\n                <span class=\"cb-why-trust-us-bar__stat-value\">8+<\/span>\n                <span class=\"cb-why-trust-us-bar__stat-label\">Anni di esperienza<\/span>\n            <\/div>\n            <div class=\"cb-why-trust-us-bar__stat\">\n                <span class=\"cb-why-trust-us-bar__stat-value\">500+<\/span>\n                <span class=\"cb-why-trust-us-bar__stat-label\">Ore di ricerca<\/span>\n            <\/div>\n        <\/div>\n    <\/div>\n<\/div>\n\n\n<h2 class=\"wp-block-heading\">Il nostro impegno per la trasparenza<\/h2>\n\n\n\n<p>Apprezziamo l&#8217;assoluta onest\u00e0 con i nostri lettori. S\u00ec, abbiamo partnership di affiliazione con alcuni casin\u00f2 e piattaforme, il che ci consente di offrire i nostri contenuti gratuitamente. Tuttavia, queste relazioni non influenzano mai le nostre valutazioni o raccomandazioni.<\/p>\n\n\n\n<p>Ci guadagniamo la vostra fiducia grazie a un reporting coerente e imparziale. Ogni piattaforma, che sia nostra partner o meno, viene sottoposta alla stessa valutazione approfondita. Quando evidenziamo i punti di forza di un casin\u00f2, \u00e8 perch\u00e9 li abbiamo testati noi stessi. Quando segnaliamo i problemi, \u00e8 perch\u00e9 li abbiamo sperimentati noi stessi.<\/p>\n\n\n\n<h2 class=\"wp-block-heading\">Standard editoriali<\/h2>\n\n\n\n<p>Ci impegniamo al meglio delle nostre conoscenze per essere veritieri e accurati in tutto ci\u00f2 che facciamo. Il nostro <a href=\"https:\/\/casinobeats.com\/it\/linee-guida-editoriali\/\">processo editoriale<\/a> inizia con una ricerca approfondita e termina con un&#8217;attenta verifica dei fatti. In caso di ambiguit\u00e0, contattiamo direttamente gli operatori per verificare i dettagli tecnici e le policy. In caso di modifiche, aggiorniamo i nostri contenuti di conseguenza per garantire che tutte le informazioni fornite siano aggiornate.<\/p>\n\n\n\n<p>Cerchiamo di rendere le nostre recensioni e i nostri report il pi\u00f9 approfonditi possibile. Ad esempio, non ci limitiamo a elencare le funzionalit\u00e0, ma spieghiamo anche cosa significano per te. Le nostre valutazioni vanno oltre i limiti per aiutarti a comprendere le prestazioni di ciascuna piattaforma. Quando consigliamo un casin\u00f2 o un metodo di pagamento, lo facciamo perch\u00e9 lo abbiamo testato ampiamente e siamo convinti che offra un valore reale.<\/p>\n\n\n\n<p>In breve, ogni recensione, articolo e guida che pubblichiamo \u00e8 progettato per aiutarti a prendere decisioni migliori sul gioco d&#8217;azzardo online. Questa \u00e8 la nostra promessa.<\/p>\n","protected":false},"excerpt":{"rendered":"<p>CasinoBeats \u00e8 la tua guida di fiducia al mondo del gioco d&#8217;azzardo online. Dalla nostra fondazione nel 2018, offriamo quotidianamente notizie e recensioni oneste su casin\u00f2, giochi e piattaforme di pagamento a professionisti del settore e giocatori. Il nostro team di giornalisti esperti ed esperti di gioco d&#8217;azzardo si occupa del settore da anni, testando [&hellip;]<\/p>\n","protected":false},"author":203,"featured_media":70444,"parent":0,"menu_order":0,"comment_status":"closed","ping_status":"closed","template":"","meta":{"_acf_changed":false,"inline_featured_image":false,"_lmt_disableupdate":"no","_lmt_disable":"","footnotes":""},"categories":[],"class_list":["post-28","page","type-page","status-publish","has-post-thumbnail","hentry"],"acf":[],"yoast_head":"<!-- This site is optimized with the Yoast SEO plugin v27.2 - https:\/\/yoast.com\/product\/yoast-seo-wordpress\/ -->\n<title>Chi siamo - CasinoBeats Italia<\/title>\n<meta name=\"robots\" content=\"index, follow, max-snippet:-1, max-image-preview:large, max-video-preview:-1\" \/>\n<link rel=\"canonical\" href=\"https:\/\/casinobeats.com\/it\/chi-siamo\/\" \/>\n<meta property=\"og:locale\" content=\"it_IT\" \/>\n<meta property=\"og:type\" content=\"article\" \/>\n<meta property=\"og:title\" content=\"Chi siamo - CasinoBeats Italia\" \/>\n<meta property=\"og:url\" content=\"https:\/\/casinobeats.com\/it\/chi-siamo\/\" \/>\n<meta property=\"og:site_name\" content=\"CasinoBeats Italia\" \/>\n<meta property=\"article:modified_time\" content=\"2026-03-25T11:45:01+00:00\" \/>\n<meta property=\"og:image\" content=\"https:\/\/casinobeats.com\/it\/wp-content\/uploads\/sites\/6\/2026\/03\/cb_default_image.png\" \/>\n\t<meta property=\"og:image:width\" content=\"626\" \/>\n\t<meta property=\"og:image:height\" content=\"390\" \/>\n\t<meta property=\"og:image:type\" content=\"image\/png\" \/>\n<meta name=\"twitter:card\" content=\"summary_large_image\" \/>\n<meta name=\"twitter:label1\" content=\"Est. reading time\" \/>\n\t<meta name=\"twitter:data1\" content=\"3 minuti\" \/>\n<script type=\"application\/ld+json\" class=\"yoast-schema-graph\">{\"@context\":\"https:\/\/schema.org\",\"@graph\":[{\"@type\":\"Article\",\"@id\":\"https:\/\/casinobeats.com\/it\/chi-siamo\/#article\",\"isPartOf\":{\"@id\":\"https:\/\/casinobeats.com\/it\/chi-siamo\/\"},\"author\":{\"name\":\"CasinoBeats Italia\",\"@id\":\"https:\/\/casinobeats.com\/it\/#\/schema\/person\/e1b1f0d925ee0c23c9f8081fc2e7979e\"},\"headline\":\"Chi siamo\",\"datePublished\":\"2025-06-09T09:57:59+00:00\",\"dateModified\":\"2026-03-25T11:45:01+00:00\",\"mainEntityOfPage\":{\"@id\":\"https:\/\/casinobeats.com\/it\/chi-siamo\/\"},\"wordCount\":480,\"image\":{\"@id\":\"https:\/\/casinobeats.com\/it\/chi-siamo\/#primaryimage\"},\"thumbnailUrl\":\"https:\/\/casinobeats.com\/it\/wp-content\/uploads\/sites\/6\/2026\/03\/cb_default_image.png\",\"inLanguage\":\"it-IT\"},{\"@type\":\"WebPage\",\"@id\":\"https:\/\/casinobeats.com\/it\/chi-siamo\/\",\"url\":\"https:\/\/casinobeats.com\/it\/chi-siamo\/\",\"name\":\"Chi siamo - CasinoBeats Italia\",\"isPartOf\":{\"@id\":\"https:\/\/casinobeats.com\/it\/#website\"},\"primaryImageOfPage\":{\"@id\":\"https:\/\/casinobeats.com\/it\/chi-siamo\/#primaryimage\"},\"image\":{\"@id\":\"https:\/\/casinobeats.com\/it\/chi-siamo\/#primaryimage\"},\"thumbnailUrl\":\"https:\/\/casinobeats.com\/it\/wp-content\/uploads\/sites\/6\/2026\/03\/cb_default_image.png\",\"datePublished\":\"2025-06-09T09:57:59+00:00\",\"dateModified\":\"2026-03-25T11:45:01+00:00\",\"breadcrumb\":{\"@id\":\"https:\/\/casinobeats.com\/it\/chi-siamo\/#breadcrumb\"},\"inLanguage\":\"it-IT\",\"potentialAction\":[{\"@type\":\"ReadAction\",\"target\":[\"https:\/\/casinobeats.com\/it\/chi-siamo\/\"]}]},{\"@type\":\"ImageObject\",\"inLanguage\":\"it-IT\",\"@id\":\"https:\/\/casinobeats.com\/it\/chi-siamo\/#primaryimage\",\"url\":\"https:\/\/casinobeats.com\/it\/wp-content\/uploads\/sites\/6\/2026\/03\/cb_default_image.png\",\"contentUrl\":\"https:\/\/casinobeats.com\/it\/wp-content\/uploads\/sites\/6\/2026\/03\/cb_default_image.png\",\"width\":626,\"height\":390},{\"@type\":\"BreadcrumbList\",\"@id\":\"https:\/\/casinobeats.com\/it\/chi-siamo\/#breadcrumb\",\"itemListElement\":[{\"@type\":\"ListItem\",\"position\":1,\"name\":\"Home\",\"item\":\"https:\/\/casinobeats.com\/it\/\"},{\"@type\":\"ListItem\",\"position\":2,\"name\":\"Chi siamo\"}]},{\"@type\":\"WebSite\",\"@id\":\"https:\/\/casinobeats.com\/it\/#website\",\"url\":\"https:\/\/casinobeats.com\/it\/\",\"name\":\"CasinoBeats Italia\",\"description\":\"\",\"potentialAction\":[{\"@type\":\"SearchAction\",\"target\":{\"@type\":\"EntryPoint\",\"urlTemplate\":\"https:\/\/casinobeats.com\/it\/?s={search_term_string}\"},\"query-input\":{\"@type\":\"PropertyValueSpecification\",\"valueRequired\":true,\"valueName\":\"search_term_string\"}}],\"inLanguage\":\"it-IT\"},{\"@type\":\"Person\",\"@id\":\"https:\/\/casinobeats.com\/it\/#\/schema\/person\/e1b1f0d925ee0c23c9f8081fc2e7979e\",\"name\":\"CasinoBeats Italia\",\"image\":{\"@type\":\"ImageObject\",\"inLanguage\":\"it-IT\",\"@id\":\"https:\/\/casinobeats.com\/it\/wp-content\/uploads\/sites\/6\/2025\/09\/casinobeats_hp_logo-250x250-1-96x96.webp\",\"url\":\"https:\/\/casinobeats.com\/it\/wp-content\/uploads\/sites\/6\/2025\/09\/casinobeats_hp_logo-250x250-1-96x96.webp\",\"contentUrl\":\"https:\/\/casinobeats.com\/it\/wp-content\/uploads\/sites\/6\/2025\/09\/casinobeats_hp_logo-250x250-1-96x96.webp\",\"caption\":\"CasinoBeats Italia\"},\"url\":\"https:\/\/casinobeats.com\/it\/author\/casinobeatsitalia\/\"}]}<\/script>\n<!-- \/ Yoast SEO plugin. -->","yoast_head_json":{"title":"Chi siamo - CasinoBeats Italia","robots":{"index":"index","follow":"follow","max-snippet":"max-snippet:-1","max-image-preview":"max-image-preview:large","max-video-preview":"max-video-preview:-1"},"canonical":"https:\/\/casinobeats.com\/it\/chi-siamo\/","og_locale":"it_IT","og_type":"article","og_title":"Chi siamo - CasinoBeats Italia","og_url":"https:\/\/casinobeats.com\/it\/chi-siamo\/","og_site_name":"CasinoBeats Italia","article_modified_time":"2026-03-25T11:45:01+00:00","og_image":[{"width":626,"height":390,"url":"https:\/\/casinobeats.com\/it\/wp-content\/uploads\/sites\/6\/2026\/03\/cb_default_image.png","type":"image\/png"}],"twitter_card":"summary_large_image","twitter_misc":{"Est. reading time":"3 minuti"},"schema":{"@context":"https:\/\/schema.org","@graph":[{"@type":"Article","@id":"https:\/\/casinobeats.com\/it\/chi-siamo\/#article","isPartOf":{"@id":"https:\/\/casinobeats.com\/it\/chi-siamo\/"},"author":{"name":"CasinoBeats Italia","@id":"https:\/\/casinobeats.com\/it\/#\/schema\/person\/e1b1f0d925ee0c23c9f8081fc2e7979e"},"headline":"Chi siamo","datePublished":"2025-06-09T09:57:59+00:00","dateModified":"2026-03-25T11:45:01+00:00","mainEntityOfPage":{"@id":"https:\/\/casinobeats.com\/it\/chi-siamo\/"},"wordCount":480,"image":{"@id":"https:\/\/casinobeats.com\/it\/chi-siamo\/#primaryimage"},"thumbnailUrl":"https:\/\/casinobeats.com\/it\/wp-content\/uploads\/sites\/6\/2026\/03\/cb_default_image.png","inLanguage":"it-IT"},{"@type":"WebPage","@id":"https:\/\/casinobeats.com\/it\/chi-siamo\/","url":"https:\/\/casinobeats.com\/it\/chi-siamo\/","name":"Chi siamo - CasinoBeats Italia","isPartOf":{"@id":"https:\/\/casinobeats.com\/it\/#website"},"primaryImageOfPage":{"@id":"https:\/\/casinobeats.com\/it\/chi-siamo\/#primaryimage"},"image":{"@id":"https:\/\/casinobeats.com\/it\/chi-siamo\/#primaryimage"},"thumbnailUrl":"https:\/\/casinobeats.com\/it\/wp-content\/uploads\/sites\/6\/2026\/03\/cb_default_image.png","datePublished":"2025-06-09T09:57:59+00:00","dateModified":"2026-03-25T11:45:01+00:00","breadcrumb":{"@id":"https:\/\/casinobeats.com\/it\/chi-siamo\/#breadcrumb"},"inLanguage":"it-IT","potentialAction":[{"@type":"ReadAction","target":["https:\/\/casinobeats.com\/it\/chi-siamo\/"]}]},{"@type":"ImageObject","inLanguage":"it-IT","@id":"https:\/\/casinobeats.com\/it\/chi-siamo\/#primaryimage","url":"https:\/\/casinobeats.com\/it\/wp-content\/uploads\/sites\/6\/2026\/03\/cb_default_image.png","contentUrl":"https:\/\/casinobeats.com\/it\/wp-content\/uploads\/sites\/6\/2026\/03\/cb_default_image.png","width":626,"height":390},{"@type":"BreadcrumbList","@id":"https:\/\/casinobeats.com\/it\/chi-siamo\/#breadcrumb","itemListElement":[{"@type":"ListItem","position":1,"name":"Home","item":"https:\/\/casinobeats.com\/it\/"},{"@type":"ListItem","position":2,"name":"Chi siamo"}]},{"@type":"WebSite","@id":"https:\/\/casinobeats.com\/it\/#website","url":"https:\/\/casinobeats.com\/it\/","name":"CasinoBeats Italia","description":"","potentialAction":[{"@type":"SearchAction","target":{"@type":"EntryPoint","urlTemplate":"https:\/\/casinobeats.com\/it\/?s={search_term_string}"},"query-input":{"@type":"PropertyValueSpecification","valueRequired":true,"valueName":"search_term_string"}}],"inLanguage":"it-IT"},{"@type":"Person","@id":"https:\/\/casinobeats.com\/it\/#\/schema\/person\/e1b1f0d925ee0c23c9f8081fc2e7979e","name":"CasinoBeats Italia","image":{"@type":"ImageObject","inLanguage":"it-IT","@id":"https:\/\/casinobeats.com\/it\/wp-content\/uploads\/sites\/6\/2025\/09\/casinobeats_hp_logo-250x250-1-96x96.webp","url":"https:\/\/casinobeats.com\/it\/wp-content\/uploads\/sites\/6\/2025\/09\/casinobeats_hp_logo-250x250-1-96x96.webp","contentUrl":"https:\/\/casinobeats.com\/it\/wp-content\/uploads\/sites\/6\/2025\/09\/casinobeats_hp_logo-250x250-1-96x96.webp","caption":"CasinoBeats Italia"},"url":"https:\/\/casinobeats.com\/it\/author\/casinobeatsitalia\/"}]}},"_links":{"self":[{"href":"https:\/\/casinobeats.com\/it\/wp-json\/wp\/v2\/pages\/28","targetHints":{"allow":["GET"]}}],"collection":[{"href":"https:\/\/casinobeats.com\/it\/wp-json\/wp\/v2\/pages"}],"about":[{"href":"https:\/\/casinobeats.com\/it\/wp-json\/wp\/v2\/types\/page"}],"author":[{"embeddable":true,"href":"https:\/\/casinobeats.com\/it\/wp-json\/wp\/v2\/users\/203"}],"replies":[{"embeddable":true,"href":"https:\/\/casinobeats.com\/it\/wp-json\/wp\/v2\/comments?post=28"}],"version-history":[{"count":2,"href":"https:\/\/casinobeats.com\/it\/wp-json\/wp\/v2\/pages\/28\/revisions"}],"predecessor-version":[{"id":70454,"href":"https:\/\/casinobeats.com\/it\/wp-json\/wp\/v2\/pages\/28\/revisions\/70454"}],"wp:featuredmedia":[{"embeddable":true,"href":"https:\/\/casinobeats.com\/it\/wp-json\/wp\/v2\/media\/70444"}],"wp:attachment":[{"href":"https:\/\/casinobeats.com\/it\/wp-json\/wp\/v2\/media?parent=28"}],"wp:term":[{"taxonomy":"category","embeddable":true,"href":"https:\/\/casinobeats.com\/it\/wp-json\/wp\/v2\/categories?post=28"}],"curies":[{"name":"wp","href":"https:\/\/api.w.org\/{rel}","templated":true}]}}