{"id":18,"date":"2025-04-24T11:10:59","date_gmt":"2025-04-24T11:10:59","guid":{"rendered":"https:\/\/casinobeats.com\/se\/?page_id=18"},"modified":"2026-03-25T08:23:02","modified_gmt":"2026-03-25T08:23:02","slug":"forfattare","status":"publish","type":"page","link":"https:\/\/casinobeats.com\/se\/skribenter\/","title":{"rendered":"L\u00e4r k\u00e4nna v\u00e5ra skribenter"},"content":{"rendered":"","protected":false},"excerpt":{"rendered":"","protected":false},"author":123,"featured_media":72449,"parent":0,"menu_order":0,"comment_status":"closed","ping_status":"closed","template":"page-templates\/author-overview-archive.php","meta":{"_acf_changed":false,"inline_featured_image":false,"_lmt_disableupdate":"no","_lmt_disable":"","footnotes":""},"categories":[],"class_list":["post-18","page","type-page","status-publish","has-post-thumbnail","hentry"],"acf":[],"yoast_head":"<!-- This site is optimized with the Yoast SEO plugin v27.2 - https:\/\/yoast.com\/product\/yoast-seo-wordpress\/ -->\n<title>V\u00e5ra skribenter \u2013 L\u00e4r k\u00e4nna v\u00e5ra svenska skribenter<\/title>\n<meta name=\"description\" content=\"Vi stolta \u00f6ver att ha ett team av branschexperter som tillf\u00f6r en m\u00e4ngd kunskap och erfarenhet till v\u00e5rt inneh\u00e5ll. L\u00e4s om v\u00e5ra skribenter.\" \/>\n<meta name=\"robots\" content=\"index, follow, max-snippet:-1, max-image-preview:large, max-video-preview:-1\" \/>\n<link rel=\"canonical\" href=\"https:\/\/casinobeats.com\/se\/skribenter\/\" \/>\n<meta property=\"og:locale\" content=\"sv_SE\" \/>\n<meta property=\"og:type\" content=\"article\" \/>\n<meta property=\"og:title\" content=\"V\u00e5ra skribenter \u2013 L\u00e4r k\u00e4nna v\u00e5ra svenska skribenter\" \/>\n<meta property=\"og:description\" content=\"Vi stolta \u00f6ver att ha ett team av branschexperter som tillf\u00f6r en m\u00e4ngd kunskap och erfarenhet till v\u00e5rt inneh\u00e5ll. L\u00e4s om v\u00e5ra skribenter.\" \/>\n<meta property=\"og:url\" content=\"https:\/\/casinobeats.com\/se\/skribenter\/\" \/>\n<meta property=\"og:site_name\" content=\"CasinoBeats Sverige\" \/>\n<meta property=\"article:modified_time\" content=\"2026-03-25T08:23:02+00:00\" \/>\n<meta property=\"og:image\" content=\"https:\/\/casinobeats.com\/se\/wp-content\/uploads\/sites\/5\/2026\/03\/placeholder.webp\" \/>\n\t<meta property=\"og:image:width\" content=\"1035\" \/>\n\t<meta property=\"og:image:height\" content=\"645\" \/>\n\t<meta property=\"og:image:type\" content=\"image\/webp\" \/>\n<meta name=\"twitter:card\" content=\"summary_large_image\" \/>\n<meta name=\"twitter:label1\" content=\"Ber\u00e4knad l\u00e4stid\" \/>\n\t<meta name=\"twitter:data1\" content=\"1 minut\" \/>\n<script type=\"application\/ld+json\" class=\"yoast-schema-graph\">{\"@context\":\"https:\/\/schema.org\",\"@graph\":[{\"@type\":\"Article\",\"@id\":\"https:\/\/casinobeats.com\/se\/skribenter\/#article\",\"isPartOf\":{\"@id\":\"https:\/\/casinobeats.com\/se\/skribenter\/\"},\"author\":{\"name\":\"Redaktionen\",\"@id\":\"https:\/\/casinobeats.com\/se\/#\/schema\/person\/654ad1d3d6b73fbc197fba4b02b45bde\"},\"headline\":\"L\u00e4r k\u00e4nna v\u00e5ra skribenter\",\"datePublished\":\"2025-04-24T11:10:59+00:00\",\"dateModified\":\"2026-03-25T08:23:02+00:00\",\"mainEntityOfPage\":{\"@id\":\"https:\/\/casinobeats.com\/se\/skribenter\/\"},\"wordCount\":7,\"publisher\":{\"@id\":\"https:\/\/casinobeats.com\/se\/#organization\"},\"image\":{\"@id\":\"https:\/\/casinobeats.com\/se\/skribenter\/#primaryimage\"},\"thumbnailUrl\":\"https:\/\/casinobeats.com\/se\/wp-content\/uploads\/sites\/5\/2026\/03\/placeholder.webp\",\"inLanguage\":\"sv-SE\"},{\"@type\":\"WebPage\",\"@id\":\"https:\/\/casinobeats.com\/se\/skribenter\/\",\"url\":\"https:\/\/casinobeats.com\/se\/skribenter\/\",\"name\":\"V\u00e5ra skribenter \u2013 L\u00e4r k\u00e4nna v\u00e5ra svenska skribenter\",\"isPartOf\":{\"@id\":\"https:\/\/casinobeats.com\/se\/#website\"},\"primaryImageOfPage\":{\"@id\":\"https:\/\/casinobeats.com\/se\/skribenter\/#primaryimage\"},\"image\":{\"@id\":\"https:\/\/casinobeats.com\/se\/skribenter\/#primaryimage\"},\"thumbnailUrl\":\"https:\/\/casinobeats.com\/se\/wp-content\/uploads\/sites\/5\/2026\/03\/placeholder.webp\",\"datePublished\":\"2025-04-24T11:10:59+00:00\",\"dateModified\":\"2026-03-25T08:23:02+00:00\",\"description\":\"Vi stolta \u00f6ver att ha ett team av branschexperter som tillf\u00f6r en m\u00e4ngd kunskap och erfarenhet till v\u00e5rt inneh\u00e5ll. L\u00e4s om v\u00e5ra skribenter.\",\"breadcrumb\":{\"@id\":\"https:\/\/casinobeats.com\/se\/skribenter\/#breadcrumb\"},\"inLanguage\":\"sv-SE\",\"potentialAction\":[{\"@type\":\"ReadAction\",\"target\":[\"https:\/\/casinobeats.com\/se\/skribenter\/\"]}]},{\"@type\":\"ImageObject\",\"inLanguage\":\"sv-SE\",\"@id\":\"https:\/\/casinobeats.com\/se\/skribenter\/#primaryimage\",\"url\":\"https:\/\/casinobeats.com\/se\/wp-content\/uploads\/sites\/5\/2026\/03\/placeholder.webp\",\"contentUrl\":\"https:\/\/casinobeats.com\/se\/wp-content\/uploads\/sites\/5\/2026\/03\/placeholder.webp\",\"width\":1035,\"height\":645},{\"@type\":\"BreadcrumbList\",\"@id\":\"https:\/\/casinobeats.com\/se\/skribenter\/#breadcrumb\",\"itemListElement\":[{\"@type\":\"ListItem\",\"position\":1,\"name\":\"Hem\",\"item\":\"https:\/\/casinobeats.com\/se\/\"},{\"@type\":\"ListItem\",\"position\":2,\"name\":\"L\u00e4r k\u00e4nna v\u00e5ra skribenter\"}]},{\"@type\":\"WebSite\",\"@id\":\"https:\/\/casinobeats.com\/se\/#website\",\"url\":\"https:\/\/casinobeats.com\/se\/\",\"name\":\"CasinoBeats Sverige\",\"description\":\"\",\"publisher\":{\"@id\":\"https:\/\/casinobeats.com\/se\/#organization\"},\"potentialAction\":[{\"@type\":\"SearchAction\",\"target\":{\"@type\":\"EntryPoint\",\"urlTemplate\":\"https:\/\/casinobeats.com\/se\/?s={search_term_string}\"},\"query-input\":{\"@type\":\"PropertyValueSpecification\",\"valueRequired\":true,\"valueName\":\"search_term_string\"}}],\"inLanguage\":\"sv-SE\"},{\"@type\":\"Organization\",\"@id\":\"https:\/\/casinobeats.com\/se\/#organization\",\"name\":\"Casinobeats Media\",\"url\":\"https:\/\/casinobeats.com\/se\/\",\"logo\":{\"@type\":\"ImageObject\",\"inLanguage\":\"sv-SE\",\"@id\":\"https:\/\/casinobeats.com\/se\/#\/schema\/logo\/image\/\",\"url\":\"https:\/\/casinobeats.com\/se\/wp-content\/uploads\/sites\/5\/2025\/04\/cb-white.png\",\"contentUrl\":\"https:\/\/casinobeats.com\/se\/wp-content\/uploads\/sites\/5\/2025\/04\/cb-white.png\",\"width\":272,\"height\":90,\"caption\":\"Casinobeats Media\"},\"image\":{\"@id\":\"https:\/\/casinobeats.com\/se\/#\/schema\/logo\/image\/\"}},{\"@type\":\"Person\",\"@id\":\"https:\/\/casinobeats.com\/se\/#\/schema\/person\/654ad1d3d6b73fbc197fba4b02b45bde\",\"name\":\"Redaktionen\",\"image\":{\"@type\":\"ImageObject\",\"inLanguage\":\"sv-SE\",\"@id\":\"https:\/\/casinobeats.com\/se\/wp-content\/uploads\/sites\/5\/2025\/04\/avatar_user_123_1745938681-96x96.jpg\",\"url\":\"https:\/\/casinobeats.com\/se\/wp-content\/uploads\/sites\/5\/2025\/04\/avatar_user_123_1745938681-96x96.jpg\",\"contentUrl\":\"https:\/\/casinobeats.com\/se\/wp-content\/uploads\/sites\/5\/2025\/04\/avatar_user_123_1745938681-96x96.jpg\",\"caption\":\"Redaktionen\"},\"description\":\"P\u00e5 Casinobeats \u00e4r vi stolta \u00f6ver att ha ett team av branschexperter som bidrar med sin omfattande kunskap och erfarenhet till v\u00e5rt redaktionella inneh\u00e5ll.\",\"url\":\"https:\/\/casinobeats.com\/se\/author\/redaktionen\/\"}]}<\/script>\n<!-- \/ Yoast SEO plugin. -->","yoast_head_json":{"title":"V\u00e5ra skribenter \u2013 L\u00e4r k\u00e4nna v\u00e5ra svenska skribenter","description":"Vi stolta \u00f6ver att ha ett team av branschexperter som tillf\u00f6r en m\u00e4ngd kunskap och erfarenhet till v\u00e5rt inneh\u00e5ll. L\u00e4s om v\u00e5ra skribenter.","robots":{"index":"index","follow":"follow","max-snippet":"max-snippet:-1","max-image-preview":"max-image-preview:large","max-video-preview":"max-video-preview:-1"},"canonical":"https:\/\/casinobeats.com\/se\/skribenter\/","og_locale":"sv_SE","og_type":"article","og_title":"V\u00e5ra skribenter \u2013 L\u00e4r k\u00e4nna v\u00e5ra svenska skribenter","og_description":"Vi stolta \u00f6ver att ha ett team av branschexperter som tillf\u00f6r en m\u00e4ngd kunskap och erfarenhet till v\u00e5rt inneh\u00e5ll. L\u00e4s om v\u00e5ra skribenter.","og_url":"https:\/\/casinobeats.com\/se\/skribenter\/","og_site_name":"CasinoBeats Sverige","article_modified_time":"2026-03-25T08:23:02+00:00","og_image":[{"width":1035,"height":645,"url":"https:\/\/casinobeats.com\/se\/wp-content\/uploads\/sites\/5\/2026\/03\/placeholder.webp","type":"image\/webp"}],"twitter_card":"summary_large_image","twitter_misc":{"Ber\u00e4knad l\u00e4stid":"1 minut"},"schema":{"@context":"https:\/\/schema.org","@graph":[{"@type":"Article","@id":"https:\/\/casinobeats.com\/se\/skribenter\/#article","isPartOf":{"@id":"https:\/\/casinobeats.com\/se\/skribenter\/"},"author":{"name":"Redaktionen","@id":"https:\/\/casinobeats.com\/se\/#\/schema\/person\/654ad1d3d6b73fbc197fba4b02b45bde"},"headline":"L\u00e4r k\u00e4nna v\u00e5ra skribenter","datePublished":"2025-04-24T11:10:59+00:00","dateModified":"2026-03-25T08:23:02+00:00","mainEntityOfPage":{"@id":"https:\/\/casinobeats.com\/se\/skribenter\/"},"wordCount":7,"publisher":{"@id":"https:\/\/casinobeats.com\/se\/#organization"},"image":{"@id":"https:\/\/casinobeats.com\/se\/skribenter\/#primaryimage"},"thumbnailUrl":"https:\/\/casinobeats.com\/se\/wp-content\/uploads\/sites\/5\/2026\/03\/placeholder.webp","inLanguage":"sv-SE"},{"@type":"WebPage","@id":"https:\/\/casinobeats.com\/se\/skribenter\/","url":"https:\/\/casinobeats.com\/se\/skribenter\/","name":"V\u00e5ra skribenter \u2013 L\u00e4r k\u00e4nna v\u00e5ra svenska skribenter","isPartOf":{"@id":"https:\/\/casinobeats.com\/se\/#website"},"primaryImageOfPage":{"@id":"https:\/\/casinobeats.com\/se\/skribenter\/#primaryimage"},"image":{"@id":"https:\/\/casinobeats.com\/se\/skribenter\/#primaryimage"},"thumbnailUrl":"https:\/\/casinobeats.com\/se\/wp-content\/uploads\/sites\/5\/2026\/03\/placeholder.webp","datePublished":"2025-04-24T11:10:59+00:00","dateModified":"2026-03-25T08:23:02+00:00","description":"Vi stolta \u00f6ver att ha ett team av branschexperter som tillf\u00f6r en m\u00e4ngd kunskap och erfarenhet till v\u00e5rt inneh\u00e5ll. L\u00e4s om v\u00e5ra skribenter.","breadcrumb":{"@id":"https:\/\/casinobeats.com\/se\/skribenter\/#breadcrumb"},"inLanguage":"sv-SE","potentialAction":[{"@type":"ReadAction","target":["https:\/\/casinobeats.com\/se\/skribenter\/"]}]},{"@type":"ImageObject","inLanguage":"sv-SE","@id":"https:\/\/casinobeats.com\/se\/skribenter\/#primaryimage","url":"https:\/\/casinobeats.com\/se\/wp-content\/uploads\/sites\/5\/2026\/03\/placeholder.webp","contentUrl":"https:\/\/casinobeats.com\/se\/wp-content\/uploads\/sites\/5\/2026\/03\/placeholder.webp","width":1035,"height":645},{"@type":"BreadcrumbList","@id":"https:\/\/casinobeats.com\/se\/skribenter\/#breadcrumb","itemListElement":[{"@type":"ListItem","position":1,"name":"Hem","item":"https:\/\/casinobeats.com\/se\/"},{"@type":"ListItem","position":2,"name":"L\u00e4r k\u00e4nna v\u00e5ra skribenter"}]},{"@type":"WebSite","@id":"https:\/\/casinobeats.com\/se\/#website","url":"https:\/\/casinobeats.com\/se\/","name":"CasinoBeats Sverige","description":"","publisher":{"@id":"https:\/\/casinobeats.com\/se\/#organization"},"potentialAction":[{"@type":"SearchAction","target":{"@type":"EntryPoint","urlTemplate":"https:\/\/casinobeats.com\/se\/?s={search_term_string}"},"query-input":{"@type":"PropertyValueSpecification","valueRequired":true,"valueName":"search_term_string"}}],"inLanguage":"sv-SE"},{"@type":"Organization","@id":"https:\/\/casinobeats.com\/se\/#organization","name":"Casinobeats Media","url":"https:\/\/casinobeats.com\/se\/","logo":{"@type":"ImageObject","inLanguage":"sv-SE","@id":"https:\/\/casinobeats.com\/se\/#\/schema\/logo\/image\/","url":"https:\/\/casinobeats.com\/se\/wp-content\/uploads\/sites\/5\/2025\/04\/cb-white.png","contentUrl":"https:\/\/casinobeats.com\/se\/wp-content\/uploads\/sites\/5\/2025\/04\/cb-white.png","width":272,"height":90,"caption":"Casinobeats Media"},"image":{"@id":"https:\/\/casinobeats.com\/se\/#\/schema\/logo\/image\/"}},{"@type":"Person","@id":"https:\/\/casinobeats.com\/se\/#\/schema\/person\/654ad1d3d6b73fbc197fba4b02b45bde","name":"Redaktionen","image":{"@type":"ImageObject","inLanguage":"sv-SE","@id":"https:\/\/casinobeats.com\/se\/wp-content\/uploads\/sites\/5\/2025\/04\/avatar_user_123_1745938681-96x96.jpg","url":"https:\/\/casinobeats.com\/se\/wp-content\/uploads\/sites\/5\/2025\/04\/avatar_user_123_1745938681-96x96.jpg","contentUrl":"https:\/\/casinobeats.com\/se\/wp-content\/uploads\/sites\/5\/2025\/04\/avatar_user_123_1745938681-96x96.jpg","caption":"Redaktionen"},"description":"P\u00e5 Casinobeats \u00e4r vi stolta \u00f6ver att ha ett team av branschexperter som bidrar med sin omfattande kunskap och erfarenhet till v\u00e5rt redaktionella inneh\u00e5ll.","url":"https:\/\/casinobeats.com\/se\/author\/redaktionen\/"}]}},"_links":{"self":[{"href":"https:\/\/casinobeats.com\/se\/wp-json\/wp\/v2\/pages\/18","targetHints":{"allow":["GET"]}}],"collection":[{"href":"https:\/\/casinobeats.com\/se\/wp-json\/wp\/v2\/pages"}],"about":[{"href":"https:\/\/casinobeats.com\/se\/wp-json\/wp\/v2\/types\/page"}],"author":[{"embeddable":true,"href":"https:\/\/casinobeats.com\/se\/wp-json\/wp\/v2\/users\/123"}],"replies":[{"embeddable":true,"href":"https:\/\/casinobeats.com\/se\/wp-json\/wp\/v2\/comments?post=18"}],"version-history":[{"count":8,"href":"https:\/\/casinobeats.com\/se\/wp-json\/wp\/v2\/pages\/18\/revisions"}],"predecessor-version":[{"id":72509,"href":"https:\/\/casinobeats.com\/se\/wp-json\/wp\/v2\/pages\/18\/revisions\/72509"}],"wp:featuredmedia":[{"embeddable":true,"href":"https:\/\/casinobeats.com\/se\/wp-json\/wp\/v2\/media\/72449"}],"wp:attachment":[{"href":"https:\/\/casinobeats.com\/se\/wp-json\/wp\/v2\/media?parent=18"}],"wp:term":[{"taxonomy":"category","embeddable":true,"href":"https:\/\/casinobeats.com\/se\/wp-json\/wp\/v2\/categories?post=18"}],"curies":[{"name":"wp","href":"https:\/\/api.w.org\/{rel}","templated":true}]}}