{"id":57,"date":"2025-04-24T11:56:31","date_gmt":"2025-04-24T11:56:31","guid":{"rendered":"https:\/\/casinobeats.com\/se\/?page_id=57"},"modified":"2026-03-25T08:20:18","modified_gmt":"2026-03-25T08:20:18","slug":"about-us","status":"publish","type":"page","link":"https:\/\/casinobeats.com\/se\/om-oss\/","title":{"rendered":"Om oss"},"content":{"rendered":"\n<p>CasinoBeats \u00e4r din p\u00e5litliga guide till n\u00e4tcasinov\u00e4rlden. Sedan starten 2018 har vi riktat oss b\u00e5de till branschfolk och vanliga spelare. Vi levererar dagliga nyheter, djupg\u00e5ende recensioner och opartisk information om casinon, spel och betalningsl\u00f6sningar. V\u00e5rt team best\u00e5r av erfarna journalister och spelentusiaster som i flera \u00e5r granskat branschen, testat plattformar och hj\u00e4lpt l\u00e4sare fatta v\u00e4lgrundade beslut.<\/p>\n\n\n\n<figure class=\"wp-block-image size-full is-resized\"><img decoding=\"async\" width=\"626\" height=\"390\" src=\"https:\/\/casinobeats.com\/se\/wp-content\/uploads\/sites\/5\/2026\/03\/cb_default_image.png\" alt=\"\" class=\"wp-image-72501\" style=\"width:840px;height:auto\" srcset=\"https:\/\/casinobeats.com\/se\/wp-content\/uploads\/sites\/5\/2026\/03\/cb_default_image.png 626w, https:\/\/casinobeats.com\/se\/wp-content\/uploads\/sites\/5\/2026\/03\/cb_default_image-300x187.png 300w\" sizes=\"(max-width: 626px) 100vw, 626px\" \/><\/figure>\n\n\n\n<h2 class=\"wp-block-heading\">V\u00e5r metod<\/h2>\n\n\n\n<p>Allt vi publicerar baseras p\u00e5 egen erfarenhet. Vi \u00e5terger inte bara information \u2013 vi testar den sj\u00e4lva. Det inneb\u00e4r att:<\/p>\n\n\n\n<ul class=\"wp-block-list\">\n<li>Vi provar alla casinon och spel innan vi recenserar dem<\/li>\n\n\n\n<li>V\u00e5ra granskningar f\u00f6ljer en detaljerad checklista<\/li>\n\n\n\n<li>Vi kontaktar leverant\u00f6rer direkt f\u00f6r att bekr\u00e4fta tekniska uppgifter<\/li>\n\n\n\n<li>Inneh\u00e5llet uppdateras regelbundet s\u00e5 att det alltid \u00e4r aktuellt<\/li>\n\n\n\n<li>Vi testar betalmetoder med riktiga transaktioner<\/li>\n<\/ul>\n\n\n\n<h2 class=\"wp-block-heading\">Vad vi t\u00e4cker<\/h2>\n\n\n\n<p>Varje dag publicerar vi nytt inneh\u00e5ll om vad som h\u00e4nder i casinobranschen online. V\u00e5ra nyheter t\u00e4cker viktiga h\u00e4ndelser som p\u00e5verkar b\u00e5de spelare och operat\u00f6rer. Samtidigt recenserar vi allt fr\u00e5n casinon till betals\u00e4tt f\u00f6r att hj\u00e4lpa dig f\u00f6rst\u00e5 vad som faktiskt \u00e4r v\u00e4rt din tid \u2013 och vad som inte \u00e4r det.<\/p>\n\n\n\n<p>Oavsett om du letar efter ett nytt casino, vill j\u00e4mf\u00f6ra betalningsmetoder eller f\u00f6lja branschtrender, s\u00e5 f\u00e5r du tydlig och praktisk information som bygger p\u00e5 verklig testning och noggrann research.<\/p>\n\n\n<div id=\"cb-why-trust-us-bar-block_2828aec8f2de88746b5f235bc8481198\" class=\"cb-why-trust-us-bar\">\n    <div class=\"cb-why-trust-us-bar__inner\">\n        <div class=\"cb-why-trust-us-bar__stats\">\n            <div class=\"cb-why-trust-us-bar__stat\">\n                <span class=\"cb-why-trust-us-bar__stat-value\">25k+<\/span>\n                <span class=\"cb-why-trust-us-bar__stat-label\">Skrivna artiklar<\/span>\n            <\/div>\n            <div class=\"cb-why-trust-us-bar__stat\">\n                <span class=\"cb-why-trust-us-bar__stat-value\">250+<\/span>\n                <span class=\"cb-why-trust-us-bar__stat-label\">Granskade casinon<\/span>\n            <\/div>\n            <div class=\"cb-why-trust-us-bar__stat\">\n                <span class=\"cb-why-trust-us-bar__stat-value\">8+<\/span>\n                <span class=\"cb-why-trust-us-bar__stat-label\">\u00c5rs erfarenhet<\/span>\n            <\/div>\n            <div class=\"cb-why-trust-us-bar__stat\">\n                <span class=\"cb-why-trust-us-bar__stat-value\">500+<\/span>\n                <span class=\"cb-why-trust-us-bar__stat-label\">Timmar av research<\/span>\n            <\/div>\n        <\/div>\n    <\/div>\n<\/div>\n\n\n<h2 class=\"wp-block-heading\">V\u00e5ra m\u00e5l f\u00f6r full transparens<\/h2>\n\n\n\n<p>Vi \u00e4r helt \u00e4rliga mot v\u00e5ra l\u00e4sare. Ja, vi har samarbeten med vissa casinon och plattformar \u2013 det g\u00f6r att vi kan erbjuda allt v\u00e5rt inneh\u00e5ll gratis. Men dessa samarbeten p\u00e5verkar aldrig v\u00e5ra bed\u00f6mningar.<\/p>\n\n\n\n<p>Vi f\u00f6rtj\u00e4nar ditt f\u00f6rtroende genom att vara konsekventa och opartiska. Alla plattformar granskas enligt samma strikta kriterier, oavsett om de \u00e4r v\u00e5ra samarbetspartners eller inte. N\u00e4r vi lyfter fram n\u00e5got positivt \u00e4r det f\u00f6r att vi sj\u00e4lva har testat det. N\u00e4r vi p\u00e5talar brister \u00e4r det f\u00f6r att vi upplevt dem.<\/p>\n\n\n\n<h2 class=\"wp-block-heading\">Redaktionella principer<\/h2>\n\n\n\n<p>Vi str\u00e4var alltid efter att vara s\u00e5 sanningsenliga och exakta som m\u00f6jligt. <a href=\"https:\/\/casinobeats.com\/se\/redaktionella-policy\/\">V\u00e5r process<\/a> b\u00f6rjar med noggrann research och slutar med faktagranskning. Om n\u00e5got \u00e4r oklart kontaktar vi operat\u00f6ren direkt. Och n\u00e4r n\u00e5got f\u00f6r\u00e4ndras, uppdaterar vi inneh\u00e5llet s\u00e5 att det du l\u00e4ser alltid \u00e4r relevant.<\/p>\n\n\n\n<p>Vi g\u00e5r l\u00e4ngre \u00e4n bara ytliga genomg\u00e5ngar. Vi f\u00f6rklarar vad funktioner faktiskt inneb\u00e4r f\u00f6r dig som spelare. V\u00e5ra recensioner fokuserar p\u00e5 anv\u00e4ndarupplevelsen \u2013 hur plattformarna fungerar i praktiken. N\u00e4r vi rekommenderar ett casino eller en betalmetod \u00e4r det f\u00f6r att vi testat det noggrant och tycker att det h\u00e5ller m\u00e5ttet.<\/p>\n\n\n\n<p>Kort sagt: varje recension, nyhetsartikel och guide \u00e4r skriven f\u00f6r att hj\u00e4lpa dig fatta smartare beslut inom online gambling. Det \u00e4r v\u00e5rt l\u00f6fte till dig.<\/p>\n","protected":false},"excerpt":{"rendered":"<p>CasinoBeats \u00e4r din p\u00e5litliga guide till n\u00e4tcasinov\u00e4rlden. Sedan starten 2018 har vi riktat oss b\u00e5de till branschfolk och vanliga spelare. Vi levererar dagliga nyheter, djupg\u00e5ende recensioner och opartisk information om casinon, spel och betalningsl\u00f6sningar. V\u00e5rt team best\u00e5r av erfarna journalister och spelentusiaster som i flera \u00e5r granskat branschen, testat plattformar och hj\u00e4lpt l\u00e4sare fatta v\u00e4lgrundade [&hellip;]<\/p>\n","protected":false},"author":123,"featured_media":72501,"parent":0,"menu_order":0,"comment_status":"closed","ping_status":"closed","template":"","meta":{"_acf_changed":false,"inline_featured_image":false,"_lmt_disableupdate":"no","_lmt_disable":"","footnotes":""},"categories":[],"class_list":["post-57","page","type-page","status-publish","has-post-thumbnail","hentry"],"acf":[],"yoast_head":"<!-- This site is optimized with the Yoast SEO plugin v27.2 - https:\/\/yoast.com\/product\/yoast-seo-wordpress\/ -->\n<title>Om oss \u2013 L\u00e4s mer om CasinoBeats Sverige<\/title>\n<meta name=\"description\" content=\"L\u00e4s mer om CasinoBeats redaktionella arbete, v\u00e5r metodik och hur vi granskar n\u00e4tcasinon, spel och betalmetoder med transparens i fokus.\" \/>\n<meta name=\"robots\" content=\"index, follow, max-snippet:-1, max-image-preview:large, max-video-preview:-1\" \/>\n<link rel=\"canonical\" href=\"https:\/\/casinobeats.com\/se\/om-oss\/\" \/>\n<meta property=\"og:locale\" content=\"sv_SE\" \/>\n<meta property=\"og:type\" content=\"article\" \/>\n<meta property=\"og:title\" content=\"Om oss \u2013 L\u00e4s mer om CasinoBeats Sverige\" \/>\n<meta property=\"og:description\" content=\"L\u00e4s mer om CasinoBeats redaktionella arbete, v\u00e5r metodik och hur vi granskar n\u00e4tcasinon, spel och betalmetoder med transparens i fokus.\" \/>\n<meta property=\"og:url\" content=\"https:\/\/casinobeats.com\/se\/om-oss\/\" \/>\n<meta property=\"og:site_name\" content=\"CasinoBeats Sverige\" \/>\n<meta property=\"article:modified_time\" content=\"2026-03-25T08:20:18+00:00\" \/>\n<meta property=\"og:image\" content=\"https:\/\/casinobeats.com\/se\/wp-content\/uploads\/sites\/5\/2026\/03\/cb_default_image.png\" \/>\n\t<meta property=\"og:image:width\" content=\"626\" \/>\n\t<meta property=\"og:image:height\" content=\"390\" \/>\n\t<meta property=\"og:image:type\" content=\"image\/png\" \/>\n<meta name=\"twitter:card\" content=\"summary_large_image\" \/>\n<meta name=\"twitter:label1\" content=\"Ber\u00e4knad l\u00e4stid\" \/>\n\t<meta name=\"twitter:data1\" content=\"3 minuter\" \/>\n<script type=\"application\/ld+json\" class=\"yoast-schema-graph\">{\"@context\":\"https:\/\/schema.org\",\"@graph\":[{\"@type\":\"Article\",\"@id\":\"https:\/\/casinobeats.com\/se\/om-oss\/#article\",\"isPartOf\":{\"@id\":\"https:\/\/casinobeats.com\/se\/om-oss\/\"},\"author\":{\"name\":\"Redaktionen\",\"@id\":\"https:\/\/casinobeats.com\/se\/#\/schema\/person\/654ad1d3d6b73fbc197fba4b02b45bde\"},\"headline\":\"Om oss\",\"datePublished\":\"2025-04-24T11:56:31+00:00\",\"dateModified\":\"2026-03-25T08:20:18+00:00\",\"mainEntityOfPage\":{\"@id\":\"https:\/\/casinobeats.com\/se\/om-oss\/\"},\"wordCount\":499,\"publisher\":{\"@id\":\"https:\/\/casinobeats.com\/se\/#organization\"},\"image\":{\"@id\":\"https:\/\/casinobeats.com\/se\/om-oss\/#primaryimage\"},\"thumbnailUrl\":\"https:\/\/casinobeats.com\/se\/wp-content\/uploads\/sites\/5\/2026\/03\/cb_default_image.png\",\"inLanguage\":\"sv-SE\"},{\"@type\":\"WebPage\",\"@id\":\"https:\/\/casinobeats.com\/se\/om-oss\/\",\"url\":\"https:\/\/casinobeats.com\/se\/om-oss\/\",\"name\":\"Om oss \u2013 L\u00e4s mer om CasinoBeats Sverige\",\"isPartOf\":{\"@id\":\"https:\/\/casinobeats.com\/se\/#website\"},\"primaryImageOfPage\":{\"@id\":\"https:\/\/casinobeats.com\/se\/om-oss\/#primaryimage\"},\"image\":{\"@id\":\"https:\/\/casinobeats.com\/se\/om-oss\/#primaryimage\"},\"thumbnailUrl\":\"https:\/\/casinobeats.com\/se\/wp-content\/uploads\/sites\/5\/2026\/03\/cb_default_image.png\",\"datePublished\":\"2025-04-24T11:56:31+00:00\",\"dateModified\":\"2026-03-25T08:20:18+00:00\",\"description\":\"L\u00e4s mer om CasinoBeats redaktionella arbete, v\u00e5r metodik och hur vi granskar n\u00e4tcasinon, spel och betalmetoder med transparens i fokus.\",\"breadcrumb\":{\"@id\":\"https:\/\/casinobeats.com\/se\/om-oss\/#breadcrumb\"},\"inLanguage\":\"sv-SE\",\"potentialAction\":[{\"@type\":\"ReadAction\",\"target\":[\"https:\/\/casinobeats.com\/se\/om-oss\/\"]}]},{\"@type\":\"ImageObject\",\"inLanguage\":\"sv-SE\",\"@id\":\"https:\/\/casinobeats.com\/se\/om-oss\/#primaryimage\",\"url\":\"https:\/\/casinobeats.com\/se\/wp-content\/uploads\/sites\/5\/2026\/03\/cb_default_image.png\",\"contentUrl\":\"https:\/\/casinobeats.com\/se\/wp-content\/uploads\/sites\/5\/2026\/03\/cb_default_image.png\",\"width\":626,\"height\":390},{\"@type\":\"BreadcrumbList\",\"@id\":\"https:\/\/casinobeats.com\/se\/om-oss\/#breadcrumb\",\"itemListElement\":[{\"@type\":\"ListItem\",\"position\":1,\"name\":\"Hem\",\"item\":\"https:\/\/casinobeats.com\/se\/\"},{\"@type\":\"ListItem\",\"position\":2,\"name\":\"Om oss\"}]},{\"@type\":\"WebSite\",\"@id\":\"https:\/\/casinobeats.com\/se\/#website\",\"url\":\"https:\/\/casinobeats.com\/se\/\",\"name\":\"CasinoBeats Sverige\",\"description\":\"\",\"publisher\":{\"@id\":\"https:\/\/casinobeats.com\/se\/#organization\"},\"potentialAction\":[{\"@type\":\"SearchAction\",\"target\":{\"@type\":\"EntryPoint\",\"urlTemplate\":\"https:\/\/casinobeats.com\/se\/?s={search_term_string}\"},\"query-input\":{\"@type\":\"PropertyValueSpecification\",\"valueRequired\":true,\"valueName\":\"search_term_string\"}}],\"inLanguage\":\"sv-SE\"},{\"@type\":\"Organization\",\"@id\":\"https:\/\/casinobeats.com\/se\/#organization\",\"name\":\"Casinobeats Media\",\"url\":\"https:\/\/casinobeats.com\/se\/\",\"logo\":{\"@type\":\"ImageObject\",\"inLanguage\":\"sv-SE\",\"@id\":\"https:\/\/casinobeats.com\/se\/#\/schema\/logo\/image\/\",\"url\":\"https:\/\/casinobeats.com\/se\/wp-content\/uploads\/sites\/5\/2025\/04\/cb-white.png\",\"contentUrl\":\"https:\/\/casinobeats.com\/se\/wp-content\/uploads\/sites\/5\/2025\/04\/cb-white.png\",\"width\":272,\"height\":90,\"caption\":\"Casinobeats Media\"},\"image\":{\"@id\":\"https:\/\/casinobeats.com\/se\/#\/schema\/logo\/image\/\"}},{\"@type\":\"Person\",\"@id\":\"https:\/\/casinobeats.com\/se\/#\/schema\/person\/654ad1d3d6b73fbc197fba4b02b45bde\",\"name\":\"Redaktionen\",\"image\":{\"@type\":\"ImageObject\",\"inLanguage\":\"sv-SE\",\"@id\":\"https:\/\/casinobeats.com\/se\/wp-content\/uploads\/sites\/5\/2025\/04\/avatar_user_123_1745938681-96x96.jpg\",\"url\":\"https:\/\/casinobeats.com\/se\/wp-content\/uploads\/sites\/5\/2025\/04\/avatar_user_123_1745938681-96x96.jpg\",\"contentUrl\":\"https:\/\/casinobeats.com\/se\/wp-content\/uploads\/sites\/5\/2025\/04\/avatar_user_123_1745938681-96x96.jpg\",\"caption\":\"Redaktionen\"},\"description\":\"P\u00e5 Casinobeats \u00e4r vi stolta \u00f6ver att ha ett team av branschexperter som bidrar med sin omfattande kunskap och erfarenhet till v\u00e5rt redaktionella inneh\u00e5ll.\",\"url\":\"https:\/\/casinobeats.com\/se\/author\/redaktionen\/\"}]}<\/script>\n<!-- \/ Yoast SEO plugin. -->","yoast_head_json":{"title":"Om oss \u2013 L\u00e4s mer om CasinoBeats Sverige","description":"L\u00e4s mer om CasinoBeats redaktionella arbete, v\u00e5r metodik och hur vi granskar n\u00e4tcasinon, spel och betalmetoder med transparens i fokus.","robots":{"index":"index","follow":"follow","max-snippet":"max-snippet:-1","max-image-preview":"max-image-preview:large","max-video-preview":"max-video-preview:-1"},"canonical":"https:\/\/casinobeats.com\/se\/om-oss\/","og_locale":"sv_SE","og_type":"article","og_title":"Om oss \u2013 L\u00e4s mer om CasinoBeats Sverige","og_description":"L\u00e4s mer om CasinoBeats redaktionella arbete, v\u00e5r metodik och hur vi granskar n\u00e4tcasinon, spel och betalmetoder med transparens i fokus.","og_url":"https:\/\/casinobeats.com\/se\/om-oss\/","og_site_name":"CasinoBeats Sverige","article_modified_time":"2026-03-25T08:20:18+00:00","og_image":[{"width":626,"height":390,"url":"https:\/\/casinobeats.com\/se\/wp-content\/uploads\/sites\/5\/2026\/03\/cb_default_image.png","type":"image\/png"}],"twitter_card":"summary_large_image","twitter_misc":{"Ber\u00e4knad l\u00e4stid":"3 minuter"},"schema":{"@context":"https:\/\/schema.org","@graph":[{"@type":"Article","@id":"https:\/\/casinobeats.com\/se\/om-oss\/#article","isPartOf":{"@id":"https:\/\/casinobeats.com\/se\/om-oss\/"},"author":{"name":"Redaktionen","@id":"https:\/\/casinobeats.com\/se\/#\/schema\/person\/654ad1d3d6b73fbc197fba4b02b45bde"},"headline":"Om oss","datePublished":"2025-04-24T11:56:31+00:00","dateModified":"2026-03-25T08:20:18+00:00","mainEntityOfPage":{"@id":"https:\/\/casinobeats.com\/se\/om-oss\/"},"wordCount":499,"publisher":{"@id":"https:\/\/casinobeats.com\/se\/#organization"},"image":{"@id":"https:\/\/casinobeats.com\/se\/om-oss\/#primaryimage"},"thumbnailUrl":"https:\/\/casinobeats.com\/se\/wp-content\/uploads\/sites\/5\/2026\/03\/cb_default_image.png","inLanguage":"sv-SE"},{"@type":"WebPage","@id":"https:\/\/casinobeats.com\/se\/om-oss\/","url":"https:\/\/casinobeats.com\/se\/om-oss\/","name":"Om oss \u2013 L\u00e4s mer om CasinoBeats Sverige","isPartOf":{"@id":"https:\/\/casinobeats.com\/se\/#website"},"primaryImageOfPage":{"@id":"https:\/\/casinobeats.com\/se\/om-oss\/#primaryimage"},"image":{"@id":"https:\/\/casinobeats.com\/se\/om-oss\/#primaryimage"},"thumbnailUrl":"https:\/\/casinobeats.com\/se\/wp-content\/uploads\/sites\/5\/2026\/03\/cb_default_image.png","datePublished":"2025-04-24T11:56:31+00:00","dateModified":"2026-03-25T08:20:18+00:00","description":"L\u00e4s mer om CasinoBeats redaktionella arbete, v\u00e5r metodik och hur vi granskar n\u00e4tcasinon, spel och betalmetoder med transparens i fokus.","breadcrumb":{"@id":"https:\/\/casinobeats.com\/se\/om-oss\/#breadcrumb"},"inLanguage":"sv-SE","potentialAction":[{"@type":"ReadAction","target":["https:\/\/casinobeats.com\/se\/om-oss\/"]}]},{"@type":"ImageObject","inLanguage":"sv-SE","@id":"https:\/\/casinobeats.com\/se\/om-oss\/#primaryimage","url":"https:\/\/casinobeats.com\/se\/wp-content\/uploads\/sites\/5\/2026\/03\/cb_default_image.png","contentUrl":"https:\/\/casinobeats.com\/se\/wp-content\/uploads\/sites\/5\/2026\/03\/cb_default_image.png","width":626,"height":390},{"@type":"BreadcrumbList","@id":"https:\/\/casinobeats.com\/se\/om-oss\/#breadcrumb","itemListElement":[{"@type":"ListItem","position":1,"name":"Hem","item":"https:\/\/casinobeats.com\/se\/"},{"@type":"ListItem","position":2,"name":"Om oss"}]},{"@type":"WebSite","@id":"https:\/\/casinobeats.com\/se\/#website","url":"https:\/\/casinobeats.com\/se\/","name":"CasinoBeats Sverige","description":"","publisher":{"@id":"https:\/\/casinobeats.com\/se\/#organization"},"potentialAction":[{"@type":"SearchAction","target":{"@type":"EntryPoint","urlTemplate":"https:\/\/casinobeats.com\/se\/?s={search_term_string}"},"query-input":{"@type":"PropertyValueSpecification","valueRequired":true,"valueName":"search_term_string"}}],"inLanguage":"sv-SE"},{"@type":"Organization","@id":"https:\/\/casinobeats.com\/se\/#organization","name":"Casinobeats Media","url":"https:\/\/casinobeats.com\/se\/","logo":{"@type":"ImageObject","inLanguage":"sv-SE","@id":"https:\/\/casinobeats.com\/se\/#\/schema\/logo\/image\/","url":"https:\/\/casinobeats.com\/se\/wp-content\/uploads\/sites\/5\/2025\/04\/cb-white.png","contentUrl":"https:\/\/casinobeats.com\/se\/wp-content\/uploads\/sites\/5\/2025\/04\/cb-white.png","width":272,"height":90,"caption":"Casinobeats Media"},"image":{"@id":"https:\/\/casinobeats.com\/se\/#\/schema\/logo\/image\/"}},{"@type":"Person","@id":"https:\/\/casinobeats.com\/se\/#\/schema\/person\/654ad1d3d6b73fbc197fba4b02b45bde","name":"Redaktionen","image":{"@type":"ImageObject","inLanguage":"sv-SE","@id":"https:\/\/casinobeats.com\/se\/wp-content\/uploads\/sites\/5\/2025\/04\/avatar_user_123_1745938681-96x96.jpg","url":"https:\/\/casinobeats.com\/se\/wp-content\/uploads\/sites\/5\/2025\/04\/avatar_user_123_1745938681-96x96.jpg","contentUrl":"https:\/\/casinobeats.com\/se\/wp-content\/uploads\/sites\/5\/2025\/04\/avatar_user_123_1745938681-96x96.jpg","caption":"Redaktionen"},"description":"P\u00e5 Casinobeats \u00e4r vi stolta \u00f6ver att ha ett team av branschexperter som bidrar med sin omfattande kunskap och erfarenhet till v\u00e5rt redaktionella inneh\u00e5ll.","url":"https:\/\/casinobeats.com\/se\/author\/redaktionen\/"}]}},"_links":{"self":[{"href":"https:\/\/casinobeats.com\/se\/wp-json\/wp\/v2\/pages\/57","targetHints":{"allow":["GET"]}}],"collection":[{"href":"https:\/\/casinobeats.com\/se\/wp-json\/wp\/v2\/pages"}],"about":[{"href":"https:\/\/casinobeats.com\/se\/wp-json\/wp\/v2\/types\/page"}],"author":[{"embeddable":true,"href":"https:\/\/casinobeats.com\/se\/wp-json\/wp\/v2\/users\/123"}],"replies":[{"embeddable":true,"href":"https:\/\/casinobeats.com\/se\/wp-json\/wp\/v2\/comments?post=57"}],"version-history":[{"count":4,"href":"https:\/\/casinobeats.com\/se\/wp-json\/wp\/v2\/pages\/57\/revisions"}],"predecessor-version":[{"id":72506,"href":"https:\/\/casinobeats.com\/se\/wp-json\/wp\/v2\/pages\/57\/revisions\/72506"}],"wp:featuredmedia":[{"embeddable":true,"href":"https:\/\/casinobeats.com\/se\/wp-json\/wp\/v2\/media\/72501"}],"wp:attachment":[{"href":"https:\/\/casinobeats.com\/se\/wp-json\/wp\/v2\/media?parent=57"}],"wp:term":[{"taxonomy":"category","embeddable":true,"href":"https:\/\/casinobeats.com\/se\/wp-json\/wp\/v2\/categories?post=57"}],"curies":[{"name":"wp","href":"https:\/\/api.w.org\/{rel}","templated":true}]}}