{"id":60,"date":"2025-04-24T11:57:36","date_gmt":"2025-04-24T11:57:36","guid":{"rendered":"https:\/\/casinobeats.com\/se\/?page_id=60"},"modified":"2026-03-25T08:22:01","modified_gmt":"2026-03-25T08:22:01","slug":"var-redaktionella-policy","status":"publish","type":"page","link":"https:\/\/casinobeats.com\/se\/redaktionella-policy\/","title":{"rendered":"V\u00e5r redaktionella policy"},"content":{"rendered":"\n<p>CasinoBeats erbjuder oberoende och p\u00e5litlig bevakning av spelbranschen online. V\u00e5rt team f\u00f6ljer strikta riktlinjer f\u00f6r att s\u00e4kerst\u00e4lla korrekt och opartisk rapportering om casinon, spel och branschens utveckling. Vi uppr\u00e4tth\u00e5ller full redaktionell sj\u00e4lvst\u00e4ndighet, vilket g\u00f6r att v\u00e5ra journalister kan rapportera fritt utan yttre p\u00e5verkan.<\/p>\n\n\n\n<h2 class=\"wp-block-heading\">Hur vi arbetar<\/h2>\n\n\n\n<p>V\u00e5r process b\u00f6rjar med noggrann research. Innan vi publicerar n\u00e5got inneh\u00e5ll ser v\u00e5ra spelanalytiker och journalister till att:<\/p>\n\n\n\n<ul class=\"wp-block-list\">\n<li>Verifierar information direkt med spelbolag och leverant\u00f6rer<\/li>\n\n\n\n<li>Testar casinoplattformar och spel sj\u00e4lva<\/li>\n\n\n\n<li>J\u00e4mf\u00f6r branschdata med officiella k\u00e4llor<\/li>\n\n\n\n<li>Faktagranskar alla p\u00e5st\u00e5enden och statistik<\/li>\n<\/ul>\n\n\n\n<h2 class=\"wp-block-heading\">Redaktionell sj\u00e4lvst\u00e4ndighet<\/h2>\n\n\n\n<p>\u00c4ven om vi samarbetar med annons\u00f6rer och kan tj\u00e4na provision via affiliatel\u00e4nkar p\u00e5verkar detta aldrig v\u00e5rt inneh\u00e5ll. S\u00e5 h\u00e4r s\u00e4kerst\u00e4ller vi v\u00e5r redaktionella sj\u00e4lvst\u00e4ndighet:<\/p>\n\n\n\n<ul class=\"wp-block-list\">\n<li>Tydlig \u00e5tskillnad mellan kommersiella och redaktionella team<\/li>\n\n\n\n<li>Inga betalda recensioner eller garanterad exponering<\/li>\n\n\n\n<li>Samarbetspartners kan inte p\u00e5verka v\u00e5ra betyg eller rekommendationer<\/li>\n\n\n\n<li>Redaktionella beslut baseras enbart p\u00e5 inneh\u00e5llets kvalitet och l\u00e4sarens nytta<\/li>\n<\/ul>\n\n\n\n<h2 class=\"wp-block-heading\">Olika typer av inneh\u00e5ll<\/h2>\n\n\n\n<p>CasinoBeats publicerar f\u00f6ljande typer av inneh\u00e5ll p\u00e5 sin webbplats:<\/p>\n\n\n\n<h3 class=\"wp-block-heading\">Nyhetsrapportering<\/h3>\n\n\n\n<p>V\u00e5ra dagliga nyheter fokuserar p\u00e5 saklig rapportering av branschutveckling, regulatoriska f\u00f6r\u00e4ndringar och plattformsuppdateringar.<\/p>\n\n\n\n<h3 class=\"wp-block-heading\">Recensioner och rekommendationer<\/h3>\n\n\n\n<p>Varje casinorecension och spelrecension baseras p\u00e5 genuin testning och analys. Vi accepterar aldrig betalning f\u00f6r recensioner.<\/p>\n\n\n\n<h3 class=\"wp-block-heading\">Sponsrat inneh\u00e5ll<\/h3>\n\n\n\n<p>Allt sponsrat inneh\u00e5ll \u00e4r tydligt m\u00e4rkt och h\u00e5lls till samma faktagranskningsstandarder som v\u00e5rt ordinarie material. Vi beh\u00e5ller redaktionell kontroll \u00f6ver allt inneh\u00e5ll, oavsett om det \u00e4r sponsrat eller inte.<\/p>\n\n\n\n<h2 class=\"wp-block-heading\">Uppdateringar och r\u00e4ttelser<\/h2>\n\n\n\n<p>Vi tror p\u00e5 transparens och noggrannhet. D\u00e4rf\u00f6r uppdaterar vi artiklar regelbundet f\u00f6r att s\u00e4kerst\u00e4lla att:<\/p>\n\n\n\n<ul class=\"wp-block-list\">\n<li>Faktamissar r\u00e4ttas till<\/li>\n\n\n\n<li>Information om erbjudanden och kampanjer \u00e4r uppdaterad<\/li>\n\n\n\n<li>Sidan speglar v\u00e5ra aktuella \u00e5sikter om ett visst spel eller en viss operat\u00f6r<\/li>\n<\/ul>\n\n\n\n<h2 class=\"wp-block-heading\">V\u00e5rt ansvar<\/h2>\n\n\n\n<p>Som en p\u00e5litlig r\u00f6st inom bevakning av onlinespel tar vi v\u00e5rt uppdrag p\u00e5 stort allvar. V\u00e5rt m\u00e5l \u00e4r att:<\/p>\n\n\n\n<ul class=\"wp-block-list\">\n<li>Hj\u00e4lpa l\u00e4sare att fatta informerade beslut om var de ska spela<\/li>\n\n\n\n<li>Fr\u00e4mja ansvarsfullt spelande<\/li>\n\n\n\n<li>Uppr\u00e4tth\u00e5lla h\u00f6ga journalistiska standarder<\/li>\n\n\n\n<li>St\u00f6dja ett h\u00e4lsosamt spel-ekosystem<\/li>\n<\/ul>\n\n\n\n<p>Har du synpunkter p\u00e5 v\u00e5r bevakning? Vi v\u00e4lkomnar din feedback och anv\u00e4nder den f\u00f6r att f\u00f6rb\u00e4ttra v\u00e5r service till spelgemenskapen. Bes\u00f6k <a href=\"https:\/\/casinobeats.com\/se\/kontakta-oss\/\">v\u00e5r kontaktsida<\/a> f\u00f6r mer information.<\/p>\n","protected":false},"excerpt":{"rendered":"<p>CasinoBeats erbjuder oberoende och p\u00e5litlig bevakning av spelbranschen online. V\u00e5rt team f\u00f6ljer strikta riktlinjer f\u00f6r att s\u00e4kerst\u00e4lla korrekt och opartisk rapportering om casinon, spel och branschens utveckling. Vi uppr\u00e4tth\u00e5ller full redaktionell sj\u00e4lvst\u00e4ndighet, vilket g\u00f6r att v\u00e5ra journalister kan rapportera fritt utan yttre p\u00e5verkan. Hur vi arbetar V\u00e5r process b\u00f6rjar med noggrann research. Innan vi publicerar [&hellip;]<\/p>\n","protected":false},"author":123,"featured_media":72449,"parent":0,"menu_order":0,"comment_status":"closed","ping_status":"closed","template":"","meta":{"_acf_changed":false,"inline_featured_image":false,"_lmt_disableupdate":"","_lmt_disable":"","footnotes":""},"categories":[],"class_list":["post-60","page","type-page","status-publish","has-post-thumbnail","hentry"],"acf":[],"yoast_head":"<!-- This site is optimized with the Yoast SEO plugin v27.2 - https:\/\/yoast.com\/product\/yoast-seo-wordpress\/ -->\n<title>Redaktionell policy \u2013 S\u00e5 s\u00e4kerst\u00e4ller vi redaktionell integritet<\/title>\n<meta name=\"description\" content=\"L\u00e4s hur vi garanterar opartisk spelbevakning genom fakta\u00adgranskning, testning, oberoende journalistik och tydliga redaktionella riktlinjer.\" \/>\n<meta name=\"robots\" content=\"index, follow, max-snippet:-1, max-image-preview:large, max-video-preview:-1\" \/>\n<link rel=\"canonical\" href=\"https:\/\/casinobeats.com\/se\/redaktionella-policy\/\" \/>\n<meta property=\"og:locale\" content=\"sv_SE\" \/>\n<meta property=\"og:type\" content=\"article\" \/>\n<meta property=\"og:title\" content=\"Redaktionell policy \u2013 S\u00e5 s\u00e4kerst\u00e4ller vi redaktionell integritet\" \/>\n<meta property=\"og:description\" content=\"L\u00e4s hur vi garanterar opartisk spelbevakning genom fakta\u00adgranskning, testning, oberoende journalistik och tydliga redaktionella riktlinjer.\" \/>\n<meta property=\"og:url\" content=\"https:\/\/casinobeats.com\/se\/redaktionella-policy\/\" \/>\n<meta property=\"og:site_name\" content=\"CasinoBeats Sverige\" \/>\n<meta property=\"article:modified_time\" content=\"2026-03-25T08:22:01+00:00\" \/>\n<meta property=\"og:image\" content=\"https:\/\/casinobeats.com\/se\/wp-content\/uploads\/sites\/5\/2026\/03\/placeholder.webp\" \/>\n\t<meta property=\"og:image:width\" content=\"1035\" \/>\n\t<meta property=\"og:image:height\" content=\"645\" \/>\n\t<meta property=\"og:image:type\" content=\"image\/webp\" \/>\n<meta name=\"twitter:card\" content=\"summary_large_image\" \/>\n<meta name=\"twitter:label1\" content=\"Ber\u00e4knad l\u00e4stid\" \/>\n\t<meta name=\"twitter:data1\" content=\"2 minuter\" \/>\n<script type=\"application\/ld+json\" class=\"yoast-schema-graph\">{\"@context\":\"https:\/\/schema.org\",\"@graph\":[{\"@type\":\"Article\",\"@id\":\"https:\/\/casinobeats.com\/se\/redaktionella-policy\/#article\",\"isPartOf\":{\"@id\":\"https:\/\/casinobeats.com\/se\/redaktionella-policy\/\"},\"author\":{\"name\":\"Redaktionen\",\"@id\":\"https:\/\/casinobeats.com\/se\/#\/schema\/person\/654ad1d3d6b73fbc197fba4b02b45bde\"},\"headline\":\"V\u00e5r redaktionella policy\",\"datePublished\":\"2025-04-24T11:57:36+00:00\",\"dateModified\":\"2026-03-25T08:22:01+00:00\",\"mainEntityOfPage\":{\"@id\":\"https:\/\/casinobeats.com\/se\/redaktionella-policy\/\"},\"wordCount\":424,\"publisher\":{\"@id\":\"https:\/\/casinobeats.com\/se\/#organization\"},\"image\":{\"@id\":\"https:\/\/casinobeats.com\/se\/redaktionella-policy\/#primaryimage\"},\"thumbnailUrl\":\"https:\/\/casinobeats.com\/se\/wp-content\/uploads\/sites\/5\/2026\/03\/placeholder.webp\",\"inLanguage\":\"sv-SE\"},{\"@type\":\"WebPage\",\"@id\":\"https:\/\/casinobeats.com\/se\/redaktionella-policy\/\",\"url\":\"https:\/\/casinobeats.com\/se\/redaktionella-policy\/\",\"name\":\"Redaktionell policy \u2013 S\u00e5 s\u00e4kerst\u00e4ller vi redaktionell integritet\",\"isPartOf\":{\"@id\":\"https:\/\/casinobeats.com\/se\/#website\"},\"primaryImageOfPage\":{\"@id\":\"https:\/\/casinobeats.com\/se\/redaktionella-policy\/#primaryimage\"},\"image\":{\"@id\":\"https:\/\/casinobeats.com\/se\/redaktionella-policy\/#primaryimage\"},\"thumbnailUrl\":\"https:\/\/casinobeats.com\/se\/wp-content\/uploads\/sites\/5\/2026\/03\/placeholder.webp\",\"datePublished\":\"2025-04-24T11:57:36+00:00\",\"dateModified\":\"2026-03-25T08:22:01+00:00\",\"description\":\"L\u00e4s hur vi garanterar opartisk spelbevakning genom fakta\u00adgranskning, testning, oberoende journalistik och tydliga redaktionella riktlinjer.\",\"breadcrumb\":{\"@id\":\"https:\/\/casinobeats.com\/se\/redaktionella-policy\/#breadcrumb\"},\"inLanguage\":\"sv-SE\",\"potentialAction\":[{\"@type\":\"ReadAction\",\"target\":[\"https:\/\/casinobeats.com\/se\/redaktionella-policy\/\"]}]},{\"@type\":\"ImageObject\",\"inLanguage\":\"sv-SE\",\"@id\":\"https:\/\/casinobeats.com\/se\/redaktionella-policy\/#primaryimage\",\"url\":\"https:\/\/casinobeats.com\/se\/wp-content\/uploads\/sites\/5\/2026\/03\/placeholder.webp\",\"contentUrl\":\"https:\/\/casinobeats.com\/se\/wp-content\/uploads\/sites\/5\/2026\/03\/placeholder.webp\",\"width\":1035,\"height\":645},{\"@type\":\"BreadcrumbList\",\"@id\":\"https:\/\/casinobeats.com\/se\/redaktionella-policy\/#breadcrumb\",\"itemListElement\":[{\"@type\":\"ListItem\",\"position\":1,\"name\":\"Hem\",\"item\":\"https:\/\/casinobeats.com\/se\/\"},{\"@type\":\"ListItem\",\"position\":2,\"name\":\"V\u00e5r redaktionella policy\"}]},{\"@type\":\"WebSite\",\"@id\":\"https:\/\/casinobeats.com\/se\/#website\",\"url\":\"https:\/\/casinobeats.com\/se\/\",\"name\":\"CasinoBeats Sverige\",\"description\":\"\",\"publisher\":{\"@id\":\"https:\/\/casinobeats.com\/se\/#organization\"},\"potentialAction\":[{\"@type\":\"SearchAction\",\"target\":{\"@type\":\"EntryPoint\",\"urlTemplate\":\"https:\/\/casinobeats.com\/se\/?s={search_term_string}\"},\"query-input\":{\"@type\":\"PropertyValueSpecification\",\"valueRequired\":true,\"valueName\":\"search_term_string\"}}],\"inLanguage\":\"sv-SE\"},{\"@type\":\"Organization\",\"@id\":\"https:\/\/casinobeats.com\/se\/#organization\",\"name\":\"Casinobeats Media\",\"url\":\"https:\/\/casinobeats.com\/se\/\",\"logo\":{\"@type\":\"ImageObject\",\"inLanguage\":\"sv-SE\",\"@id\":\"https:\/\/casinobeats.com\/se\/#\/schema\/logo\/image\/\",\"url\":\"https:\/\/casinobeats.com\/se\/wp-content\/uploads\/sites\/5\/2025\/04\/cb-white.png\",\"contentUrl\":\"https:\/\/casinobeats.com\/se\/wp-content\/uploads\/sites\/5\/2025\/04\/cb-white.png\",\"width\":272,\"height\":90,\"caption\":\"Casinobeats Media\"},\"image\":{\"@id\":\"https:\/\/casinobeats.com\/se\/#\/schema\/logo\/image\/\"}},{\"@type\":\"Person\",\"@id\":\"https:\/\/casinobeats.com\/se\/#\/schema\/person\/654ad1d3d6b73fbc197fba4b02b45bde\",\"name\":\"Redaktionen\",\"image\":{\"@type\":\"ImageObject\",\"inLanguage\":\"sv-SE\",\"@id\":\"https:\/\/casinobeats.com\/se\/wp-content\/uploads\/sites\/5\/2025\/04\/avatar_user_123_1745938681-96x96.jpg\",\"url\":\"https:\/\/casinobeats.com\/se\/wp-content\/uploads\/sites\/5\/2025\/04\/avatar_user_123_1745938681-96x96.jpg\",\"contentUrl\":\"https:\/\/casinobeats.com\/se\/wp-content\/uploads\/sites\/5\/2025\/04\/avatar_user_123_1745938681-96x96.jpg\",\"caption\":\"Redaktionen\"},\"description\":\"P\u00e5 Casinobeats \u00e4r vi stolta \u00f6ver att ha ett team av branschexperter som bidrar med sin omfattande kunskap och erfarenhet till v\u00e5rt redaktionella inneh\u00e5ll.\",\"url\":\"https:\/\/casinobeats.com\/se\/author\/redaktionen\/\"}]}<\/script>\n<!-- \/ Yoast SEO plugin. -->","yoast_head_json":{"title":"Redaktionell policy \u2013 S\u00e5 s\u00e4kerst\u00e4ller vi redaktionell integritet","description":"L\u00e4s hur vi garanterar opartisk spelbevakning genom fakta\u00adgranskning, testning, oberoende journalistik och tydliga redaktionella riktlinjer.","robots":{"index":"index","follow":"follow","max-snippet":"max-snippet:-1","max-image-preview":"max-image-preview:large","max-video-preview":"max-video-preview:-1"},"canonical":"https:\/\/casinobeats.com\/se\/redaktionella-policy\/","og_locale":"sv_SE","og_type":"article","og_title":"Redaktionell policy \u2013 S\u00e5 s\u00e4kerst\u00e4ller vi redaktionell integritet","og_description":"L\u00e4s hur vi garanterar opartisk spelbevakning genom fakta\u00adgranskning, testning, oberoende journalistik och tydliga redaktionella riktlinjer.","og_url":"https:\/\/casinobeats.com\/se\/redaktionella-policy\/","og_site_name":"CasinoBeats Sverige","article_modified_time":"2026-03-25T08:22:01+00:00","og_image":[{"width":1035,"height":645,"url":"https:\/\/casinobeats.com\/se\/wp-content\/uploads\/sites\/5\/2026\/03\/placeholder.webp","type":"image\/webp"}],"twitter_card":"summary_large_image","twitter_misc":{"Ber\u00e4knad l\u00e4stid":"2 minuter"},"schema":{"@context":"https:\/\/schema.org","@graph":[{"@type":"Article","@id":"https:\/\/casinobeats.com\/se\/redaktionella-policy\/#article","isPartOf":{"@id":"https:\/\/casinobeats.com\/se\/redaktionella-policy\/"},"author":{"name":"Redaktionen","@id":"https:\/\/casinobeats.com\/se\/#\/schema\/person\/654ad1d3d6b73fbc197fba4b02b45bde"},"headline":"V\u00e5r redaktionella policy","datePublished":"2025-04-24T11:57:36+00:00","dateModified":"2026-03-25T08:22:01+00:00","mainEntityOfPage":{"@id":"https:\/\/casinobeats.com\/se\/redaktionella-policy\/"},"wordCount":424,"publisher":{"@id":"https:\/\/casinobeats.com\/se\/#organization"},"image":{"@id":"https:\/\/casinobeats.com\/se\/redaktionella-policy\/#primaryimage"},"thumbnailUrl":"https:\/\/casinobeats.com\/se\/wp-content\/uploads\/sites\/5\/2026\/03\/placeholder.webp","inLanguage":"sv-SE"},{"@type":"WebPage","@id":"https:\/\/casinobeats.com\/se\/redaktionella-policy\/","url":"https:\/\/casinobeats.com\/se\/redaktionella-policy\/","name":"Redaktionell policy \u2013 S\u00e5 s\u00e4kerst\u00e4ller vi redaktionell integritet","isPartOf":{"@id":"https:\/\/casinobeats.com\/se\/#website"},"primaryImageOfPage":{"@id":"https:\/\/casinobeats.com\/se\/redaktionella-policy\/#primaryimage"},"image":{"@id":"https:\/\/casinobeats.com\/se\/redaktionella-policy\/#primaryimage"},"thumbnailUrl":"https:\/\/casinobeats.com\/se\/wp-content\/uploads\/sites\/5\/2026\/03\/placeholder.webp","datePublished":"2025-04-24T11:57:36+00:00","dateModified":"2026-03-25T08:22:01+00:00","description":"L\u00e4s hur vi garanterar opartisk spelbevakning genom fakta\u00adgranskning, testning, oberoende journalistik och tydliga redaktionella riktlinjer.","breadcrumb":{"@id":"https:\/\/casinobeats.com\/se\/redaktionella-policy\/#breadcrumb"},"inLanguage":"sv-SE","potentialAction":[{"@type":"ReadAction","target":["https:\/\/casinobeats.com\/se\/redaktionella-policy\/"]}]},{"@type":"ImageObject","inLanguage":"sv-SE","@id":"https:\/\/casinobeats.com\/se\/redaktionella-policy\/#primaryimage","url":"https:\/\/casinobeats.com\/se\/wp-content\/uploads\/sites\/5\/2026\/03\/placeholder.webp","contentUrl":"https:\/\/casinobeats.com\/se\/wp-content\/uploads\/sites\/5\/2026\/03\/placeholder.webp","width":1035,"height":645},{"@type":"BreadcrumbList","@id":"https:\/\/casinobeats.com\/se\/redaktionella-policy\/#breadcrumb","itemListElement":[{"@type":"ListItem","position":1,"name":"Hem","item":"https:\/\/casinobeats.com\/se\/"},{"@type":"ListItem","position":2,"name":"V\u00e5r redaktionella policy"}]},{"@type":"WebSite","@id":"https:\/\/casinobeats.com\/se\/#website","url":"https:\/\/casinobeats.com\/se\/","name":"CasinoBeats Sverige","description":"","publisher":{"@id":"https:\/\/casinobeats.com\/se\/#organization"},"potentialAction":[{"@type":"SearchAction","target":{"@type":"EntryPoint","urlTemplate":"https:\/\/casinobeats.com\/se\/?s={search_term_string}"},"query-input":{"@type":"PropertyValueSpecification","valueRequired":true,"valueName":"search_term_string"}}],"inLanguage":"sv-SE"},{"@type":"Organization","@id":"https:\/\/casinobeats.com\/se\/#organization","name":"Casinobeats Media","url":"https:\/\/casinobeats.com\/se\/","logo":{"@type":"ImageObject","inLanguage":"sv-SE","@id":"https:\/\/casinobeats.com\/se\/#\/schema\/logo\/image\/","url":"https:\/\/casinobeats.com\/se\/wp-content\/uploads\/sites\/5\/2025\/04\/cb-white.png","contentUrl":"https:\/\/casinobeats.com\/se\/wp-content\/uploads\/sites\/5\/2025\/04\/cb-white.png","width":272,"height":90,"caption":"Casinobeats Media"},"image":{"@id":"https:\/\/casinobeats.com\/se\/#\/schema\/logo\/image\/"}},{"@type":"Person","@id":"https:\/\/casinobeats.com\/se\/#\/schema\/person\/654ad1d3d6b73fbc197fba4b02b45bde","name":"Redaktionen","image":{"@type":"ImageObject","inLanguage":"sv-SE","@id":"https:\/\/casinobeats.com\/se\/wp-content\/uploads\/sites\/5\/2025\/04\/avatar_user_123_1745938681-96x96.jpg","url":"https:\/\/casinobeats.com\/se\/wp-content\/uploads\/sites\/5\/2025\/04\/avatar_user_123_1745938681-96x96.jpg","contentUrl":"https:\/\/casinobeats.com\/se\/wp-content\/uploads\/sites\/5\/2025\/04\/avatar_user_123_1745938681-96x96.jpg","caption":"Redaktionen"},"description":"P\u00e5 Casinobeats \u00e4r vi stolta \u00f6ver att ha ett team av branschexperter som bidrar med sin omfattande kunskap och erfarenhet till v\u00e5rt redaktionella inneh\u00e5ll.","url":"https:\/\/casinobeats.com\/se\/author\/redaktionen\/"}]}},"_links":{"self":[{"href":"https:\/\/casinobeats.com\/se\/wp-json\/wp\/v2\/pages\/60","targetHints":{"allow":["GET"]}}],"collection":[{"href":"https:\/\/casinobeats.com\/se\/wp-json\/wp\/v2\/pages"}],"about":[{"href":"https:\/\/casinobeats.com\/se\/wp-json\/wp\/v2\/types\/page"}],"author":[{"embeddable":true,"href":"https:\/\/casinobeats.com\/se\/wp-json\/wp\/v2\/users\/123"}],"replies":[{"embeddable":true,"href":"https:\/\/casinobeats.com\/se\/wp-json\/wp\/v2\/comments?post=60"}],"version-history":[{"count":3,"href":"https:\/\/casinobeats.com\/se\/wp-json\/wp\/v2\/pages\/60\/revisions"}],"predecessor-version":[{"id":72508,"href":"https:\/\/casinobeats.com\/se\/wp-json\/wp\/v2\/pages\/60\/revisions\/72508"}],"wp:featuredmedia":[{"embeddable":true,"href":"https:\/\/casinobeats.com\/se\/wp-json\/wp\/v2\/media\/72449"}],"wp:attachment":[{"href":"https:\/\/casinobeats.com\/se\/wp-json\/wp\/v2\/media?parent=60"}],"wp:term":[{"taxonomy":"category","embeddable":true,"href":"https:\/\/casinobeats.com\/se\/wp-json\/wp\/v2\/categories?post=60"}],"curies":[{"name":"wp","href":"https:\/\/api.w.org\/{rel}","templated":true}]}}